{"id":38958,"date":"2023-05-30T09:57:44","date_gmt":"2023-05-30T09:57:44","guid":{"rendered":"https:\/\/occasions-teile.ch\/product\/volkswagen-passat-tuere-hinten-8\/"},"modified":"2023-05-30T09:57:49","modified_gmt":"2023-05-30T09:57:49","slug":"volkswagen-passat-tuere-hinten-8","status":"publish","type":"product","link":"https:\/\/occasions-teile.ch\/fr\/produkt\/volkswagen-passat-tuere-hinten-8\/","title":{"rendered":"Volkswagen Passat  T\u00fcre hinten"},"content":{"rendered":"<p><span><b>Donn\u00e9es techniques<\/b><\/p>\n<p> V\u00e9hicule: Volkswagen Passat<br \/>\n N\u00b0 de ch\u00e2ssis: WVWZZZ3CZ6P179495<br \/>\n Ann\u00e9e de production: 2006<br \/>\n Kilom\u00e9trage: 199231 KM<br \/>\n Puissance: 150 KW<br \/>\n Cylindr\u00e9e du moteur: 1984 ccm<br \/>\n Typ: 1vd354<br \/>\n Code couleur: blau<br \/>\n Remarques: &#8211;<\/p>\n<p> Exp\u00e9dition : L&rsquo;exp\u00e9dition n&rsquo;est disponible qu&rsquo;en Suisse. Dans d&rsquo;autres pays, l&rsquo;acheteur est responsable du transport.<br \/>\n Garantie : 3 mois de garantie. Veuillez noter que la garantie n&rsquo;est valable que si les pi\u00e8ces de rechange sont install\u00e9es par un atelier sp\u00e9cialis\u00e9\/ma\u00eetre. Le montage et le d\u00e9montage de la pi\u00e8ce de rechange ne peuvent pas nous \u00eatre factur\u00e9s.<\/p>\n<p> Pi\u00e8ce de rechange : pour d&rsquo;autres v\u00e9hicules (marques) disponible sur demande. T\u00e9l. 041 980 27 47. Portable. 076 589 27 47<\/p>\n<p>  Contact<br \/>\n   Adresse : Autoverwertung Brun AG<br \/>\n              M\u00f6\u00f6slimatten 13<br \/>\n              6218 Ettiswil<br \/>\n   T\u00e9l\u00e9phone : 0041 (041) 980 27 47<br \/>\n   T\u00e9l\u00e9fax : 0041 (041) 980 03 47<\/p>\n<p>  Nous proposons \u00e9galement d&rsquo;autres pi\u00e8ces automobiles d&rsquo;occasion \u00e0 vendre.<br \/>\n<\/span><\/p>\n","protected":false},"excerpt":{"rendered":"<p>Donn\u00e9es techniques V\u00e9hicule: Volkswagen Passat N\u00b0 de ch\u00e2ssis: WVWZZZ3CZ6P179495 Ann\u00e9e de production: 2006 Kilom\u00e9trage: 199231 KM Puissance: 150 KW Cylindr\u00e9e du moteur: 1984 ccm Typ: 1vd354 Code couleur: blau Remarques: &#8211; Exp\u00e9dition : L&rsquo;exp\u00e9dition n&rsquo;est disponible qu&rsquo;en Suisse. Dans d&rsquo;autres pays, l&rsquo;acheteur est responsable du transport. Garantie : 3 mois de garantie. Veuillez noter que&hellip; <a class=\"more-link\" href=\"https:\/\/occasions-teile.ch\/fr\/produkt\/volkswagen-passat-tuere-hinten-8\/\">Poursuivre la lecture <span class=\"screen-reader-text\">Volkswagen Passat  T\u00fcre hinten<\/span><\/a><\/p>\n","protected":false},"featured_media":38955,"template":"","meta":[],"product_brand":[],"product_cat":[734,488,491,489,733,485,1301,1303,1299,492,732,486,1280,1283,1286,2070,2071,2072],"product_tag":[],"class_list":{"0":"post-38958","1":"product","2":"type-product","3":"status-publish","4":"has-post-thumbnail","6":"product_cat-fr-arriere-des-portes","7":"product_cat-en-body-center","8":"product_cat-fr-centre-de-la-carrosserie","9":"product_cat-en-doors","10":"product_cat-en-doors-rear","11":"product_cat-de-karosserie-mitte","12":"product_cat-en_passat","13":"product_cat-fr_passat","14":"product_cat-de_passat","15":"product_cat-fr-portes","16":"product_cat-de-tuere-hinten","17":"product_cat-de-tueren","18":"product_cat-de_volkswagen","19":"product_cat-en_volkswagen","20":"product_cat-fr_volkswagen","21":"product_cat-de-wvwzzz3cz6p179495","22":"product_cat-en-wvwzzz3cz6p179495","23":"product_cat-fr-wvwzzz3cz6p179495","24":"product_shipping_class-tarif-2-fr","25":"entry","27":"first","28":"outofstock","29":"taxable","30":"shipping-taxable","31":"purchasable","32":"product-type-simple"},"jetpack_sharing_enabled":true,"_links":{"self":[{"href":"https:\/\/occasions-teile.ch\/fr\/wp-json\/wp\/v2\/product\/38958","targetHints":{"allow":["GET"]}}],"collection":[{"href":"https:\/\/occasions-teile.ch\/fr\/wp-json\/wp\/v2\/product"}],"about":[{"href":"https:\/\/occasions-teile.ch\/fr\/wp-json\/wp\/v2\/types\/product"}],"wp:featuredmedia":[{"embeddable":true,"href":"https:\/\/occasions-teile.ch\/fr\/wp-json\/wp\/v2\/media\/38955"}],"wp:attachment":[{"href":"https:\/\/occasions-teile.ch\/fr\/wp-json\/wp\/v2\/media?parent=38958"}],"wp:term":[{"taxonomy":"product_brand","embeddable":true,"href":"https:\/\/occasions-teile.ch\/fr\/wp-json\/wp\/v2\/product_brand?post=38958"},{"taxonomy":"product_cat","embeddable":true,"href":"https:\/\/occasions-teile.ch\/fr\/wp-json\/wp\/v2\/product_cat?post=38958"},{"taxonomy":"product_tag","embeddable":true,"href":"https:\/\/occasions-teile.ch\/fr\/wp-json\/wp\/v2\/product_tag?post=38958"}],"curies":[{"name":"wp","href":"https:\/\/api.w.org\/{rel}","templated":true}]}}