{"id":388340,"date":"2026-03-04T17:58:28","date_gmt":"2026-03-04T17:58:28","guid":{"rendered":"https:\/\/occasions-teile.ch\/product\/subaru-xv-turbolader\/"},"modified":"2026-03-04T17:58:33","modified_gmt":"2026-03-04T17:58:33","slug":"subaru-xv-turbolader","status":"publish","type":"product","link":"https:\/\/occasions-teile.ch\/fr\/produkt\/subaru-xv-turbolader\/","title":{"rendered":"Subaru XV  Turbolader"},"content":{"rendered":"<p><span><b>Technische Daten<\/b><\/p>\n<p> Fahrzeug: Subaru XV  2.0 D AWD<br \/>\n Chassis Nr.: JF1GPDLZ3CG002396<br \/>\n Baujahr: 2012<br \/>\n Kilometer: 116632 KM<br \/>\n Leistung: 147 KW<br \/>\n Hubraum: 1998 ccm<br \/>\n Typ: 1SC747<br \/>\n Farbcode: silber<br \/>\n Hinweise: &#8211;<\/p>\n<p> Versand: Versand nur in der Schweiz m\u00f6glich.Im Ausland ist der Transport k\u00e4uferseits.<br \/>\n Garantie: 3 Monate Garantie. Bitte beachten Sie, dass die Gew\u00e4hrleistung nur g\u00fcltig ist, wenn der Ersatzteileinbau durch eine Fachwerkstatt\/Meisterwerkstatt erfolgt. Das Ein- und Ausbau des Ersatzteiles kann nicht an uns verrechnet werden. <\/p>\n<p> Ersatzteil: f\u00fcr andere Fahrzeugen (Marken) verf\u00fcgbar auf anfrage. Tel.041 980 27 47. Mobil. 076 589 27 47<\/p>\n<p> Kontakt<br \/>\n  Adresse: Autoverwertung Brun AG<br \/>\n           M\u00f6\u00f6slimatten 13<br \/>\n           6218 Ettiswil<br \/>\n  Telefon: 0041 (041) 980 27 47<br \/>\n  Telefax: 0041 (041) 980 03 47<\/p>\n<p> Wir bieten Ihnen weitere gebrauchte Autoteile zum Kauf an.<br \/>\n Tags: Turbolader, Turbocharger, Turbocompresseur<br \/>\n<\/span><\/p>\n","protected":false},"excerpt":{"rendered":"<p>Technische Daten Fahrzeug: Subaru XV 2.0 D AWD Chassis Nr.: JF1GPDLZ3CG002396 Baujahr: 2012 Kilometer: 116632 KM Leistung: 147 KW Hubraum: 1998 ccm Typ: 1SC747 Farbcode: silber Hinweise: &#8211; Versand: Versand nur in der Schweiz m\u00f6glich.Im Ausland ist der Transport k\u00e4uferseits. Garantie: 3 Monate Garantie. Bitte beachten Sie, dass die Gew\u00e4hrleistung nur g\u00fcltig ist, wenn der&hellip; <a class=\"more-link\" href=\"https:\/\/occasions-teile.ch\/fr\/produkt\/subaru-xv-turbolader\/\">Poursuivre la lecture <span class=\"screen-reader-text\">Subaru XV  Turbolader<\/span><\/a><\/p>\n","protected":false},"featured_media":388337,"template":"","meta":[],"product_brand":[],"product_cat":[24879,24880,24881,500,497,494,1202,1205,1199,633,632,635,634,631,630,1203,1206,1200],"product_tag":[],"class_list":{"0":"post-388340","1":"product","2":"type-product","3":"status-publish","4":"has-post-thumbnail","6":"product_cat-de-jf1gpdlz3cg002396-200000580","7":"product_cat-en-jf1gpdlz3cg002396-200000580","8":"product_cat-fr-jf1gpdlz3cg002396-200000580","9":"product_cat-fr-moteur","10":"product_cat-en-motor","11":"product_cat-de-motor","12":"product_cat-en_subaru","13":"product_cat-fr_subaru","14":"product_cat-de_subaru","15":"product_cat-en-turbocharger","16":"product_cat-en-turbocharger-compressor","17":"product_cat-fr-turbocompresseur","18":"product_cat-fr-turbocompresseur-compresseur","19":"product_cat-de-turbolader","20":"product_cat-de-turbolader-kompressor","21":"product_cat-en_xv","22":"product_cat-fr_xv","23":"product_cat-de_xv","24":"product_shipping_class-tarif-1","25":"entry","27":"first","28":"instock","29":"taxable","30":"shipping-taxable","31":"purchasable","32":"product-type-simple"},"jetpack_sharing_enabled":true,"_links":{"self":[{"href":"https:\/\/occasions-teile.ch\/fr\/wp-json\/wp\/v2\/product\/388340","targetHints":{"allow":["GET"]}}],"collection":[{"href":"https:\/\/occasions-teile.ch\/fr\/wp-json\/wp\/v2\/product"}],"about":[{"href":"https:\/\/occasions-teile.ch\/fr\/wp-json\/wp\/v2\/types\/product"}],"wp:featuredmedia":[{"embeddable":true,"href":"https:\/\/occasions-teile.ch\/fr\/wp-json\/wp\/v2\/media\/388337"}],"wp:attachment":[{"href":"https:\/\/occasions-teile.ch\/fr\/wp-json\/wp\/v2\/media?parent=388340"}],"wp:term":[{"taxonomy":"product_brand","embeddable":true,"href":"https:\/\/occasions-teile.ch\/fr\/wp-json\/wp\/v2\/product_brand?post=388340"},{"taxonomy":"product_cat","embeddable":true,"href":"https:\/\/occasions-teile.ch\/fr\/wp-json\/wp\/v2\/product_cat?post=388340"},{"taxonomy":"product_tag","embeddable":true,"href":"https:\/\/occasions-teile.ch\/fr\/wp-json\/wp\/v2\/product_tag?post=388340"}],"curies":[{"name":"wp","href":"https:\/\/api.w.org\/{rel}","templated":true}]}}