{"id":387096,"date":"2026-02-27T10:11:32","date_gmt":"2026-02-27T10:11:32","guid":{"rendered":"https:\/\/occasions-teile.ch\/product\/vw-t-roc-nummernbeleuchtung\/"},"modified":"2026-02-27T10:11:43","modified_gmt":"2026-02-27T10:11:43","slug":"vw-t-roc-nummernbeleuchtung","status":"publish","type":"product","link":"https:\/\/occasions-teile.ch\/fr\/produkt\/vw-t-roc-nummernbeleuchtung\/","title":{"rendered":"VW T-Roc  Nummernbeleuchtung"},"content":{"rendered":"<p><span><b>Technische Daten<\/b><\/p>\n<p> Fahrzeug: VW T-Roc  A11 D11 1.5TSI<br \/>\n Chassis Nr.: WVGZZZA1ZNV031259<br \/>\n Baujahr: 2021<br \/>\n Kilometer: 50000 KM<br \/>\n Leistung: 150 KW<br \/>\n Hubraum: 1498 ccm<br \/>\n Typ: 1VQ870<br \/>\n Farbcode: White\/Weiss<br \/>\n Hinweise: &#8211;<\/p>\n<p> Versand: Versand nur in der Schweiz m\u00f6glich.Im Ausland ist der Transport k\u00e4uferseits.<br \/>\n Garantie: 3 Monate Garantie. Bitte beachten Sie, dass die Gew\u00e4hrleistung nur g\u00fcltig ist, wenn der Ersatzteileinbau durch eine Fachwerkstatt\/Meisterwerkstatt erfolgt. Das Ein- und Ausbau des Ersatzteiles kann nicht an uns verrechnet werden. <\/p>\n<p> Ersatzteil: f\u00fcr andere Fahrzeugen (Marken) verf\u00fcgbar auf anfrage. Tel.041 980 27 47. Mobil. 076 589 27 47<\/p>\n<p> Kontakt<br \/>\n  Adresse: Autoverwertung Brun AG<br \/>\n           M\u00f6\u00f6slimatten 13<br \/>\n           6218 Ettiswil<br \/>\n  Telefon: 0041 (041) 980 27 47<br \/>\n  Telefax: 0041 (041) 980 03 47<\/p>\n<p> Wir bieten Ihnen weitere gebrauchte Autoteile zum Kauf an.<br \/>\n Tags: Nummernbeleuchtung, Number lighting, \u00c9clairage des chiffres<br \/>\n<\/span><\/p>\n","protected":false},"excerpt":{"rendered":"<p>Technische Daten Fahrzeug: VW T-Roc A11 D11 1.5TSI Chassis Nr.: WVGZZZA1ZNV031259 Baujahr: 2021 Kilometer: 50000 KM Leistung: 150 KW Hubraum: 1498 ccm Typ: 1VQ870 Farbcode: White\/Weiss Hinweise: &#8211; Versand: Versand nur in der Schweiz m\u00f6glich.Im Ausland ist der Transport k\u00e4uferseits. Garantie: 3 Monate Garantie. Bitte beachten Sie, dass die Gew\u00e4hrleistung nur g\u00fcltig ist, wenn der&hellip; <a class=\"more-link\" href=\"https:\/\/occasions-teile.ch\/fr\/produkt\/vw-t-roc-nummernbeleuchtung\/\">Poursuivre la lecture <span class=\"screen-reader-text\">VW T-Roc  Nummernbeleuchtung<\/span><\/a><\/p>\n","protected":false},"featured_media":387093,"template":"","meta":[],"product_brand":[],"product_cat":[897,901,627,24875,624,621,899,24874,24873,5057,5058,5059,1280,1283,1286,24475,24473,24474],"product_tag":[],"class_list":{"0":"post-387096","1":"product","2":"type-product","3":"status-publish","4":"has-post-thumbnail","6":"product_cat-de-beleuchtung","7":"product_cat-fr-eclairage","8":"product_cat-fr-electricite-dispositifs-de-commande","9":"product_cat-fr-eclairage-des-chiffres","10":"product_cat-en-electrics-control-units","11":"product_cat-de-elektrik-steuergeraete","12":"product_cat-en-lighting","13":"product_cat-en-number-lighting","14":"product_cat-de-nummernbeleuchtung","15":"product_cat-de_slug_vw_santana_673","16":"product_cat-en_slug_vw_santana_122","17":"product_cat-fr_slug_vw_santana_167","18":"product_cat-de_volkswagen","19":"product_cat-en_volkswagen","20":"product_cat-fr_volkswagen","21":"product_cat-fr-wvgzzza1znv031259-200000460","22":"product_cat-de-wvgzzza1znv031259-200000460","23":"product_cat-en-wvgzzza1znv031259-200000460","24":"product_shipping_class-tarif-1","25":"entry","27":"first","28":"instock","29":"taxable","30":"shipping-taxable","31":"purchasable","32":"product-type-simple"},"jetpack_sharing_enabled":true,"_links":{"self":[{"href":"https:\/\/occasions-teile.ch\/fr\/wp-json\/wp\/v2\/product\/387096","targetHints":{"allow":["GET"]}}],"collection":[{"href":"https:\/\/occasions-teile.ch\/fr\/wp-json\/wp\/v2\/product"}],"about":[{"href":"https:\/\/occasions-teile.ch\/fr\/wp-json\/wp\/v2\/types\/product"}],"wp:featuredmedia":[{"embeddable":true,"href":"https:\/\/occasions-teile.ch\/fr\/wp-json\/wp\/v2\/media\/387093"}],"wp:attachment":[{"href":"https:\/\/occasions-teile.ch\/fr\/wp-json\/wp\/v2\/media?parent=387096"}],"wp:term":[{"taxonomy":"product_brand","embeddable":true,"href":"https:\/\/occasions-teile.ch\/fr\/wp-json\/wp\/v2\/product_brand?post=387096"},{"taxonomy":"product_cat","embeddable":true,"href":"https:\/\/occasions-teile.ch\/fr\/wp-json\/wp\/v2\/product_cat?post=387096"},{"taxonomy":"product_tag","embeddable":true,"href":"https:\/\/occasions-teile.ch\/fr\/wp-json\/wp\/v2\/product_tag?post=387096"}],"curies":[{"name":"wp","href":"https:\/\/api.w.org\/{rel}","templated":true}]}}