{"id":384709,"date":"2026-02-11T13:49:48","date_gmt":"2026-02-11T13:49:48","guid":{"rendered":"https:\/\/occasions-teile.ch\/product\/bmw-1-serien-135-wischermotor-vorne\/"},"modified":"2026-02-11T13:49:58","modified_gmt":"2026-02-11T13:49:58","slug":"bmw-1-serien-135-wischermotor-vorne","status":"publish","type":"product","link":"https:\/\/occasions-teile.ch\/fr\/produkt\/bmw-1-serien-135-wischermotor-vorne\/","title":{"rendered":"BMW 1-serien 135 Wischermotor vorne"},"content":{"rendered":"<p><span><b>Technische Daten<\/b><\/p>\n<p> Fahrzeug: BMW 1-serien 135 F40 M135i xDrive<br \/>\n Chassis Nr.: WBA7L110707H81357<br \/>\n Baujahr: 2021<br \/>\n Kilometer: 52227 KM<br \/>\n Leistung: 306 KW<br \/>\n Hubraum: 1198 ccm<br \/>\n Typ: 1BS885<br \/>\n Farbcode: Schwarz<br \/>\n Hinweise: &#8211;<\/p>\n<p> Versand: Versand nur in der Schweiz m\u00f6glich.Im Ausland ist der Transport k\u00e4uferseits.<br \/>\n Garantie: 3 Monate Garantie. Bitte beachten Sie, dass die Gew\u00e4hrleistung nur g\u00fcltig ist, wenn der Ersatzteileinbau durch eine Fachwerkstatt\/Meisterwerkstatt erfolgt. Das Ein- und Ausbau des Ersatzteiles kann nicht an uns verrechnet werden. <\/p>\n<p> Ersatzteil: f\u00fcr andere Fahrzeugen (Marken) verf\u00fcgbar auf anfrage. Tel.041 980 27 47. Mobil. 076 589 27 47<\/p>\n<p> Kontakt<br \/>\n  Adresse: Autoverwertung Brun AG<br \/>\n           M\u00f6\u00f6slimatten 13<br \/>\n           6218 Ettiswil<br \/>\n  Telefon: 0041 (041) 980 27 47<br \/>\n  Telefax: 0041 (041) 980 03 47<\/p>\n<p> Wir bieten Ihnen weitere gebrauchte Autoteile zum Kauf an.<br \/>\n Tags: Wischermotor vorne, Wiper motor front, Moteur d&rsquo;essuie-glace avant<br \/>\n<\/span><\/p>\n","protected":false},"excerpt":{"rendered":"<p>Technische Daten Fahrzeug: BMW 1-serien 135 F40 M135i xDrive Chassis Nr.: WBA7L110707H81357 Baujahr: 2021 Kilometer: 52227 KM Leistung: 306 KW Hubraum: 1198 ccm Typ: 1BS885 Farbcode: Schwarz Hinweise: &#8211; Versand: Versand nur in der Schweiz m\u00f6glich.Im Ausland ist der Transport k\u00e4uferseits. Garantie: 3 Monate Garantie. Bitte beachten Sie, dass die Gew\u00e4hrleistung nur g\u00fcltig ist, wenn&hellip; <a class=\"more-link\" href=\"https:\/\/occasions-teile.ch\/fr\/produkt\/bmw-1-serien-135-wischermotor-vorne\/\">Poursuivre la lecture <span class=\"screen-reader-text\">BMW 1-serien 135 Wischermotor vorne<\/span><\/a><\/p>\n","protected":false},"featured_media":384706,"template":"","meta":[],"product_brand":[],"product_cat":[1749,1745,1747,1512,1515,1509,676,677,675,669,24843,24844,24845,672,674,673,670,671],"product_tag":[],"class_list":{"0":"post-384709","1":"product","2":"type-product","3":"status-publish","4":"has-post-thumbnail","6":"product_cat-fr_1-serien-135","7":"product_cat-de_1-serien-135","8":"product_cat-en_1-serien-135","9":"product_cat-en_bmw","10":"product_cat-fr_bmw","11":"product_cat-de_bmw","12":"product_cat-fr-moteur-dessuie-glace-avant","13":"product_cat-fr-moteur-dessuie-glace-avant-fr-moteur-dessuie-glace-avant","14":"product_cat-fr-nettoyage-des-vitres","15":"product_cat-de-scheibenreinigung","16":"product_cat-de-wba7l110707h81357-200000572","17":"product_cat-en-wba7l110707h81357-200000572","18":"product_cat-fr-wba7l110707h81357-200000572","19":"product_cat-en-window-cleaning","20":"product_cat-en-wiper-motor-front-en-wiper-motor-front","21":"product_cat-en-wiper-motor-front","22":"product_cat-de-wischermotorvorn","23":"product_cat-de-wischermotorvorn-de-wischermotorvorn","24":"product_shipping_class-tarif-1","25":"entry","27":"first","28":"instock","29":"taxable","30":"shipping-taxable","31":"purchasable","32":"product-type-simple"},"jetpack_sharing_enabled":true,"_links":{"self":[{"href":"https:\/\/occasions-teile.ch\/fr\/wp-json\/wp\/v2\/product\/384709","targetHints":{"allow":["GET"]}}],"collection":[{"href":"https:\/\/occasions-teile.ch\/fr\/wp-json\/wp\/v2\/product"}],"about":[{"href":"https:\/\/occasions-teile.ch\/fr\/wp-json\/wp\/v2\/types\/product"}],"wp:featuredmedia":[{"embeddable":true,"href":"https:\/\/occasions-teile.ch\/fr\/wp-json\/wp\/v2\/media\/384706"}],"wp:attachment":[{"href":"https:\/\/occasions-teile.ch\/fr\/wp-json\/wp\/v2\/media?parent=384709"}],"wp:term":[{"taxonomy":"product_brand","embeddable":true,"href":"https:\/\/occasions-teile.ch\/fr\/wp-json\/wp\/v2\/product_brand?post=384709"},{"taxonomy":"product_cat","embeddable":true,"href":"https:\/\/occasions-teile.ch\/fr\/wp-json\/wp\/v2\/product_cat?post=384709"},{"taxonomy":"product_tag","embeddable":true,"href":"https:\/\/occasions-teile.ch\/fr\/wp-json\/wp\/v2\/product_tag?post=384709"}],"curies":[{"name":"wp","href":"https:\/\/api.w.org\/{rel}","templated":true}]}}