{"id":383505,"date":"2026-02-04T15:47:03","date_gmt":"2026-02-04T15:47:03","guid":{"rendered":"https:\/\/occasions-teile.ch\/product\/vw-t5-komfortsteuergeraet\/"},"modified":"2026-02-10T07:58:41","modified_gmt":"2026-02-10T07:58:41","slug":"vw-t5-komfortsteuergeraet","status":"publish","type":"product","link":"https:\/\/occasions-teile.ch\/fr\/produkt\/vw-t5-komfortsteuergeraet\/","title":{"rendered":"VW T5  Komfortsteuerger\u00e4t"},"content":{"rendered":"<p><span><b>Technische Daten<\/b><\/p>\n<p> Fahrzeug: VW T5  california<br \/>\n Chassis Nr.: WV1ZZZ7HZBH055981<br \/>\n Baujahr: 2011<br \/>\n Kilometer: 203600 KM<br \/>\n Leistung: 102 KW<br \/>\n Hubraum: 1968 ccm<br \/>\n Typ: 3VD640<br \/>\n Farbcode: rot<br \/>\n Hinweise: &#8211;<\/p>\n<p> Versand: Versand nur in der Schweiz m\u00f6glich.Im Ausland ist der Transport k\u00e4uferseits.<br \/>\n Garantie: 3 Monate Garantie. Bitte beachten Sie, dass die Gew\u00e4hrleistung nur g\u00fcltig ist, wenn der Ersatzteileinbau durch eine Fachwerkstatt\/Meisterwerkstatt erfolgt. Das Ein- und Ausbau des Ersatzteiles kann nicht an uns verrechnet werden. <\/p>\n<p> Ersatzteil: f\u00fcr andere Fahrzeugen (Marken) verf\u00fcgbar auf anfrage. Tel.041 980 27 47. Mobil. 076 589 27 47<\/p>\n<p> Kontakt<br \/>\n  Adresse: Autoverwertung Brun AG<br \/>\n           M\u00f6\u00f6slimatten 13<br \/>\n           6218 Ettiswil<br \/>\n  Telefon: 0041 (041) 980 27 47<br \/>\n  Telefax: 0041 (041) 980 03 47<\/p>\n<p> Wir bieten Ihnen weitere gebrauchte Autoteile zum Kauf an.<br \/>\n Tags: Komfortsteuerger\u00e4t, comfort control unit, calculateur de confort<br \/>\n<\/span><\/p>\n","protected":false},"excerpt":{"rendered":"<p>Technische Daten Fahrzeug: VW T5 california Chassis Nr.: WV1ZZZ7HZBH055981 Baujahr: 2011 Kilometer: 203600 KM Leistung: 102 KW Hubraum: 1968 ccm Typ: 3VD640 Farbcode: rot Hinweise: &#8211; Versand: Versand nur in der Schweiz m\u00f6glich.Im Ausland ist der Transport k\u00e4uferseits. Garantie: 3 Monate Garantie. Bitte beachten Sie, dass die Gew\u00e4hrleistung nur g\u00fcltig ist, wenn der Ersatzteileinbau durch&hellip; <a class=\"more-link\" href=\"https:\/\/occasions-teile.ch\/fr\/produkt\/vw-t5-komfortsteuergeraet\/\">Poursuivre la lecture <span class=\"screen-reader-text\">VW T5  Komfortsteuerger\u00e4t<\/span><\/a><\/p>\n","protected":false},"featured_media":383502,"template":"","meta":[],"product_brand":[],"product_cat":[1236,897,1235,901,627,624,621,899,1234,1549,1551,1547,1280,1283,1286,24520,24518,24519],"product_tag":[],"class_list":{"0":"post-383505","1":"product","2":"type-product","3":"status-publish","4":"has-post-thumbnail","6":"product_cat-fr-appareils-de-commandecapteursautres","7":"product_cat-de-beleuchtung","8":"product_cat-en-control-unitssensorsother","9":"product_cat-fr-eclairage","10":"product_cat-fr-electricite-dispositifs-de-commande","11":"product_cat-en-electrics-control-units","12":"product_cat-de-elektrik-steuergeraete","13":"product_cat-en-lighting","14":"product_cat-de-steuergeraete-sensorensonstiges","15":"product_cat-en_t5","16":"product_cat-fr_t5","17":"product_cat-de_t5","18":"product_cat-de_volkswagen","19":"product_cat-en_volkswagen","20":"product_cat-fr_volkswagen","21":"product_cat-fr-wv1zzz7hzbh055981-200000472","22":"product_cat-de-wv1zzz7hzbh055981-200000472","23":"product_cat-en-wv1zzz7hzbh055981-200000472","24":"product_shipping_class-tarif-1","25":"entry","27":"first","28":"instock","29":"taxable","30":"shipping-taxable","31":"purchasable","32":"product-type-simple"},"jetpack_sharing_enabled":true,"_links":{"self":[{"href":"https:\/\/occasions-teile.ch\/fr\/wp-json\/wp\/v2\/product\/383505","targetHints":{"allow":["GET"]}}],"collection":[{"href":"https:\/\/occasions-teile.ch\/fr\/wp-json\/wp\/v2\/product"}],"about":[{"href":"https:\/\/occasions-teile.ch\/fr\/wp-json\/wp\/v2\/types\/product"}],"wp:featuredmedia":[{"embeddable":true,"href":"https:\/\/occasions-teile.ch\/fr\/wp-json\/wp\/v2\/media\/383502"}],"wp:attachment":[{"href":"https:\/\/occasions-teile.ch\/fr\/wp-json\/wp\/v2\/media?parent=383505"}],"wp:term":[{"taxonomy":"product_brand","embeddable":true,"href":"https:\/\/occasions-teile.ch\/fr\/wp-json\/wp\/v2\/product_brand?post=383505"},{"taxonomy":"product_cat","embeddable":true,"href":"https:\/\/occasions-teile.ch\/fr\/wp-json\/wp\/v2\/product_cat?post=383505"},{"taxonomy":"product_tag","embeddable":true,"href":"https:\/\/occasions-teile.ch\/fr\/wp-json\/wp\/v2\/product_tag?post=383505"}],"curies":[{"name":"wp","href":"https:\/\/api.w.org\/{rel}","templated":true}]}}