{"id":382626,"date":"2026-01-29T14:25:51","date_gmt":"2026-01-29T14:25:51","guid":{"rendered":"https:\/\/occasions-teile.ch\/product\/subaru-legacy-outback-achs-vorne-achskoerper\/"},"modified":"2026-01-29T14:26:17","modified_gmt":"2026-01-29T14:26:17","slug":"subaru-legacy-outback-achs-vorne-achskoerper","status":"publish","type":"product","link":"https:\/\/occasions-teile.ch\/fr\/produkt\/subaru-legacy-outback-achs-vorne-achskoerper\/","title":{"rendered":"Subaru Legacy\/Outback  Achs vorne Achsk\u00f6rper"},"content":{"rendered":"<p><span><b>Technische Daten<\/b><\/p>\n<p> Fahrzeug: Subaru Legacy\/Outback<br \/>\n Chassis Nr.: JF1BSDLY2FG013530<br \/>\n Baujahr: 2015<br \/>\n Kilometer: 264184 KM<br \/>\n Leistung: 150 KW<br \/>\n Hubraum: 1998 ccm<br \/>\n Typ: 1SC781<br \/>\n Farbcode: White\/Weiss<br \/>\n Hinweise: &#8211;<\/p>\n<p> Versand: Versand nur in der Schweiz m\u00f6glich.Im Ausland ist der Transport k\u00e4uferseits.<br \/>\n Garantie: 3 Monate Garantie. Bitte beachten Sie, dass die Gew\u00e4hrleistung nur g\u00fcltig ist, wenn der Ersatzteileinbau durch eine Fachwerkstatt\/Meisterwerkstatt erfolgt. Das Ein- und Ausbau des Ersatzteiles kann nicht an uns verrechnet werden. <\/p>\n<p> Ersatzteil: f\u00fcr andere Fahrzeugen (Marken) verf\u00fcgbar auf anfrage. Tel.041 980 27 47. Mobil. 076 589 27 47<\/p>\n<p> Kontakt<br \/>\n  Adresse: Autoverwertung Brun AG<br \/>\n           M\u00f6\u00f6slimatten 13<br \/>\n           6218 Ettiswil<br \/>\n  Telefon: 0041 (041) 980 27 47<br \/>\n  Telefax: 0041 (041) 980 03 47<\/p>\n<p> Wir bieten Ihnen weitere gebrauchte Autoteile zum Kauf an.<br \/>\n Tags: Achs vorne Achsk\u00f6rper, Convertible top complete, Capote comple`te<br \/>\n<\/span><\/p>\n","protected":false},"excerpt":{"rendered":"<p>Technische Daten Fahrzeug: Subaru Legacy\/Outback Chassis Nr.: JF1BSDLY2FG013530 Baujahr: 2015 Kilometer: 264184 KM Leistung: 150 KW Hubraum: 1998 ccm Typ: 1SC781 Farbcode: White\/Weiss Hinweise: &#8211; Versand: Versand nur in der Schweiz m\u00f6glich.Im Ausland ist der Transport k\u00e4uferseits. Garantie: 3 Monate Garantie. Bitte beachten Sie, dass die Gew\u00e4hrleistung nur g\u00fcltig ist, wenn der Ersatzteileinbau durch eine&hellip; <a class=\"more-link\" href=\"https:\/\/occasions-teile.ch\/fr\/produkt\/subaru-legacy-outback-achs-vorne-achskoerper\/\">Poursuivre la lecture <span class=\"screen-reader-text\">Subaru Legacy\/Outback  Achs vorne Achsk\u00f6rper<\/span><\/a><\/p>\n","protected":false},"featured_media":382623,"template":"","meta":[],"product_brand":[],"product_cat":[721,488,720,725,724,491,723,722,24828,24829,24830,485,2027,2023,2025,1199,1202,1205],"product_tag":[],"class_list":{"0":"post-382626","1":"product","2":"type-product","3":"status-publish","4":"has-post-thumbnail","6":"product_cat-de-achs-vorne-achskoerper","7":"product_cat-en-body-center","8":"product_cat-de-cabrioverdeck-hardtop","9":"product_cat-fr-capote-complete","10":"product_cat-fr-capote-de-cabriolet-toit-rigide","11":"product_cat-fr-centre-de-la-carrosserie","12":"product_cat-en-convertible-top-complete","13":"product_cat-en-convertible-top-hardtop","14":"product_cat-de-jf1bsdly2fg013530-200000563","15":"product_cat-en-jf1bsdly2fg013530-200000563","16":"product_cat-fr-jf1bsdly2fg013530-200000563","17":"product_cat-de-karosserie-mitte","18":"product_cat-fr_legacy-outback","19":"product_cat-de_legacy-outback","20":"product_cat-en_legacy-outback","21":"product_cat-de_subaru","22":"product_cat-en_subaru","23":"product_cat-fr_subaru","24":"product_shipping_class-tarif-4","25":"entry","27":"first","28":"instock","29":"taxable","30":"shipping-taxable","31":"purchasable","32":"product-type-simple"},"jetpack_sharing_enabled":true,"_links":{"self":[{"href":"https:\/\/occasions-teile.ch\/fr\/wp-json\/wp\/v2\/product\/382626","targetHints":{"allow":["GET"]}}],"collection":[{"href":"https:\/\/occasions-teile.ch\/fr\/wp-json\/wp\/v2\/product"}],"about":[{"href":"https:\/\/occasions-teile.ch\/fr\/wp-json\/wp\/v2\/types\/product"}],"wp:featuredmedia":[{"embeddable":true,"href":"https:\/\/occasions-teile.ch\/fr\/wp-json\/wp\/v2\/media\/382623"}],"wp:attachment":[{"href":"https:\/\/occasions-teile.ch\/fr\/wp-json\/wp\/v2\/media?parent=382626"}],"wp:term":[{"taxonomy":"product_brand","embeddable":true,"href":"https:\/\/occasions-teile.ch\/fr\/wp-json\/wp\/v2\/product_brand?post=382626"},{"taxonomy":"product_cat","embeddable":true,"href":"https:\/\/occasions-teile.ch\/fr\/wp-json\/wp\/v2\/product_cat?post=382626"},{"taxonomy":"product_tag","embeddable":true,"href":"https:\/\/occasions-teile.ch\/fr\/wp-json\/wp\/v2\/product_tag?post=382626"}],"curies":[{"name":"wp","href":"https:\/\/api.w.org\/{rel}","templated":true}]}}