{"id":382508,"date":"2026-01-29T09:43:09","date_gmt":"2026-01-29T09:43:09","guid":{"rendered":"https:\/\/occasions-teile.ch\/product\/opel-vivaro-schlaeuche-rohre-ladeluftschlauch-3\/"},"modified":"2026-01-29T09:43:21","modified_gmt":"2026-01-29T09:43:21","slug":"opel-vivaro-schlaeuche-rohre-ladeluftschlauch-3","status":"publish","type":"product","link":"https:\/\/occasions-teile.ch\/fr\/produkt\/opel-vivaro-schlaeuche-rohre-ladeluftschlauch-3\/","title":{"rendered":"Opel Vivaro  Schl\u00e4uche Rohre Ladeluftschlauch"},"content":{"rendered":"<p><span><b>Technische Daten<\/b><\/p>\n<p> Fahrzeug: Opel Vivaro  B Kasten 1.6CDTI<br \/>\n Chassis Nr.: W0LF7F608HS020236<br \/>\n Baujahr: 2017<br \/>\n Kilometer: 221972 KM<br \/>\n Leistung: 95 KW<br \/>\n Hubraum: 1598 ccm<br \/>\n Typ: 3OB158<br \/>\n Farbcode: White\/Weiss<br \/>\n Hinweise: &#8211;<\/p>\n<p> Versand: Versand nur in der Schweiz m\u00f6glich.Im Ausland ist der Transport k\u00e4uferseits.<br \/>\n Garantie: 3 Monate Garantie. Bitte beachten Sie, dass die Gew\u00e4hrleistung nur g\u00fcltig ist, wenn der Ersatzteileinbau durch eine Fachwerkstatt\/Meisterwerkstatt erfolgt. Das Ein- und Ausbau des Ersatzteiles kann nicht an uns verrechnet werden. <\/p>\n<p> Ersatzteil: f\u00fcr andere Fahrzeugen (Marken) verf\u00fcgbar auf anfrage. Tel.041 980 27 47. Mobil. 076 589 27 47<\/p>\n<p> Kontakt<br \/>\n  Adresse: Autoverwertung Brun AG<br \/>\n           M\u00f6\u00f6slimatten 13<br \/>\n           6218 Ettiswil<br \/>\n  Telefon: 0041 (041) 980 27 47<br \/>\n  Telefax: 0041 (041) 980 03 47<\/p>\n<p> Wir bieten Ihnen weitere gebrauchte Autoteile zum Kauf an.<br \/>\n Tags: Schl\u00e4uche Rohre Ladeluftschlauch , Hoses&amp; Pipes Charge air , Tuyaux &amp; tubes Air de charge<br \/>\n<\/span><\/p>\n","protected":false},"excerpt":{"rendered":"<p>Technische Daten Fahrzeug: Opel Vivaro B Kasten 1.6CDTI Chassis Nr.: W0LF7F608HS020236 Baujahr: 2017 Kilometer: 221972 KM Leistung: 95 KW Hubraum: 1598 ccm Typ: 3OB158 Farbcode: White\/Weiss Hinweise: &#8211; Versand: Versand nur in der Schweiz m\u00f6glich.Im Ausland ist der Transport k\u00e4uferseits. Garantie: 3 Monate Garantie. Bitte beachten Sie, dass die Gew\u00e4hrleistung nur g\u00fcltig ist, wenn der&hellip; <a class=\"more-link\" href=\"https:\/\/occasions-teile.ch\/fr\/produkt\/opel-vivaro-schlaeuche-rohre-ladeluftschlauch-3\/\">Poursuivre la lecture <span class=\"screen-reader-text\">Opel Vivaro  Schl\u00e4uche Rohre Ladeluftschlauch<\/span><\/a><\/p>\n","protected":false},"featured_media":382505,"template":"","meta":[],"product_brand":[],"product_cat":[6122,6386,6121,500,494,497,613,616,619,6385,6123,6387,2266,2262,2264,24661,24659,24660],"product_tag":[],"class_list":{"0":"post-382508","1":"product","2":"type-product","3":"status-publish","4":"has-post-thumbnail","6":"product_cat-en-air-fuel-system-motor","7":"product_cat-en-hoses-pipes-charge-air-luft-kraftstoffsystem","8":"product_cat-de-luft-kraftstoffsystem-motor","9":"product_cat-fr-moteur","10":"product_cat-de-motor","11":"product_cat-en-motor","12":"product_cat-de_opel","13":"product_cat-en_opel","14":"product_cat-fr_opel","15":"product_cat-de-schlaeuche-rohre-ladeluftschlauch-luft-kraftstoffsystem","16":"product_cat-fr-systeme-de-carburant-a-air-motor","17":"product_cat-fr-tuyaux-tubes-air-de-charge-luft-kraftstoffsystem","18":"product_cat-fr_vivaro","19":"product_cat-de_vivaro","20":"product_cat-en_vivaro","21":"product_cat-fr-w0lf7f608hs020236-200000517","22":"product_cat-de-w0lf7f608hs020236-200000517","23":"product_cat-en-w0lf7f608hs020236-200000517","24":"product_shipping_class-tarif-1","25":"entry","27":"first","28":"instock","29":"taxable","30":"shipping-taxable","31":"purchasable","32":"product-type-simple"},"jetpack_sharing_enabled":true,"_links":{"self":[{"href":"https:\/\/occasions-teile.ch\/fr\/wp-json\/wp\/v2\/product\/382508","targetHints":{"allow":["GET"]}}],"collection":[{"href":"https:\/\/occasions-teile.ch\/fr\/wp-json\/wp\/v2\/product"}],"about":[{"href":"https:\/\/occasions-teile.ch\/fr\/wp-json\/wp\/v2\/types\/product"}],"wp:featuredmedia":[{"embeddable":true,"href":"https:\/\/occasions-teile.ch\/fr\/wp-json\/wp\/v2\/media\/382505"}],"wp:attachment":[{"href":"https:\/\/occasions-teile.ch\/fr\/wp-json\/wp\/v2\/media?parent=382508"}],"wp:term":[{"taxonomy":"product_brand","embeddable":true,"href":"https:\/\/occasions-teile.ch\/fr\/wp-json\/wp\/v2\/product_brand?post=382508"},{"taxonomy":"product_cat","embeddable":true,"href":"https:\/\/occasions-teile.ch\/fr\/wp-json\/wp\/v2\/product_cat?post=382508"},{"taxonomy":"product_tag","embeddable":true,"href":"https:\/\/occasions-teile.ch\/fr\/wp-json\/wp\/v2\/product_tag?post=382508"}],"curies":[{"name":"wp","href":"https:\/\/api.w.org\/{rel}","templated":true}]}}