{"id":382228,"date":"2026-01-28T08:12:55","date_gmt":"2026-01-28T08:12:55","guid":{"rendered":"https:\/\/occasions-teile.ch\/product\/seat-leon-lenkwinkelsensor-schleifring-6\/"},"modified":"2026-01-28T08:13:11","modified_gmt":"2026-01-28T08:13:11","slug":"seat-leon-lenkwinkelsensor-schleifring-6","status":"publish","type":"product","link":"https:\/\/occasions-teile.ch\/fr\/produkt\/seat-leon-lenkwinkelsensor-schleifring-6\/","title":{"rendered":"SEAT Leon  Lenkwinkelsensor Schleifring"},"content":{"rendered":"<p><span><b>Technische Daten<\/b><\/p>\n<p> Fahrzeug: SEAT Leon  1.5 TSI<br \/>\n Chassis Nr.: VSSZZZKLZNR030476<br \/>\n Baujahr: 2022<br \/>\n Kilometer: 150000 KM<br \/>\n Leistung: 131 KW<br \/>\n Hubraum: 1498 ccm<br \/>\n Typ: 1SJ543<br \/>\n Farbcode: grau<br \/>\n Hinweise: Achtung Auto hatte hinten brandschaden daher Russ vorhanden ist aber gepr\u00fcft und ist in Ordnung.<\/p>\n<p> Versand: Versand nur in der Schweiz m\u00f6glich.Im Ausland ist der Transport k\u00e4uferseits.<br \/>\n Garantie: 3 Monate Garantie. Bitte beachten Sie, dass die Gew\u00e4hrleistung nur g\u00fcltig ist, wenn der Ersatzteileinbau durch eine Fachwerkstatt\/Meisterwerkstatt erfolgt. Das Ein- und Ausbau des Ersatzteiles kann nicht an uns verrechnet werden. <\/p>\n<p> Ersatzteil: f\u00fcr andere Fahrzeugen (Marken) verf\u00fcgbar auf anfrage. Tel.041 980 27 47. Mobil. 076 589 27 47<\/p>\n<p> Kontakt<br \/>\n  Adresse: Autoverwertung Brun AG<br \/>\n           M\u00f6\u00f6slimatten 13<br \/>\n           6218 Ettiswil<br \/>\n  Telefon: 0041 (041) 980 27 47<br \/>\n  Telefax: 0041 (041) 980 03 47<\/p>\n<p> Wir bieten Ihnen weitere gebrauchte Autoteile zum Kauf an.<br \/>\n Tags: Lenkwinkelsensor Schleifring, Steering angle sensor slip ring, Bague collectrice du capteur d&rsquo;angle de braquage<br \/>\n<\/span><\/p>\n","protected":false},"excerpt":{"rendered":"<p>Technische Daten Fahrzeug: SEAT Leon 1.5 TSI Chassis Nr.: VSSZZZKLZNR030476 Baujahr: 2022 Kilometer: 150000 KM Leistung: 131 KW Hubraum: 1498 ccm Typ: 1SJ543 Farbcode: grau Hinweise: Achtung Auto hatte hinten brandschaden daher Russ vorhanden ist aber gepr\u00fcft und ist in Ordnung. Versand: Versand nur in der Schweiz m\u00f6glich.Im Ausland ist der Transport k\u00e4uferseits. Garantie: 3&hellip; <a class=\"more-link\" href=\"https:\/\/occasions-teile.ch\/fr\/produkt\/seat-leon-lenkwinkelsensor-schleifring-6\/\">Poursuivre la lecture <span class=\"screen-reader-text\">SEAT Leon  Lenkwinkelsensor Schleifring<\/span><\/a><\/p>\n","protected":false},"featured_media":382225,"template":"","meta":[],"product_brand":[],"product_cat":[1139,1140,541,541,1495,1495,1495,1494,1494,1494,1140,1139,1140,1139,541,24825,24825,24825],"product_tag":[],"class_list":{"0":"post-382228","1":"product","2":"type-product","3":"status-publish","4":"has-post-thumbnail","6":"product_cat-de-sensorenschleifring","7":"product_cat-de-sensoren-schleifring","8":"product_cat-de-fahrwerk-lenkung","10":"product_cat-de_leon","13":"product_cat-de_seat","21":"product_cat-de-vsszzzklznr030476-200000549","24":"product_shipping_class-tarif-1","25":"entry","27":"first","28":"instock","29":"taxable","30":"shipping-taxable","31":"purchasable","32":"product-type-simple"},"jetpack_sharing_enabled":true,"_links":{"self":[{"href":"https:\/\/occasions-teile.ch\/fr\/wp-json\/wp\/v2\/product\/382228","targetHints":{"allow":["GET"]}}],"collection":[{"href":"https:\/\/occasions-teile.ch\/fr\/wp-json\/wp\/v2\/product"}],"about":[{"href":"https:\/\/occasions-teile.ch\/fr\/wp-json\/wp\/v2\/types\/product"}],"wp:featuredmedia":[{"embeddable":true,"href":"https:\/\/occasions-teile.ch\/fr\/wp-json\/wp\/v2\/media\/382225"}],"wp:attachment":[{"href":"https:\/\/occasions-teile.ch\/fr\/wp-json\/wp\/v2\/media?parent=382228"}],"wp:term":[{"taxonomy":"product_brand","embeddable":true,"href":"https:\/\/occasions-teile.ch\/fr\/wp-json\/wp\/v2\/product_brand?post=382228"},{"taxonomy":"product_cat","embeddable":true,"href":"https:\/\/occasions-teile.ch\/fr\/wp-json\/wp\/v2\/product_cat?post=382228"},{"taxonomy":"product_tag","embeddable":true,"href":"https:\/\/occasions-teile.ch\/fr\/wp-json\/wp\/v2\/product_tag?post=382228"}],"curies":[{"name":"wp","href":"https:\/\/api.w.org\/{rel}","templated":true}]}}