{"id":382156,"date":"2026-01-27T14:44:32","date_gmt":"2026-01-27T14:44:32","guid":{"rendered":"https:\/\/occasions-teile.ch\/product\/seat-leon-elektroluefter-lueftermotor-kuehler-5\/"},"modified":"2026-01-27T14:44:43","modified_gmt":"2026-01-27T14:44:43","slug":"seat-leon-elektroluefter-lueftermotor-kuehler-5","status":"publish","type":"product","link":"https:\/\/occasions-teile.ch\/fr\/produkt\/seat-leon-elektroluefter-lueftermotor-kuehler-5\/","title":{"rendered":"SEAT Leon  Elektrol\u00fcfter L\u00fcftermotor (K\u00fchler)"},"content":{"rendered":"<p><span><b>Technische Daten<\/b><\/p>\n<p> Fahrzeug: SEAT Leon  1.5 TSI<br \/>\n Chassis Nr.: VSSZZZKLZNR030476<br \/>\n Baujahr: 2022<br \/>\n Kilometer: 150000 KM<br \/>\n Leistung: 131 KW<br \/>\n Hubraum: 1498 ccm<br \/>\n Typ: 1SJ543<br \/>\n Farbcode: grau<br \/>\n Hinweise: &#8211;<\/p>\n<p> Versand: Versand nur in der Schweiz m\u00f6glich.Im Ausland ist der Transport k\u00e4uferseits.<br \/>\n Garantie: 3 Monate Garantie. Bitte beachten Sie, dass die Gew\u00e4hrleistung nur g\u00fcltig ist, wenn der Ersatzteileinbau durch eine Fachwerkstatt\/Meisterwerkstatt erfolgt. Das Ein- und Ausbau des Ersatzteiles kann nicht an uns verrechnet werden. <\/p>\n<p> Ersatzteil: f\u00fcr andere Fahrzeugen (Marken) verf\u00fcgbar auf anfrage. Tel.041 980 27 47. Mobil. 076 589 27 47<\/p>\n<p> Kontakt<br \/>\n  Adresse: Autoverwertung Brun AG<br \/>\n           M\u00f6\u00f6slimatten 13<br \/>\n           6218 Ettiswil<br \/>\n  Telefon: 0041 (041) 980 27 47<br \/>\n  Telefax: 0041 (041) 980 03 47<\/p>\n<p> Wir bieten Ihnen weitere gebrauchte Autoteile zum Kauf an.<br \/>\n Tags: Elektrol\u00fcfter L\u00fcftermotor (K\u00fchler), Electric fan fan motor (cooler), Pompes a` eau pompes a` eau supple\u00b4mentaires<br \/>\n<\/span><\/p>\n","protected":false},"excerpt":{"rendered":"<p>Technische Daten Fahrzeug: SEAT Leon 1.5 TSI Chassis Nr.: VSSZZZKLZNR030476 Baujahr: 2022 Kilometer: 150000 KM Leistung: 131 KW Hubraum: 1498 ccm Typ: 1SJ543 Farbcode: grau Hinweise: &#8211; Versand: Versand nur in der Schweiz m\u00f6glich.Im Ausland ist der Transport k\u00e4uferseits. Garantie: 3 Monate Garantie. Bitte beachten Sie, dass die Gew\u00e4hrleistung nur g\u00fcltig ist, wenn der Ersatzteileinbau&hellip; <a class=\"more-link\" href=\"https:\/\/occasions-teile.ch\/fr\/produkt\/seat-leon-elektroluefter-lueftermotor-kuehler-5\/\">Poursuivre la lecture <span class=\"screen-reader-text\">SEAT Leon  Elektrol\u00fcfter L\u00fcftermotor (K\u00fchler)<\/span><\/a><\/p>\n","protected":false},"featured_media":382153,"template":"","meta":[],"product_brand":[],"product_cat":[999,1322,1322,999,1495,1495,1495,494,494,494,1322,999,1494,1494,1494,24825,24825,24825],"product_tag":[],"class_list":{"0":"post-382156","1":"product","2":"type-product","3":"status-publish","4":"has-post-thumbnail","6":"product_cat-de-kuehlungmotor","7":"product_cat-de-elektroluefter-lueftermotor-kuehler","10":"product_cat-de_leon","13":"product_cat-de-motor","18":"product_cat-de_seat","21":"product_cat-de-vsszzzklznr030476-200000549","24":"product_shipping_class-tarif-5","25":"entry","27":"first","28":"instock","29":"taxable","30":"shipping-taxable","31":"purchasable","32":"product-type-simple"},"jetpack_sharing_enabled":true,"_links":{"self":[{"href":"https:\/\/occasions-teile.ch\/fr\/wp-json\/wp\/v2\/product\/382156","targetHints":{"allow":["GET"]}}],"collection":[{"href":"https:\/\/occasions-teile.ch\/fr\/wp-json\/wp\/v2\/product"}],"about":[{"href":"https:\/\/occasions-teile.ch\/fr\/wp-json\/wp\/v2\/types\/product"}],"wp:featuredmedia":[{"embeddable":true,"href":"https:\/\/occasions-teile.ch\/fr\/wp-json\/wp\/v2\/media\/382153"}],"wp:attachment":[{"href":"https:\/\/occasions-teile.ch\/fr\/wp-json\/wp\/v2\/media?parent=382156"}],"wp:term":[{"taxonomy":"product_brand","embeddable":true,"href":"https:\/\/occasions-teile.ch\/fr\/wp-json\/wp\/v2\/product_brand?post=382156"},{"taxonomy":"product_cat","embeddable":true,"href":"https:\/\/occasions-teile.ch\/fr\/wp-json\/wp\/v2\/product_cat?post=382156"},{"taxonomy":"product_tag","embeddable":true,"href":"https:\/\/occasions-teile.ch\/fr\/wp-json\/wp\/v2\/product_tag?post=382156"}],"curies":[{"name":"wp","href":"https:\/\/api.w.org\/{rel}","templated":true}]}}