{"id":380218,"date":"2026-01-13T16:12:24","date_gmt":"2026-01-13T16:12:24","guid":{"rendered":"https:\/\/occasions-teile.ch\/product\/mercedes-benz-a-class-katalysator-5\/"},"modified":"2026-01-13T16:12:35","modified_gmt":"2026-01-13T16:12:35","slug":"mercedes-benz-a-class-katalysator-5","status":"publish","type":"product","link":"https:\/\/occasions-teile.ch\/fr\/produkt\/mercedes-benz-a-class-katalysator-5\/","title":{"rendered":"Mercedes-Benz A-CLASS  Katalysator"},"content":{"rendered":"<p><span><b>Technische Daten<\/b><\/p>\n<p> Fahrzeug: Mercedes-Benz A-CLASS  A180<br \/>\n Chassis Nr.: W1K1770841N247210<br \/>\n Baujahr: 2021<br \/>\n Kilometer: 50000 KM<br \/>\n Leistung: 136 KW<br \/>\n Hubraum: 1332 ccm<br \/>\n Typ: 1MJ408<br \/>\n Farbcode: White\/Weiss<br \/>\n Hinweise: &#8211;<\/p>\n<p> Versand: Versand nur in der Schweiz m\u00f6glich.Im Ausland ist der Transport k\u00e4uferseits.<br \/>\n Garantie: 3 Monate Garantie. Bitte beachten Sie, dass die Gew\u00e4hrleistung nur g\u00fcltig ist, wenn der Ersatzteileinbau durch eine Fachwerkstatt\/Meisterwerkstatt erfolgt. Das Ein- und Ausbau des Ersatzteiles kann nicht an uns verrechnet werden. <\/p>\n<p> Ersatzteil: f\u00fcr andere Fahrzeugen (Marken) verf\u00fcgbar auf anfrage. Tel.041 980 27 47. Mobil. 076 589 27 47<\/p>\n<p> Kontakt<br \/>\n  Adresse: Autoverwertung Brun AG<br \/>\n           M\u00f6\u00f6slimatten 13<br \/>\n           6218 Ettiswil<br \/>\n  Telefon: 0041 (041) 980 27 47<br \/>\n  Telefax: 0041 (041) 980 03 47<\/p>\n<p> Wir bieten Ihnen weitere gebrauchte Autoteile zum Kauf an.<br \/>\n Tags: Katalysator , Catalyst, Catalyseur<br \/>\n<\/span><\/p>\n","protected":false},"excerpt":{"rendered":"<p>Technische Daten Fahrzeug: Mercedes-Benz A-CLASS A180 Chassis Nr.: W1K1770841N247210 Baujahr: 2021 Kilometer: 50000 KM Leistung: 136 KW Hubraum: 1332 ccm Typ: 1MJ408 Farbcode: White\/Weiss Hinweise: &#8211; Versand: Versand nur in der Schweiz m\u00f6glich.Im Ausland ist der Transport k\u00e4uferseits. Garantie: 3 Monate Garantie. Bitte beachten Sie, dass die Gew\u00e4hrleistung nur g\u00fcltig ist, wenn der Ersatzteileinbau durch&hellip; <a class=\"more-link\" href=\"https:\/\/occasions-teile.ch\/fr\/produkt\/mercedes-benz-a-class-katalysator-5\/\">Poursuivre la lecture <span class=\"screen-reader-text\">Mercedes-Benz A-CLASS  Katalysator<\/span><\/a><\/p>\n","protected":false},"featured_media":380215,"template":"","meta":[],"product_brand":[],"product_cat":[5645,5646,5647,597,647,646,644,645,600,642,643,1256,1259,1262,603,24797,24795,24796],"product_tag":[],"class_list":{"0":"post-380218","1":"product","2":"type-product","3":"status-publish","4":"has-post-thumbnail","6":"product_cat-de_slug_mercedes-benz_a-class_642","7":"product_cat-en_slug_mercedes-benz_a-class_230","8":"product_cat-fr_slug_mercedes-benz_a-class_2","9":"product_cat-de-abgasanlage","10":"product_cat-fr-catalyseur-filtre-a-particules-fr-catalyseur-filtre-a-particules","11":"product_cat-fr-catalyseur-filtre-a-particules","12":"product_cat-en-catalytic-converter-particle-filter","13":"product_cat-en-catalytic-converter-particle-filter-en-catalytic-converter-particle-filter","14":"product_cat-en-exhaust-system","15":"product_cat-de-katalysator-partikelfilter","16":"product_cat-de-katalysator-partikelfilter-de-katalysator-partikelfilter","17":"product_cat-de_mercedes-benz","18":"product_cat-en_mercedes-benz","19":"product_cat-fr_mercedes-benz","20":"product_cat-fr-systeme-dechappement","21":"product_cat-fr-w1k1770841n247210-200000554","22":"product_cat-de-w1k1770841n247210-200000554","23":"product_cat-en-w1k1770841n247210-200000554","24":"product_shipping_class-tarif-1","25":"entry","27":"first","28":"instock","29":"taxable","30":"shipping-taxable","31":"purchasable","32":"product-type-simple"},"jetpack_sharing_enabled":true,"_links":{"self":[{"href":"https:\/\/occasions-teile.ch\/fr\/wp-json\/wp\/v2\/product\/380218","targetHints":{"allow":["GET"]}}],"collection":[{"href":"https:\/\/occasions-teile.ch\/fr\/wp-json\/wp\/v2\/product"}],"about":[{"href":"https:\/\/occasions-teile.ch\/fr\/wp-json\/wp\/v2\/types\/product"}],"wp:featuredmedia":[{"embeddable":true,"href":"https:\/\/occasions-teile.ch\/fr\/wp-json\/wp\/v2\/media\/380215"}],"wp:attachment":[{"href":"https:\/\/occasions-teile.ch\/fr\/wp-json\/wp\/v2\/media?parent=380218"}],"wp:term":[{"taxonomy":"product_brand","embeddable":true,"href":"https:\/\/occasions-teile.ch\/fr\/wp-json\/wp\/v2\/product_brand?post=380218"},{"taxonomy":"product_cat","embeddable":true,"href":"https:\/\/occasions-teile.ch\/fr\/wp-json\/wp\/v2\/product_cat?post=380218"},{"taxonomy":"product_tag","embeddable":true,"href":"https:\/\/occasions-teile.ch\/fr\/wp-json\/wp\/v2\/product_tag?post=380218"}],"curies":[{"name":"wp","href":"https:\/\/api.w.org\/{rel}","templated":true}]}}