{"id":379405,"date":"2026-01-06T10:45:06","date_gmt":"2026-01-06T10:45:06","guid":{"rendered":"https:\/\/occasions-teile.ch\/product\/bmw-ix3-klimaleitung-5\/"},"modified":"2026-01-06T10:45:18","modified_gmt":"2026-01-06T10:45:18","slug":"bmw-ix3-klimaleitung-5","status":"publish","type":"product","link":"https:\/\/occasions-teile.ch\/fr\/produkt\/bmw-ix3-klimaleitung-5\/","title":{"rendered":"BMW ix3  Klimaleitung"},"content":{"rendered":"<p><span><b>Technische Daten<\/b><\/p>\n<p> Fahrzeug: BMW ix3  G08<br \/>\n Chassis Nr.: WBY41DU060SD76109<br \/>\n Baujahr: 2024<br \/>\n Kilometer: 14077 KM<br \/>\n Leistung: 286 KW<br \/>\n Hubraum: 0 ccm<br \/>\n Typ: IVI<br \/>\n Farbcode: grau<br \/>\n Hinweise: &#8211;<\/p>\n<p> Versand: Versand nur in der Schweiz m\u00f6glich.Im Ausland ist der Transport k\u00e4uferseits.<br \/>\n Garantie: 3 Monate Garantie. Bitte beachten Sie, dass die Gew\u00e4hrleistung nur g\u00fcltig ist, wenn der Ersatzteileinbau durch eine Fachwerkstatt\/Meisterwerkstatt erfolgt. Das Ein- und Ausbau des Ersatzteiles kann nicht an uns verrechnet werden. <\/p>\n<p> Ersatzteil: f\u00fcr andere Fahrzeugen (Marken) verf\u00fcgbar auf anfrage. Tel.041 980 27 47. Mobil. 076 589 27 47<\/p>\n<p> Kontakt<br \/>\n  Adresse: Autoverwertung Brun AG<br \/>\n           M\u00f6\u00f6slimatten 13<br \/>\n           6218 Ettiswil<br \/>\n  Telefon: 0041 (041) 980 27 47<br \/>\n  Telefax: 0041 (041) 980 03 47<\/p>\n<p> Wir bieten Ihnen weitere gebrauchte Autoteile zum Kauf an.<br \/>\n Tags: Klimaleitung, Air conditioning line, Conduite de climatisation<br \/>\n<\/span><\/p>\n","protected":false},"excerpt":{"rendered":"<p>Technische Daten Fahrzeug: BMW ix3 G08 Chassis Nr.: WBY41DU060SD76109 Baujahr: 2024 Kilometer: 14077 KM Leistung: 286 KW Hubraum: 0 ccm Typ: IVI Farbcode: grau Hinweise: &#8211; Versand: Versand nur in der Schweiz m\u00f6glich.Im Ausland ist der Transport k\u00e4uferseits. Garantie: 3 Monate Garantie. Bitte beachten Sie, dass die Gew\u00e4hrleistung nur g\u00fcltig ist, wenn der Ersatzteileinbau durch&hellip; <a class=\"more-link\" href=\"https:\/\/occasions-teile.ch\/fr\/produkt\/bmw-ix3-klimaleitung-5\/\">Poursuivre la lecture <span class=\"screen-reader-text\">BMW ix3  Klimaleitung<\/span><\/a><\/p>\n","protected":false},"featured_media":379402,"template":"","meta":[],"product_brand":[],"product_cat":[1372,1373,1509,1512,1515,717,1375,1374,714,711,24791,24787,24789,1370,1371,24786,24788,24790],"product_tag":[],"class_list":{"0":"post-379405","1":"product","2":"type-product","3":"status-publish","4":"has-post-thumbnail","6":"product_cat-en-air-conditioning-line","7":"product_cat-en-air-conditioning-line-en-air-conditioning-line","8":"product_cat-de_bmw","9":"product_cat-en_bmw","10":"product_cat-fr_bmw","11":"product_cat-fr-chauffage-climatisation","12":"product_cat-fr-conduite-de-climatisation-fr-conduite-de-climatisation","13":"product_cat-fr-conduite-de-climatisation","14":"product_cat-en-heating-air-conditioning","15":"product_cat-de-heizung-klima","16":"product_cat-fr_slug_bmw_ix3_326","17":"product_cat-de_slug_bmw_ix3_411","18":"product_cat-en_slug_bmw_ix3_962","19":"product_cat-de-klimaleitung","20":"product_cat-de-klimaleitung-de-klimaleitung","21":"product_cat-de-wby41du060sd76109-200000562","22":"product_cat-en-wby41du060sd76109-200000562","23":"product_cat-fr-wby41du060sd76109-200000562","24":"product_shipping_class-tarif-1","25":"entry","27":"first","28":"instock","29":"taxable","30":"shipping-taxable","31":"purchasable","32":"product-type-simple"},"jetpack_sharing_enabled":true,"_links":{"self":[{"href":"https:\/\/occasions-teile.ch\/fr\/wp-json\/wp\/v2\/product\/379405","targetHints":{"allow":["GET"]}}],"collection":[{"href":"https:\/\/occasions-teile.ch\/fr\/wp-json\/wp\/v2\/product"}],"about":[{"href":"https:\/\/occasions-teile.ch\/fr\/wp-json\/wp\/v2\/types\/product"}],"wp:featuredmedia":[{"embeddable":true,"href":"https:\/\/occasions-teile.ch\/fr\/wp-json\/wp\/v2\/media\/379402"}],"wp:attachment":[{"href":"https:\/\/occasions-teile.ch\/fr\/wp-json\/wp\/v2\/media?parent=379405"}],"wp:term":[{"taxonomy":"product_brand","embeddable":true,"href":"https:\/\/occasions-teile.ch\/fr\/wp-json\/wp\/v2\/product_brand?post=379405"},{"taxonomy":"product_cat","embeddable":true,"href":"https:\/\/occasions-teile.ch\/fr\/wp-json\/wp\/v2\/product_cat?post=379405"},{"taxonomy":"product_tag","embeddable":true,"href":"https:\/\/occasions-teile.ch\/fr\/wp-json\/wp\/v2\/product_tag?post=379405"}],"curies":[{"name":"wp","href":"https:\/\/api.w.org\/{rel}","templated":true}]}}