{"id":375482,"date":"2025-11-18T16:56:32","date_gmt":"2025-11-18T16:56:32","guid":{"rendered":"https:\/\/occasions-teile.ch\/product\/jeep-grand-cherokee-verkleidung-schweller\/"},"modified":"2025-11-18T16:56:43","modified_gmt":"2025-11-18T16:56:43","slug":"jeep-grand-cherokee-verkleidung-schweller","status":"publish","type":"product","link":"https:\/\/occasions-teile.ch\/fr\/produkt\/jeep-grand-cherokee-verkleidung-schweller\/","title":{"rendered":"Jeep Grand Cherokee  Verkleidung Schweller"},"content":{"rendered":"<p><span><b>Technische Daten<\/b><\/p>\n<p> Fahrzeug: Jeep Grand Cherokee<br \/>\n Chassis Nr.: 1C4RJFAM8EC342603<br \/>\n Baujahr: 2014<br \/>\n Kilometer: 178216 KM<br \/>\n Leistung: 250 KW<br \/>\n Hubraum: 2987 ccm<br \/>\n Typ: X<br \/>\n Farbcode: blau<br \/>\n Hinweise: &#8211;<\/p>\n<p> Versand: Versand nur in der Schweiz m\u00f6glich.Im Ausland ist der Transport k\u00e4uferseits.<br \/>\n Garantie: 3 Monate Garantie. Bitte beachten Sie, dass die Gew\u00e4hrleistung nur g\u00fcltig ist, wenn der Ersatzteileinbau durch eine Fachwerkstatt\/Meisterwerkstatt erfolgt. Das Ein- und Ausbau des Ersatzteiles kann nicht an uns verrechnet werden. <\/p>\n<p> Ersatzteil: f\u00fcr andere Fahrzeugen (Marken) verf\u00fcgbar auf anfrage. Tel.041 980 27 47. Mobil. 076 589 27 47<\/p>\n<p> Kontakt<br \/>\n  Adresse: Autoverwertung Brun AG<br \/>\n           M\u00f6\u00f6slimatten 13<br \/>\n           6218 Ettiswil<br \/>\n  Telefon: 0041 (041) 980 27 47<br \/>\n  Telefax: 0041 (041) 980 03 47<\/p>\n<p> Wir bieten Ihnen weitere gebrauchte Autoteile zum Kauf an.<br \/>\n Tags: Verkleidung Schweller, Fairing Sill , Habillage Soufflet<br \/>\n<\/span><\/p>\n","protected":false},"excerpt":{"rendered":"<p>Technische Daten Fahrzeug: Jeep Grand Cherokee Chassis Nr.: 1C4RJFAM8EC342603 Baujahr: 2014 Kilometer: 178216 KM Leistung: 250 KW Hubraum: 2987 ccm Typ: X Farbcode: blau Hinweise: &#8211; Versand: Versand nur in der Schweiz m\u00f6glich.Im Ausland ist der Transport k\u00e4uferseits. Garantie: 3 Monate Garantie. Bitte beachten Sie, dass die Gew\u00e4hrleistung nur g\u00fcltig ist, wenn der Ersatzteileinbau durch&hellip; <a class=\"more-link\" href=\"https:\/\/occasions-teile.ch\/fr\/produkt\/jeep-grand-cherokee-verkleidung-schweller\/\">Poursuivre la lecture <span class=\"screen-reader-text\">Jeep Grand Cherokee  Verkleidung Schweller<\/span><\/a><\/p>\n","protected":false},"featured_media":0,"template":"","meta":[],"product_brand":[],"product_cat":[2204,2201,2207,488,491,1779,1778,2209,2206,2203,1783,1782,2205,2202,2208,485,1777,1776],"product_tag":[],"class_list":{"0":"post-375482","1":"product","2":"type-product","3":"status-publish","5":"product_cat-en-1c4rjfam8ec342603-20000189","6":"product_cat-de-1c4rjfam8ec342603-20000189","7":"product_cat-fr-1c4rjfam8ec342603-20000189","8":"product_cat-en-body-center","9":"product_cat-fr-centre-de-la-carrosserie","10":"product_cat-en-fairing-sill","11":"product_cat-en-fairingsill","12":"product_cat-fr_grand-cherokee","13":"product_cat-en_grand-cherokee","14":"product_cat-de_grand-cherokee","15":"product_cat-fr-habillage-soufflet-fr-habillagesoufflet-fr-centre-de-la-carrosserie","16":"product_cat-fr-habillagesoufflet-fr-centre-de-la-carrosserie","17":"product_cat-en_jeep","18":"product_cat-de_jeep","19":"product_cat-fr_jeep","20":"product_cat-de-karosserie-mitte","21":"product_cat-de-verkleidung-schweller","22":"product_cat-de-verkleidungschweller","23":"product_shipping_class-tarif-5","24":"entry","26":"first","27":"instock","28":"taxable","29":"shipping-taxable","30":"purchasable","31":"product-type-simple"},"jetpack_sharing_enabled":true,"_links":{"self":[{"href":"https:\/\/occasions-teile.ch\/fr\/wp-json\/wp\/v2\/product\/375482","targetHints":{"allow":["GET"]}}],"collection":[{"href":"https:\/\/occasions-teile.ch\/fr\/wp-json\/wp\/v2\/product"}],"about":[{"href":"https:\/\/occasions-teile.ch\/fr\/wp-json\/wp\/v2\/types\/product"}],"wp:attachment":[{"href":"https:\/\/occasions-teile.ch\/fr\/wp-json\/wp\/v2\/media?parent=375482"}],"wp:term":[{"taxonomy":"product_brand","embeddable":true,"href":"https:\/\/occasions-teile.ch\/fr\/wp-json\/wp\/v2\/product_brand?post=375482"},{"taxonomy":"product_cat","embeddable":true,"href":"https:\/\/occasions-teile.ch\/fr\/wp-json\/wp\/v2\/product_cat?post=375482"},{"taxonomy":"product_tag","embeddable":true,"href":"https:\/\/occasions-teile.ch\/fr\/wp-json\/wp\/v2\/product_tag?post=375482"}],"curies":[{"name":"wp","href":"https:\/\/api.w.org\/{rel}","templated":true}]}}