{"id":375409,"date":"2025-11-18T10:48:00","date_gmt":"2025-11-18T10:48:00","guid":{"rendered":"https:\/\/occasions-teile.ch\/product\/cupra-cupra-formentor-querlenker-hinten-rechts-2\/"},"modified":"2025-11-18T10:48:12","modified_gmt":"2025-11-18T10:48:12","slug":"cupra-cupra-formentor-querlenker-hinten-rechts-2","status":"publish","type":"product","link":"https:\/\/occasions-teile.ch\/fr\/produkt\/cupra-cupra-formentor-querlenker-hinten-rechts-2\/","title":{"rendered":"Cupra Cupra Formentor Querlenker hinten rechts"},"content":{"rendered":"<p><span><b>Technische Daten<\/b><\/p>\n<p> Fahrzeug: Cupra Cupra Formentor<br \/>\n Chassis Nr.: VSSZZZKMZMR016685<br \/>\n Baujahr: 2025<br \/>\n Kilometer: 20227 KM<br \/>\n Leistung: 310 KW<br \/>\n Hubraum: 1984 ccm<br \/>\n Typ: 1CL101<br \/>\n Farbcode: silberblau<br \/>\n Hinweise: &#8211;<\/p>\n<p> Versand: Versand nur in der Schweiz m\u00f6glich.Im Ausland ist der Transport k\u00e4uferseits.<br \/>\n Garantie: 3 Monate Garantie. Bitte beachten Sie, dass die Gew\u00e4hrleistung nur g\u00fcltig ist, wenn der Ersatzteileinbau durch eine Fachwerkstatt\/Meisterwerkstatt erfolgt. Das Ein- und Ausbau des Ersatzteiles kann nicht an uns verrechnet werden. <\/p>\n<p> Ersatzteil: f\u00fcr andere Fahrzeugen (Marken) verf\u00fcgbar auf anfrage. Tel.041 980 27 47. Mobil. 076 589 27 47<\/p>\n<p> Kontakt<br \/>\n  Adresse: Autoverwertung Brun AG<br \/>\n           M\u00f6\u00f6slimatten 13<br \/>\n           6218 Ettiswil<br \/>\n  Telefon: 0041 (041) 980 27 47<br \/>\n  Telefax: 0041 (041) 980 03 47<\/p>\n<p> Wir bieten Ihnen weitere gebrauchte Autoteile zum Kauf an.<br \/>\n Tags: Querlenker hinten rechts, Wishbone front right , Bras de suspension arrie`re droit<br \/>\n<\/span><\/p>\n","protected":false},"excerpt":{"rendered":"<p>Technische Daten Fahrzeug: Cupra Cupra Formentor Chassis Nr.: VSSZZZKMZMR016685 Baujahr: 2025 Kilometer: 20227 KM Leistung: 310 KW Hubraum: 1984 ccm Typ: 1CL101 Farbcode: silberblau Hinweise: &#8211; Versand: Versand nur in der Schweiz m\u00f6glich.Im Ausland ist der Transport k\u00e4uferseits. Garantie: 3 Monate Garantie. Bitte beachten Sie, dass die Gew\u00e4hrleistung nur g\u00fcltig ist, wenn der Ersatzteileinbau durch&hellip; <a class=\"more-link\" href=\"https:\/\/occasions-teile.ch\/fr\/produkt\/cupra-cupra-formentor-querlenker-hinten-rechts-2\/\">Poursuivre la lecture <span class=\"screen-reader-text\">Cupra Cupra Formentor Querlenker hinten rechts<\/span><\/a><\/p>\n","protected":false},"featured_media":375406,"template":"","meta":[],"product_brand":[],"product_cat":[793,1760,544,24725,24722,24719,24720,24726,24723,541,789,1099,547,24724,24721,24718,791,1759],"product_tag":[],"class_list":{"0":"post-375409","1":"product","2":"type-product","3":"status-publish","4":"has-post-thumbnail","6":"product_cat-fr-bras-de-suspension","7":"product_cat-fr-bras-de-suspension-arriere-droit","8":"product_cat-en-chassis-steering","9":"product_cat-fr_cupra","10":"product_cat-en_cupra","11":"product_cat-de_cupra","12":"product_cat-de_slug_cupra_cupra-formentor_934","13":"product_cat-fr_slug_cupra_cupra-formentor_80","14":"product_cat-en_slug_cupra_cupra-formentor_588","15":"product_cat-de-fahrwerk-lenkung","16":"product_cat-de-querlenker","17":"product_cat-de-querlenker-hinten-rechts","18":"product_cat-fr-train-de-roulement-direction","19":"product_cat-fr-vsszzzkmzmr016685-200000538","20":"product_cat-en-vsszzzkmzmr016685-200000538","21":"product_cat-de-vsszzzkmzmr016685-200000538","22":"product_cat-en-wishbone","23":"product_cat-en-wishbone-front-right-en-wishbone","24":"product_shipping_class-tarif-1","25":"entry","27":"first","28":"instock","29":"taxable","30":"shipping-taxable","31":"purchasable","32":"product-type-simple"},"jetpack_sharing_enabled":true,"_links":{"self":[{"href":"https:\/\/occasions-teile.ch\/fr\/wp-json\/wp\/v2\/product\/375409","targetHints":{"allow":["GET"]}}],"collection":[{"href":"https:\/\/occasions-teile.ch\/fr\/wp-json\/wp\/v2\/product"}],"about":[{"href":"https:\/\/occasions-teile.ch\/fr\/wp-json\/wp\/v2\/types\/product"}],"wp:featuredmedia":[{"embeddable":true,"href":"https:\/\/occasions-teile.ch\/fr\/wp-json\/wp\/v2\/media\/375406"}],"wp:attachment":[{"href":"https:\/\/occasions-teile.ch\/fr\/wp-json\/wp\/v2\/media?parent=375409"}],"wp:term":[{"taxonomy":"product_brand","embeddable":true,"href":"https:\/\/occasions-teile.ch\/fr\/wp-json\/wp\/v2\/product_brand?post=375409"},{"taxonomy":"product_cat","embeddable":true,"href":"https:\/\/occasions-teile.ch\/fr\/wp-json\/wp\/v2\/product_cat?post=375409"},{"taxonomy":"product_tag","embeddable":true,"href":"https:\/\/occasions-teile.ch\/fr\/wp-json\/wp\/v2\/product_tag?post=375409"}],"curies":[{"name":"wp","href":"https:\/\/api.w.org\/{rel}","templated":true}]}}