{"id":375347,"date":"2025-11-17T15:59:02","date_gmt":"2025-11-17T15:59:02","guid":{"rendered":"https:\/\/occasions-teile.ch\/product\/cupra-cupra-formentor-bremszange-bremssattel-hinten\/"},"modified":"2025-11-17T15:59:13","modified_gmt":"2025-11-17T15:59:13","slug":"cupra-cupra-formentor-bremszange-bremssattel-hinten","status":"publish","type":"product","link":"https:\/\/occasions-teile.ch\/fr\/produkt\/cupra-cupra-formentor-bremszange-bremssattel-hinten\/","title":{"rendered":"Cupra Cupra Formentor Bremszange Bremssattel hinten"},"content":{"rendered":"<p><span><b>Technische Daten<\/b><\/p>\n<p> Fahrzeug: Cupra Cupra Formentor<br \/>\n Chassis Nr.: VSSZZZKMZMR016685<br \/>\n Baujahr: 2025<br \/>\n Kilometer: 20227 KM<br \/>\n Leistung: 310 KW<br \/>\n Hubraum: 1984 ccm<br \/>\n Typ: 1CL101<br \/>\n Farbcode: silberblau<br \/>\n Hinweise: &#8211;<\/p>\n<p> Versand: Versand nur in der Schweiz m\u00f6glich.Im Ausland ist der Transport k\u00e4uferseits.<br \/>\n Garantie: 3 Monate Garantie. Bitte beachten Sie, dass die Gew\u00e4hrleistung nur g\u00fcltig ist, wenn der Ersatzteileinbau durch eine Fachwerkstatt\/Meisterwerkstatt erfolgt. Das Ein- und Ausbau des Ersatzteiles kann nicht an uns verrechnet werden. <\/p>\n<p> Ersatzteil: f\u00fcr andere Fahrzeugen (Marken) verf\u00fcgbar auf anfrage. Tel.041 980 27 47. Mobil. 076 589 27 47<\/p>\n<p> Kontakt<br \/>\n  Adresse: Autoverwertung Brun AG<br \/>\n           M\u00f6\u00f6slimatten 13<br \/>\n           6218 Ettiswil<br \/>\n  Telefon: 0041 (041) 980 27 47<br \/>\n  Telefax: 0041 (041) 980 03 47<\/p>\n<p> Wir bieten Ihnen weitere gebrauchte Autoteile zum Kauf an.<br \/>\n Tags: Bremszange Bremssattel hinten, Rear brake caliper, E\u00b4trier de frein arrie`re<br \/>\n<\/span><\/p>\n","protected":false},"excerpt":{"rendered":"<p>Technische Daten Fahrzeug: Cupra Cupra Formentor Chassis Nr.: VSSZZZKMZMR016685 Baujahr: 2025 Kilometer: 20227 KM Leistung: 310 KW Hubraum: 1984 ccm Typ: 1CL101 Farbcode: silberblau Hinweise: &#8211; Versand: Versand nur in der Schweiz m\u00f6glich.Im Ausland ist der Transport k\u00e4uferseits. Garantie: 3 Monate Garantie. Bitte beachten Sie, dass die Gew\u00e4hrleistung nur g\u00fcltig ist, wenn der Ersatzteileinbau durch&hellip; <a class=\"more-link\" href=\"https:\/\/occasions-teile.ch\/fr\/produkt\/cupra-cupra-formentor-bremszange-bremssattel-hinten\/\">Poursuivre la lecture <span class=\"screen-reader-text\">Cupra Cupra Formentor Bremszange Bremssattel hinten<\/span><\/a><\/p>\n","protected":false},"featured_media":375344,"template":"","meta":[],"product_brand":[],"product_cat":[779,533,530,777,1086,24725,24722,24719,24726,24723,24720,781,1088,536,1087,24721,24718,24724],"product_tag":[],"class_list":{"0":"post-375347","1":"product","2":"type-product","3":"status-publish","4":"has-post-thumbnail","6":"product_cat-en-brake-calipercarrier","7":"product_cat-en-brake-brake-system","8":"product_cat-de-bremse-bremsanlage","9":"product_cat-de-bremssatteltraeger","10":"product_cat-de-bremszange-bremssattel-hinten","11":"product_cat-fr_cupra","12":"product_cat-en_cupra","13":"product_cat-de_cupra","14":"product_cat-fr_slug_cupra_cupra-formentor_80","15":"product_cat-en_slug_cupra_cupra-formentor_588","16":"product_cat-de_slug_cupra_cupra-formentor_934","17":"product_cat-fr-etrier-de-frein-support","18":"product_cat-fr-etrier-de-frein-arriere","19":"product_cat-fr-frein-systeme-de-freinage","20":"product_cat-en-rear-brake-caliper","21":"product_cat-en-vsszzzkmzmr016685-200000538","22":"product_cat-de-vsszzzkmzmr016685-200000538","23":"product_cat-fr-vsszzzkmzmr016685-200000538","24":"product_shipping_class-tarif-1","25":"entry","27":"first","28":"instock","29":"taxable","30":"shipping-taxable","31":"purchasable","32":"product-type-simple"},"jetpack_sharing_enabled":true,"_links":{"self":[{"href":"https:\/\/occasions-teile.ch\/fr\/wp-json\/wp\/v2\/product\/375347","targetHints":{"allow":["GET"]}}],"collection":[{"href":"https:\/\/occasions-teile.ch\/fr\/wp-json\/wp\/v2\/product"}],"about":[{"href":"https:\/\/occasions-teile.ch\/fr\/wp-json\/wp\/v2\/types\/product"}],"wp:featuredmedia":[{"embeddable":true,"href":"https:\/\/occasions-teile.ch\/fr\/wp-json\/wp\/v2\/media\/375344"}],"wp:attachment":[{"href":"https:\/\/occasions-teile.ch\/fr\/wp-json\/wp\/v2\/media?parent=375347"}],"wp:term":[{"taxonomy":"product_brand","embeddable":true,"href":"https:\/\/occasions-teile.ch\/fr\/wp-json\/wp\/v2\/product_brand?post=375347"},{"taxonomy":"product_cat","embeddable":true,"href":"https:\/\/occasions-teile.ch\/fr\/wp-json\/wp\/v2\/product_cat?post=375347"},{"taxonomy":"product_tag","embeddable":true,"href":"https:\/\/occasions-teile.ch\/fr\/wp-json\/wp\/v2\/product_tag?post=375347"}],"curies":[{"name":"wp","href":"https:\/\/api.w.org\/{rel}","templated":true}]}}