{"id":374991,"date":"2025-11-14T14:04:18","date_gmt":"2025-11-14T14:04:18","guid":{"rendered":"https:\/\/occasions-teile.ch\/product\/cupra-cupra-formentor-alufelgen\/"},"modified":"2026-03-30T05:50:37","modified_gmt":"2026-03-30T05:50:37","slug":"cupra-cupra-formentor-alufelgen","status":"publish","type":"product","link":"https:\/\/occasions-teile.ch\/fr\/produkt\/cupra-cupra-formentor-alufelgen\/","title":{"rendered":"Cupra Cupra Formentor Alufelge"},"content":{"rendered":"<p><b>Technische Daten<\/b><\/p>\n<p>Fahrzeug: Cupra Cupra Formentor<br \/>\nChassis Nr.: VSSZZZKMZMR016685<br \/>\nBaujahr: 2025<br \/>\nKilometer: 20227 KM<br \/>\nLeistung: 310 KW<br \/>\nHubraum: 1984 ccm<br \/>\nTyp: 1CL101<br \/>\nFarbcode: silberblau<br \/>\nHinweise: 8&#215;19 ET40<br \/>\nAchtung Kratzer sehe Bilder!!!!!!!!<\/p>\n<p>Versand: Versand nur in der Schweiz m\u00f6glich.Im Ausland ist der Transport k\u00e4uferseits.<br \/>\nGarantie: 3 Monate Garantie. Bitte beachten Sie, dass die Gew\u00e4hrleistung nur g\u00fcltig ist, wenn der Ersatzteileinbau durch eine Fachwerkstatt\/Meisterwerkstatt erfolgt. Das Ein- und Ausbau des Ersatzteiles kann nicht an uns verrechnet werden.<\/p>\n<p>Ersatzteil: f\u00fcr andere Fahrzeugen (Marken) verf\u00fcgbar auf anfrage. Tel.041 980 27 47. Mobil. 076 589 27 47<\/p>\n<p>Kontakt<br \/>\nAdresse: Autoverwertung Brun AG<br \/>\nM\u00f6\u00f6slimatten 13<br \/>\n6218 Ettiswil<br \/>\nTelefon: 0041 (041) 980 27 47<br \/>\nTelefax: 0041 (041) 980 03 47<\/p>\n<p>Wir bieten Ihnen weitere gebrauchte Autoteile zum Kauf an.<br \/>\nTags: Alufelgen, Aluminum rims, Jantes en aluminium<\/p>\n","protected":false},"excerpt":{"rendered":"<p>Technische Daten Fahrzeug: Cupra Cupra Formentor Chassis Nr.: VSSZZZKMZMR016685 Baujahr: 2025 Kilometer: 20227 KM Leistung: 310 KW Hubraum: 1984 ccm Typ: 1CL101 Farbcode: silberblau Hinweise: 8&#215;19 ET40 Achtung Kratzer sehe Bilder!!!!!!!! Versand: Versand nur in der Schweiz m\u00f6glich.Im Ausland ist der Transport k\u00e4uferseits. Garantie: 3 Monate Garantie. Bitte beachten Sie, dass die Gew\u00e4hrleistung nur g\u00fcltig&hellip; <a class=\"more-link\" href=\"https:\/\/occasions-teile.ch\/fr\/produkt\/cupra-cupra-formentor-alufelgen\/\">Poursuivre la lecture <span class=\"screen-reader-text\">Cupra Cupra Formentor Alufelge<\/span><\/a><\/p>\n","protected":false},"featured_media":374973,"template":"","meta":[],"product_brand":[],"product_cat":[1176,24719,24720,1175,550,24718],"product_tag":[],"class_list":{"0":"post-374991","1":"product","2":"type-product","3":"status-publish","4":"has-post-thumbnail","6":"product_cat-de-alufelgen-felgensatz","7":"product_cat-de_cupra","8":"product_cat-de_slug_cupra_cupra-formentor_934","9":"product_cat-de-felgensatz","10":"product_cat-de-raeder-reifen-felgen","11":"product_cat-de-vsszzzkmzmr016685-200000538","12":"product_shipping_class-tarif-5","13":"entry","15":"first","16":"instock","17":"taxable","18":"shipping-taxable","19":"purchasable","20":"product-type-simple"},"jetpack_sharing_enabled":true,"_links":{"self":[{"href":"https:\/\/occasions-teile.ch\/fr\/wp-json\/wp\/v2\/product\/374991","targetHints":{"allow":["GET"]}}],"collection":[{"href":"https:\/\/occasions-teile.ch\/fr\/wp-json\/wp\/v2\/product"}],"about":[{"href":"https:\/\/occasions-teile.ch\/fr\/wp-json\/wp\/v2\/types\/product"}],"wp:featuredmedia":[{"embeddable":true,"href":"https:\/\/occasions-teile.ch\/fr\/wp-json\/wp\/v2\/media\/374973"}],"wp:attachment":[{"href":"https:\/\/occasions-teile.ch\/fr\/wp-json\/wp\/v2\/media?parent=374991"}],"wp:term":[{"taxonomy":"product_brand","embeddable":true,"href":"https:\/\/occasions-teile.ch\/fr\/wp-json\/wp\/v2\/product_brand?post=374991"},{"taxonomy":"product_cat","embeddable":true,"href":"https:\/\/occasions-teile.ch\/fr\/wp-json\/wp\/v2\/product_cat?post=374991"},{"taxonomy":"product_tag","embeddable":true,"href":"https:\/\/occasions-teile.ch\/fr\/wp-json\/wp\/v2\/product_tag?post=374991"}],"curies":[{"name":"wp","href":"https:\/\/api.w.org\/{rel}","templated":true}]}}