{"id":374375,"date":"2025-11-08T10:41:10","date_gmt":"2025-11-08T10:41:10","guid":{"rendered":"https:\/\/occasions-teile.ch\/product\/cupra-cupra-formentor-kombischalter-blinkerschalter\/"},"modified":"2025-11-08T10:41:30","modified_gmt":"2025-11-08T10:41:30","slug":"cupra-cupra-formentor-kombischalter-blinkerschalter","status":"publish","type":"product","link":"https:\/\/occasions-teile.ch\/fr\/produkt\/cupra-cupra-formentor-kombischalter-blinkerschalter\/","title":{"rendered":"Cupra Cupra Formentor Kombischalter Blinkerschalter"},"content":{"rendered":"<p><span><b>Technische Daten<\/b><\/p>\n<p> Fahrzeug: Cupra Cupra Formentor<br \/>\n Chassis Nr.: VSSZZZKMZMR016685<br \/>\n Baujahr: 2025<br \/>\n Kilometer: 20227 KM<br \/>\n Leistung: 310 KW<br \/>\n Hubraum: 1984 ccm<br \/>\n Typ: 1CL101<br \/>\n Farbcode: silberblau<br \/>\n Hinweise: &#8211;<\/p>\n<p> Versand: Versand nur in der Schweiz m\u00f6glich.Im Ausland ist der Transport k\u00e4uferseits.<br \/>\n Garantie: 3 Monate Garantie. Bitte beachten Sie, dass die Gew\u00e4hrleistung nur g\u00fcltig ist, wenn der Ersatzteileinbau durch eine Fachwerkstatt\/Meisterwerkstatt erfolgt. Das Ein- und Ausbau des Ersatzteiles kann nicht an uns verrechnet werden. <\/p>\n<p> Ersatzteil: f\u00fcr andere Fahrzeugen (Marken) verf\u00fcgbar auf anfrage. Tel.041 980 27 47. Mobil. 076 589 27 47<\/p>\n<p> Kontakt<br \/>\n  Adresse: Autoverwertung Brun AG<br \/>\n           M\u00f6\u00f6slimatten 13<br \/>\n           6218 Ettiswil<br \/>\n  Telefon: 0041 (041) 980 27 47<br \/>\n  Telefax: 0041 (041) 980 03 47<\/p>\n<p> Wir bieten Ihnen weitere gebrauchte Autoteile zum Kauf an.<br \/>\n Tags: Kombischalter Blinkerschalter, Turn signal switch, Commutateur de clignotant<br \/>\n<\/span><\/p>\n","protected":false},"excerpt":{"rendered":"<p>Technische Daten Fahrzeug: Cupra Cupra Formentor Chassis Nr.: VSSZZZKMZMR016685 Baujahr: 2025 Kilometer: 20227 KM Leistung: 310 KW Hubraum: 1984 ccm Typ: 1CL101 Farbcode: silberblau Hinweise: &#8211; Versand: Versand nur in der Schweiz m\u00f6glich.Im Ausland ist der Transport k\u00e4uferseits. Garantie: 3 Monate Garantie. Bitte beachten Sie, dass die Gew\u00e4hrleistung nur g\u00fcltig ist, wenn der Ersatzteileinbau durch&hellip; <a class=\"more-link\" href=\"https:\/\/occasions-teile.ch\/fr\/produkt\/cupra-cupra-formentor-kombischalter-blinkerschalter\/\">Poursuivre la lecture <span class=\"screen-reader-text\">Cupra Cupra Formentor Kombischalter Blinkerschalter<\/span><\/a><\/p>\n","protected":false},"featured_media":374372,"template":"","meta":[],"product_brand":[],"product_cat":[839,24725,24722,24719,24720,24726,24723,627,624,621,628,837,622,625,838,24724,24721,24718],"product_tag":[],"class_list":{"0":"post-374375","1":"product","2":"type-product","3":"status-publish","4":"has-post-thumbnail","6":"product_cat-fr-commutateur-de-clignotant","7":"product_cat-fr_cupra","8":"product_cat-en_cupra","9":"product_cat-de_cupra","10":"product_cat-de_slug_cupra_cupra-formentor_934","11":"product_cat-fr_slug_cupra_cupra-formentor_80","12":"product_cat-en_slug_cupra_cupra-formentor_588","13":"product_cat-fr-electricite-dispositifs-de-commande","14":"product_cat-en-electrics-control-units","15":"product_cat-de-elektrik-steuergeraete","16":"product_cat-fr-interrupteur","17":"product_cat-de-kombischalter-blinkerschalter","18":"product_cat-de-schalter","19":"product_cat-en-switch","20":"product_cat-en-turn-signal-switch","21":"product_cat-fr-vsszzzkmzmr016685-200000538","22":"product_cat-en-vsszzzkmzmr016685-200000538","23":"product_cat-de-vsszzzkmzmr016685-200000538","24":"product_shipping_class-tarif-1","25":"entry","27":"first","28":"instock","29":"taxable","30":"shipping-taxable","31":"purchasable","32":"product-type-simple"},"jetpack_sharing_enabled":true,"_links":{"self":[{"href":"https:\/\/occasions-teile.ch\/fr\/wp-json\/wp\/v2\/product\/374375","targetHints":{"allow":["GET"]}}],"collection":[{"href":"https:\/\/occasions-teile.ch\/fr\/wp-json\/wp\/v2\/product"}],"about":[{"href":"https:\/\/occasions-teile.ch\/fr\/wp-json\/wp\/v2\/types\/product"}],"wp:featuredmedia":[{"embeddable":true,"href":"https:\/\/occasions-teile.ch\/fr\/wp-json\/wp\/v2\/media\/374372"}],"wp:attachment":[{"href":"https:\/\/occasions-teile.ch\/fr\/wp-json\/wp\/v2\/media?parent=374375"}],"wp:term":[{"taxonomy":"product_brand","embeddable":true,"href":"https:\/\/occasions-teile.ch\/fr\/wp-json\/wp\/v2\/product_brand?post=374375"},{"taxonomy":"product_cat","embeddable":true,"href":"https:\/\/occasions-teile.ch\/fr\/wp-json\/wp\/v2\/product_cat?post=374375"},{"taxonomy":"product_tag","embeddable":true,"href":"https:\/\/occasions-teile.ch\/fr\/wp-json\/wp\/v2\/product_tag?post=374375"}],"curies":[{"name":"wp","href":"https:\/\/api.w.org\/{rel}","templated":true}]}}