{"id":373562,"date":"2025-11-03T15:59:24","date_gmt":"2025-11-03T15:59:24","guid":{"rendered":"https:\/\/occasions-teile.ch\/product\/audi-audi-sq5-gaspedal\/"},"modified":"2025-11-03T15:59:37","modified_gmt":"2025-11-03T15:59:37","slug":"audi-audi-sq5-gaspedal","status":"publish","type":"product","link":"https:\/\/occasions-teile.ch\/fr\/produkt\/audi-audi-sq5-gaspedal\/","title":{"rendered":"Audi Audi SQ5 Gaspedal"},"content":{"rendered":"<p><span><b>Technische Daten<\/b><\/p>\n<p> Fahrzeug: Audi Audi SQ5<br \/>\n Chassis Nr.: WAUZZZ8R6FA075239<br \/>\n Baujahr: 2014<br \/>\n Kilometer: 139376 KM<br \/>\n Leistung: 313 KW<br \/>\n Hubraum: 2967 ccm<br \/>\n Typ: 1AC981<br \/>\n Farbcode: Schwarz<br \/>\n Hinweise: &#8211;<\/p>\n<p> Versand: Versand nur in der Schweiz m\u00f6glich.Im Ausland ist der Transport k\u00e4uferseits.<br \/>\n Garantie: 3 Monate Garantie. Bitte beachten Sie, dass die Gew\u00e4hrleistung nur g\u00fcltig ist, wenn der Ersatzteileinbau durch eine Fachwerkstatt\/Meisterwerkstatt erfolgt. Das Ein- und Ausbau des Ersatzteiles kann nicht an uns verrechnet werden. <\/p>\n<p> Ersatzteil: f\u00fcr andere Fahrzeugen (Marken) verf\u00fcgbar auf anfrage. Tel.041 980 27 47. Mobil. 076 589 27 47<\/p>\n<p> Kontakt<br \/>\n  Adresse: Autoverwertung Brun AG<br \/>\n           M\u00f6\u00f6slimatten 13<br \/>\n           6218 Ettiswil<br \/>\n  Telefon: 0041 (041) 980 27 47<br \/>\n  Telefax: 0041 (041) 980 03 47<\/p>\n<p> Wir bieten Ihnen weitere gebrauchte Autoteile zum Kauf an.<br \/>\n Tags: Gaspedal, Accelerator pedal , Pe\u00b4dale d&rsquo;acce\u00b4le\u00b4rateur<br \/>\n<\/span><\/p>\n","protected":false},"excerpt":{"rendered":"<p>Technische Daten Fahrzeug: Audi Audi SQ5 Chassis Nr.: WAUZZZ8R6FA075239 Baujahr: 2014 Kilometer: 139376 KM Leistung: 313 KW Hubraum: 2967 ccm Typ: 1AC981 Farbcode: Schwarz Hinweise: &#8211; Versand: Versand nur in der Schweiz m\u00f6glich.Im Ausland ist der Transport k\u00e4uferseits. Garantie: 3 Monate Garantie. Bitte beachten Sie, dass die Gew\u00e4hrleistung nur g\u00fcltig ist, wenn der Ersatzteileinbau durch&hellip; <a class=\"more-link\" href=\"https:\/\/occasions-teile.ch\/fr\/produkt\/audi-audi-sq5-gaspedal\/\">Poursuivre la lecture <span class=\"screen-reader-text\">Audi Audi SQ5 Gaspedal<\/span><\/a><\/p>\n","protected":false},"featured_media":373559,"template":"","meta":[],"product_brand":[],"product_cat":[1338,458,461,464,24706,24702,24704,1337,804,810,807,816,1339,818,820,24701,24703,24705],"product_tag":[],"class_list":{"0":"post-373562","1":"product","2":"type-product","3":"status-publish","4":"has-post-thumbnail","6":"product_cat-en-accelerator-pedal","7":"product_cat-de_audi","8":"product_cat-en_audi","9":"product_cat-fr_audi","10":"product_cat-fr_slug_audi_audi-sq5_35","11":"product_cat-de_slug_audi_audi-sq5_429","12":"product_cat-en_slug_audi_audi-sq5_213","13":"product_cat-de-gaspedal","14":"product_cat-de-innenraum","15":"product_cat-fr-interieur","16":"product_cat-en-interior","17":"product_cat-de-lenkradschaltknaufpedalwerk","18":"product_cat-fr-pedale-daccelerateur","19":"product_cat-en-steering-wheelshift-knobpedal-work","20":"product_cat-fr-volantpommeau-de-levier-de-vitessepedalier","21":"product_cat-de-wauzzz8r6fa075239-200000533","22":"product_cat-en-wauzzz8r6fa075239-200000533","23":"product_cat-fr-wauzzz8r6fa075239-200000533","24":"product_shipping_class-tarif-1","25":"entry","27":"first","28":"instock","29":"taxable","30":"shipping-taxable","31":"purchasable","32":"product-type-simple"},"jetpack_sharing_enabled":true,"_links":{"self":[{"href":"https:\/\/occasions-teile.ch\/fr\/wp-json\/wp\/v2\/product\/373562","targetHints":{"allow":["GET"]}}],"collection":[{"href":"https:\/\/occasions-teile.ch\/fr\/wp-json\/wp\/v2\/product"}],"about":[{"href":"https:\/\/occasions-teile.ch\/fr\/wp-json\/wp\/v2\/types\/product"}],"wp:featuredmedia":[{"embeddable":true,"href":"https:\/\/occasions-teile.ch\/fr\/wp-json\/wp\/v2\/media\/373559"}],"wp:attachment":[{"href":"https:\/\/occasions-teile.ch\/fr\/wp-json\/wp\/v2\/media?parent=373562"}],"wp:term":[{"taxonomy":"product_brand","embeddable":true,"href":"https:\/\/occasions-teile.ch\/fr\/wp-json\/wp\/v2\/product_brand?post=373562"},{"taxonomy":"product_cat","embeddable":true,"href":"https:\/\/occasions-teile.ch\/fr\/wp-json\/wp\/v2\/product_cat?post=373562"},{"taxonomy":"product_tag","embeddable":true,"href":"https:\/\/occasions-teile.ch\/fr\/wp-json\/wp\/v2\/product_tag?post=373562"}],"curies":[{"name":"wp","href":"https:\/\/api.w.org\/{rel}","templated":true}]}}