{"id":373477,"date":"2025-11-03T13:59:42","date_gmt":"2025-11-03T13:59:42","guid":{"rendered":"https:\/\/occasions-teile.ch\/product\/audi-audi-sq5-sonnenblenden-2\/"},"modified":"2025-11-03T13:59:56","modified_gmt":"2025-11-03T13:59:56","slug":"audi-audi-sq5-sonnenblenden-2","status":"publish","type":"product","link":"https:\/\/occasions-teile.ch\/fr\/produkt\/audi-audi-sq5-sonnenblenden-2\/","title":{"rendered":"Audi Audi SQ5 Sonnenblenden"},"content":{"rendered":"<p><span><b>Technische Daten<\/b><\/p>\n<p> Fahrzeug: Audi Audi SQ5<br \/>\n Chassis Nr.: WAUZZZ8R6FA075239<br \/>\n Baujahr: 2014<br \/>\n Kilometer: 139376 KM<br \/>\n Leistung: 313 KW<br \/>\n Hubraum: 2967 ccm<br \/>\n Typ: 1AC981<br \/>\n Farbcode: Schwarz<br \/>\n Hinweise: &#8211;<\/p>\n<p> Versand: Versand nur in der Schweiz m\u00f6glich.Im Ausland ist der Transport k\u00e4uferseits.<br \/>\n Garantie: 3 Monate Garantie. Bitte beachten Sie, dass die Gew\u00e4hrleistung nur g\u00fcltig ist, wenn der Ersatzteileinbau durch eine Fachwerkstatt\/Meisterwerkstatt erfolgt. Das Ein- und Ausbau des Ersatzteiles kann nicht an uns verrechnet werden. <\/p>\n<p> Ersatzteil: f\u00fcr andere Fahrzeugen (Marken) verf\u00fcgbar auf anfrage. Tel.041 980 27 47. Mobil. 076 589 27 47<\/p>\n<p> Kontakt<br \/>\n  Adresse: Autoverwertung Brun AG<br \/>\n           M\u00f6\u00f6slimatten 13<br \/>\n           6218 Ettiswil<br \/>\n  Telefon: 0041 (041) 980 27 47<br \/>\n  Telefax: 0041 (041) 980 03 47<\/p>\n<p> Wir bieten Ihnen weitere gebrauchte Autoteile zum Kauf an.<br \/>\n Tags: Sonnenblenden, Sun visors, Pare-soleil<br \/>\n<\/span><\/p>\n","protected":false},"excerpt":{"rendered":"<p>Technische Daten Fahrzeug: Audi Audi SQ5 Chassis Nr.: WAUZZZ8R6FA075239 Baujahr: 2014 Kilometer: 139376 KM Leistung: 313 KW Hubraum: 2967 ccm Typ: 1AC981 Farbcode: Schwarz Hinweise: &#8211; Versand: Versand nur in der Schweiz m\u00f6glich.Im Ausland ist der Transport k\u00e4uferseits. Garantie: 3 Monate Garantie. Bitte beachten Sie, dass die Gew\u00e4hrleistung nur g\u00fcltig ist, wenn der Ersatzteileinbau durch&hellip; <a class=\"more-link\" href=\"https:\/\/occasions-teile.ch\/fr\/produkt\/audi-audi-sq5-sonnenblenden-2\/\">Poursuivre la lecture <span class=\"screen-reader-text\">Audi Audi SQ5 Sonnenblenden<\/span><\/a><\/p>\n","protected":false},"featured_media":373474,"template":"","meta":[],"product_brand":[],"product_cat":[458,461,464,24706,24702,24704,889,885,887,804,810,807,890,886,888,24701,24703,24705],"product_tag":[],"class_list":{"0":"post-373477","1":"product","2":"type-product","3":"status-publish","4":"has-post-thumbnail","6":"product_cat-de_audi","7":"product_cat-en_audi","8":"product_cat-fr_audi","9":"product_cat-fr_slug_audi_audi-sq5_35","10":"product_cat-de_slug_audi_audi-sq5_429","11":"product_cat-en_slug_audi_audi-sq5_213","12":"product_cat-fr-ciel-de-toit-pare-soleil","13":"product_cat-de-dachhimmel-sonnenblenden","14":"product_cat-en-headliner-sun-visors","15":"product_cat-de-innenraum","16":"product_cat-fr-interieur","17":"product_cat-en-interior","18":"product_cat-fr-pare-soleil","19":"product_cat-de-sonnenblenden","20":"product_cat-en-sun-visors","21":"product_cat-de-wauzzz8r6fa075239-200000533","22":"product_cat-en-wauzzz8r6fa075239-200000533","23":"product_cat-fr-wauzzz8r6fa075239-200000533","24":"product_shipping_class-tarif-1","25":"entry","27":"first","28":"instock","29":"taxable","30":"shipping-taxable","31":"purchasable","32":"product-type-simple"},"jetpack_sharing_enabled":true,"_links":{"self":[{"href":"https:\/\/occasions-teile.ch\/fr\/wp-json\/wp\/v2\/product\/373477","targetHints":{"allow":["GET"]}}],"collection":[{"href":"https:\/\/occasions-teile.ch\/fr\/wp-json\/wp\/v2\/product"}],"about":[{"href":"https:\/\/occasions-teile.ch\/fr\/wp-json\/wp\/v2\/types\/product"}],"wp:featuredmedia":[{"embeddable":true,"href":"https:\/\/occasions-teile.ch\/fr\/wp-json\/wp\/v2\/media\/373474"}],"wp:attachment":[{"href":"https:\/\/occasions-teile.ch\/fr\/wp-json\/wp\/v2\/media?parent=373477"}],"wp:term":[{"taxonomy":"product_brand","embeddable":true,"href":"https:\/\/occasions-teile.ch\/fr\/wp-json\/wp\/v2\/product_brand?post=373477"},{"taxonomy":"product_cat","embeddable":true,"href":"https:\/\/occasions-teile.ch\/fr\/wp-json\/wp\/v2\/product_cat?post=373477"},{"taxonomy":"product_tag","embeddable":true,"href":"https:\/\/occasions-teile.ch\/fr\/wp-json\/wp\/v2\/product_tag?post=373477"}],"curies":[{"name":"wp","href":"https:\/\/api.w.org\/{rel}","templated":true}]}}