{"id":373395,"date":"2025-11-01T10:28:37","date_gmt":"2025-11-01T10:28:37","guid":{"rendered":"https:\/\/occasions-teile.ch\/product\/audi-audi-sq5-alufelgen\/"},"modified":"2025-11-01T10:28:48","modified_gmt":"2025-11-01T10:28:48","slug":"audi-audi-sq5-alufelgen","status":"publish","type":"product","link":"https:\/\/occasions-teile.ch\/fr\/produkt\/audi-audi-sq5-alufelgen\/","title":{"rendered":"Audi Audi SQ5 Alufelgen"},"content":{"rendered":"<p><span><b>Technische Daten<\/b><\/p>\n<p> Fahrzeug: Audi Audi SQ5<br \/>\n Chassis Nr.: WAUZZZ8R6FA075239<br \/>\n Baujahr: 2014<br \/>\n Kilometer: 139376 KM<br \/>\n Leistung: 313 KW<br \/>\n Hubraum: 2967 ccm<br \/>\n Typ: 1AC981<br \/>\n Farbcode: Schwarz<br \/>\n Hinweise: 8,5&#215;20 ET33 225\/45R20<br \/>\nSommerferien zu ersetzen<\/p>\n<p> Versand: Versand nur in der Schweiz m\u00f6glich.Im Ausland ist der Transport k\u00e4uferseits.<br \/>\n Garantie: 3 Monate Garantie. Bitte beachten Sie, dass die Gew\u00e4hrleistung nur g\u00fcltig ist, wenn der Ersatzteileinbau durch eine Fachwerkstatt\/Meisterwerkstatt erfolgt. Das Ein- und Ausbau des Ersatzteiles kann nicht an uns verrechnet werden. <\/p>\n<p> Ersatzteil: f\u00fcr andere Fahrzeugen (Marken) verf\u00fcgbar auf anfrage. Tel.041 980 27 47. Mobil. 076 589 27 47<\/p>\n<p> Kontakt<br \/>\n  Adresse: Autoverwertung Brun AG<br \/>\n           M\u00f6\u00f6slimatten 13<br \/>\n           6218 Ettiswil<br \/>\n  Telefon: 0041 (041) 980 27 47<br \/>\n  Telefax: 0041 (041) 980 03 47<\/p>\n<p> Wir bieten Ihnen weitere gebrauchte Autoteile zum Kauf an.<br \/>\n Tags: Alufelgen, Aluminum rims, Jantes en aluminium<br \/>\n<\/span><\/p>\n","protected":false},"excerpt":{"rendered":"<p>Technische Daten Fahrzeug: Audi Audi SQ5 Chassis Nr.: WAUZZZ8R6FA075239 Baujahr: 2014 Kilometer: 139376 KM Leistung: 313 KW Hubraum: 2967 ccm Typ: 1AC981 Farbcode: Schwarz Hinweise: 8,5&#215;20 ET33 225\/45R20 Sommerferien zu ersetzen Versand: Versand nur in der Schweiz m\u00f6glich.Im Ausland ist der Transport k\u00e4uferseits. Garantie: 3 Monate Garantie. Bitte beachten Sie, dass die Gew\u00e4hrleistung nur g\u00fcltig&hellip; <a class=\"more-link\" href=\"https:\/\/occasions-teile.ch\/fr\/produkt\/audi-audi-sq5-alufelgen\/\">Poursuivre la lecture <span class=\"screen-reader-text\">Audi Audi SQ5 Alufelgen<\/span><\/a><\/p>\n","protected":false},"featured_media":373392,"template":"","meta":[],"product_brand":[],"product_cat":[1176,464,458,461,24704,24706,24702,1175,1787,1786,550,556,1784,1785,24705,24701,24703,553],"product_tag":[],"class_list":{"0":"post-373395","1":"product","2":"type-product","3":"status-publish","4":"has-post-thumbnail","6":"product_cat-de-alufelgen-felgensatz","7":"product_cat-fr_audi","8":"product_cat-de_audi","9":"product_cat-en_audi","10":"product_cat-en_slug_audi_audi-sq5_213","11":"product_cat-fr_slug_audi_audi-sq5_35","12":"product_cat-de_slug_audi_audi-sq5_429","13":"product_cat-de-felgensatz","14":"product_cat-fr-jeu-de-jantes-fr-jeu-de-jantes","15":"product_cat-fr-jeu-de-jantes","16":"product_cat-de-raeder-reifen-felgen","17":"product_cat-fr-roues-pneus-jantes","18":"product_cat-en-set-of-rims-en-wheels-tires-rims","19":"product_cat-en-set-of-rims-en-set-of-rims-en-wheels-tires-rims","20":"product_cat-fr-wauzzz8r6fa075239-200000533","21":"product_cat-de-wauzzz8r6fa075239-200000533","22":"product_cat-en-wauzzz8r6fa075239-200000533","23":"product_cat-en-wheels-tires-rims","24":"product_shipping_class-tarif-2","25":"entry","27":"first","28":"instock","29":"taxable","30":"shipping-taxable","31":"purchasable","32":"product-type-simple"},"jetpack_sharing_enabled":true,"_links":{"self":[{"href":"https:\/\/occasions-teile.ch\/fr\/wp-json\/wp\/v2\/product\/373395","targetHints":{"allow":["GET"]}}],"collection":[{"href":"https:\/\/occasions-teile.ch\/fr\/wp-json\/wp\/v2\/product"}],"about":[{"href":"https:\/\/occasions-teile.ch\/fr\/wp-json\/wp\/v2\/types\/product"}],"wp:featuredmedia":[{"embeddable":true,"href":"https:\/\/occasions-teile.ch\/fr\/wp-json\/wp\/v2\/media\/373392"}],"wp:attachment":[{"href":"https:\/\/occasions-teile.ch\/fr\/wp-json\/wp\/v2\/media?parent=373395"}],"wp:term":[{"taxonomy":"product_brand","embeddable":true,"href":"https:\/\/occasions-teile.ch\/fr\/wp-json\/wp\/v2\/product_brand?post=373395"},{"taxonomy":"product_cat","embeddable":true,"href":"https:\/\/occasions-teile.ch\/fr\/wp-json\/wp\/v2\/product_cat?post=373395"},{"taxonomy":"product_tag","embeddable":true,"href":"https:\/\/occasions-teile.ch\/fr\/wp-json\/wp\/v2\/product_tag?post=373395"}],"curies":[{"name":"wp","href":"https:\/\/api.w.org\/{rel}","templated":true}]}}