{"id":373184,"date":"2025-10-30T15:32:02","date_gmt":"2025-10-30T15:32:02","guid":{"rendered":"https:\/\/occasions-teile.ch\/product\/mazda-cx-3-lenkwinkelsensor-schleifring-3\/"},"modified":"2025-10-30T15:32:16","modified_gmt":"2025-10-30T15:32:16","slug":"mazda-cx-3-lenkwinkelsensor-schleifring-3","status":"publish","type":"product","link":"https:\/\/occasions-teile.ch\/fr\/produkt\/mazda-cx-3-lenkwinkelsensor-schleifring-3\/","title":{"rendered":"Mazda CX-3  Lenkwinkelsensor Schleifring"},"content":{"rendered":"<p><span><b>Technische Daten<\/b><\/p>\n<p> Fahrzeug: Mazda CX-3<br \/>\n Chassis Nr.: JMZDKFWSA10128008<br \/>\n Baujahr: 2016<br \/>\n Kilometer: 141271 KM<br \/>\n Leistung: 105 KW<br \/>\n Hubraum: 1499 ccm<br \/>\n Typ: 1MB122<br \/>\n Farbcode: grau<br \/>\n Hinweise: Stecker zum ersetzen<\/p>\n<p> Versand: Versand nur in der Schweiz m\u00f6glich.Im Ausland ist der Transport k\u00e4uferseits.<br \/>\n Garantie: 3 Monate Garantie. Bitte beachten Sie, dass die Gew\u00e4hrleistung nur g\u00fcltig ist, wenn der Ersatzteileinbau durch eine Fachwerkstatt\/Meisterwerkstatt erfolgt. Das Ein- und Ausbau des Ersatzteiles kann nicht an uns verrechnet werden. <\/p>\n<p> Ersatzteil: f\u00fcr andere Fahrzeugen (Marken) verf\u00fcgbar auf anfrage. Tel.041 980 27 47. Mobil. 076 589 27 47<\/p>\n<p> Kontakt<br \/>\n  Adresse: Autoverwertung Brun AG<br \/>\n           M\u00f6\u00f6slimatten 13<br \/>\n           6218 Ettiswil<br \/>\n  Telefon: 0041 (041) 980 27 47<br \/>\n  Telefax: 0041 (041) 980 03 47<\/p>\n<p> Wir bieten Ihnen weitere gebrauchte Autoteile zum Kauf an.<br \/>\n Tags: Lenkwinkelsensor Schleifring, Steering angle sensor slip ring, Bague collectrice du capteur d&rsquo;angle de braquage<br \/>\n<\/span><\/p>\n","protected":false},"excerpt":{"rendered":"<p>Technische Daten Fahrzeug: Mazda CX-3 Chassis Nr.: JMZDKFWSA10128008 Baujahr: 2016 Kilometer: 141271 KM Leistung: 105 KW Hubraum: 1499 ccm Typ: 1MB122 Farbcode: grau Hinweise: Stecker zum ersetzen Versand: Versand nur in der Schweiz m\u00f6glich.Im Ausland ist der Transport k\u00e4uferseits. Garantie: 3 Monate Garantie. Bitte beachten Sie, dass die Gew\u00e4hrleistung nur g\u00fcltig ist, wenn der Ersatzteileinbau&hellip; <a class=\"more-link\" href=\"https:\/\/occasions-teile.ch\/fr\/produkt\/mazda-cx-3-lenkwinkelsensor-schleifring-3\/\">Poursuivre la lecture <span class=\"screen-reader-text\">Mazda CX-3  Lenkwinkelsensor Schleifring<\/span><\/a><\/p>\n","protected":false},"featured_media":373181,"template":"","meta":[],"product_brand":[],"product_cat":[1143,1144,544,9236,9239,9228,541,24695,24696,24697,1308,1311,1314,1140,1139,1142,1141,547],"product_tag":[],"class_list":{"0":"post-373184","1":"product","2":"type-product","3":"status-publish","4":"has-post-thumbnail","6":"product_cat-fr-capteursbague-collectrice","7":"product_cat-fr-capteursbague-collectrice-fr-capteursbague-collectrice","8":"product_cat-en-chassis-steering","9":"product_cat-en_slug_mazda_cx-3_765","10":"product_cat-fr_slug_mazda_cx-3_595","11":"product_cat-de_slug_mazda_cx-3_432","12":"product_cat-de-fahrwerk-lenkung","13":"product_cat-de-jmzdkfwsa10128008-200000534","14":"product_cat-en-jmzdkfwsa10128008-200000534","15":"product_cat-fr-jmzdkfwsa10128008-200000534","16":"product_cat-de_mazda","17":"product_cat-en_mazda","18":"product_cat-fr_mazda","19":"product_cat-de-sensoren-schleifring","20":"product_cat-de-sensorenschleifring","21":"product_cat-en-sensors-slip-ring","22":"product_cat-en-sensorsslip-ring","23":"product_cat-fr-train-de-roulement-direction","24":"product_shipping_class-tarif-1","25":"entry","27":"first","28":"instock","29":"taxable","30":"shipping-taxable","31":"purchasable","32":"product-type-simple"},"jetpack_sharing_enabled":true,"_links":{"self":[{"href":"https:\/\/occasions-teile.ch\/fr\/wp-json\/wp\/v2\/product\/373184","targetHints":{"allow":["GET"]}}],"collection":[{"href":"https:\/\/occasions-teile.ch\/fr\/wp-json\/wp\/v2\/product"}],"about":[{"href":"https:\/\/occasions-teile.ch\/fr\/wp-json\/wp\/v2\/types\/product"}],"wp:featuredmedia":[{"embeddable":true,"href":"https:\/\/occasions-teile.ch\/fr\/wp-json\/wp\/v2\/media\/373181"}],"wp:attachment":[{"href":"https:\/\/occasions-teile.ch\/fr\/wp-json\/wp\/v2\/media?parent=373184"}],"wp:term":[{"taxonomy":"product_brand","embeddable":true,"href":"https:\/\/occasions-teile.ch\/fr\/wp-json\/wp\/v2\/product_brand?post=373184"},{"taxonomy":"product_cat","embeddable":true,"href":"https:\/\/occasions-teile.ch\/fr\/wp-json\/wp\/v2\/product_cat?post=373184"},{"taxonomy":"product_tag","embeddable":true,"href":"https:\/\/occasions-teile.ch\/fr\/wp-json\/wp\/v2\/product_tag?post=373184"}],"curies":[{"name":"wp","href":"https:\/\/api.w.org\/{rel}","templated":true}]}}