{"id":372951,"date":"2025-10-30T08:44:54","date_gmt":"2025-10-30T08:44:54","guid":{"rendered":"https:\/\/occasions-teile.ch\/product\/mazda-cx-3-spiegel-aussenspiegel-vorne-5\/"},"modified":"2025-10-30T08:45:07","modified_gmt":"2025-10-30T08:45:07","slug":"mazda-cx-3-spiegel-aussenspiegel-vorne-5","status":"publish","type":"product","link":"https:\/\/occasions-teile.ch\/fr\/produkt\/mazda-cx-3-spiegel-aussenspiegel-vorne-5\/","title":{"rendered":"Mazda CX-3  Spiegel Au\u00dfenspiegel vorne"},"content":{"rendered":"<p><span><b>Technische Daten<\/b><\/p>\n<p> Fahrzeug: Mazda CX-3<br \/>\n Chassis Nr.: JMZDKFWSA10128008<br \/>\n Baujahr: 2016<br \/>\n Kilometer: 141271 KM<br \/>\n Leistung: 105 KW<br \/>\n Hubraum: 1499 ccm<br \/>\n Typ: 1MB122<br \/>\n Farbcode: grau<br \/>\n Hinweise: &#8211;<\/p>\n<p> Versand: Versand nur in der Schweiz m\u00f6glich.Im Ausland ist der Transport k\u00e4uferseits.<br \/>\n Garantie: 3 Monate Garantie. Bitte beachten Sie, dass die Gew\u00e4hrleistung nur g\u00fcltig ist, wenn der Ersatzteileinbau durch eine Fachwerkstatt\/Meisterwerkstatt erfolgt. Das Ein- und Ausbau des Ersatzteiles kann nicht an uns verrechnet werden. <\/p>\n<p> Ersatzteil: f\u00fcr andere Fahrzeugen (Marken) verf\u00fcgbar auf anfrage. Tel.041 980 27 47. Mobil. 076 589 27 47<\/p>\n<p> Kontakt<br \/>\n  Adresse: Autoverwertung Brun AG<br \/>\n           M\u00f6\u00f6slimatten 13<br \/>\n           6218 Ettiswil<br \/>\n  Telefon: 0041 (041) 980 27 47<br \/>\n  Telefax: 0041 (041) 980 03 47<\/p>\n<p> Wir bieten Ihnen weitere gebrauchte Autoteile zum Kauf an.<br \/>\n Tags: Spiegel Au\u00dfenspiegel vorne, Exterior mirrors complete , Re\u00b4troviseur exte\u00b4rieur complet<br \/>\n<\/span><\/p>\n","protected":false},"excerpt":{"rendered":"<p>Technische Daten Fahrzeug: Mazda CX-3 Chassis Nr.: JMZDKFWSA10128008 Baujahr: 2016 Kilometer: 141271 KM Leistung: 105 KW Hubraum: 1499 ccm Typ: 1MB122 Farbcode: grau Hinweise: &#8211; Versand: Versand nur in der Schweiz m\u00f6glich.Im Ausland ist der Transport k\u00e4uferseits. Garantie: 3 Monate Garantie. Bitte beachten Sie, dass die Gew\u00e4hrleistung nur g\u00fcltig ist, wenn der Ersatzteileinbau durch eine&hellip; <a class=\"more-link\" href=\"https:\/\/occasions-teile.ch\/fr\/produkt\/mazda-cx-3-spiegel-aussenspiegel-vorne-5\/\">Poursuivre la lecture <span class=\"screen-reader-text\">Mazda CX-3  Spiegel Au\u00dfenspiegel vorne<\/span><\/a><\/p>\n","protected":false},"featured_media":372948,"template":"","meta":[],"product_brand":[],"product_cat":[768,488,491,9228,9236,9239,770,771,24696,24697,24695,485,1314,1308,1311,772,773,769],"product_tag":[],"class_list":{"0":"post-372951","1":"product","2":"type-product","3":"status-publish","4":"has-post-thumbnail","6":"product_cat-de-aussenspiegel","7":"product_cat-en-body-center","8":"product_cat-fr-centre-de-la-carrosserie","9":"product_cat-de_slug_mazda_cx-3_432","10":"product_cat-en_slug_mazda_cx-3_765","11":"product_cat-fr_slug_mazda_cx-3_595","12":"product_cat-en-exterior-mirror","13":"product_cat-en-exterior-mirrors-complete","14":"product_cat-en-jmzdkfwsa10128008-200000534","15":"product_cat-fr-jmzdkfwsa10128008-200000534","16":"product_cat-de-jmzdkfwsa10128008-200000534","17":"product_cat-de-karosserie-mitte","18":"product_cat-fr_mazda","19":"product_cat-de_mazda","20":"product_cat-en_mazda","21":"product_cat-fr-retroviseur-exterieur","22":"product_cat-fr-retroviseur-exterieur-complet","23":"product_cat-de-spiegel-aussenspiegel-vorne","24":"product_shipping_class-tarif-1","25":"entry","27":"first","28":"instock","29":"taxable","30":"shipping-taxable","31":"purchasable","32":"product-type-simple"},"jetpack_sharing_enabled":true,"_links":{"self":[{"href":"https:\/\/occasions-teile.ch\/fr\/wp-json\/wp\/v2\/product\/372951","targetHints":{"allow":["GET"]}}],"collection":[{"href":"https:\/\/occasions-teile.ch\/fr\/wp-json\/wp\/v2\/product"}],"about":[{"href":"https:\/\/occasions-teile.ch\/fr\/wp-json\/wp\/v2\/types\/product"}],"wp:featuredmedia":[{"embeddable":true,"href":"https:\/\/occasions-teile.ch\/fr\/wp-json\/wp\/v2\/media\/372948"}],"wp:attachment":[{"href":"https:\/\/occasions-teile.ch\/fr\/wp-json\/wp\/v2\/media?parent=372951"}],"wp:term":[{"taxonomy":"product_brand","embeddable":true,"href":"https:\/\/occasions-teile.ch\/fr\/wp-json\/wp\/v2\/product_brand?post=372951"},{"taxonomy":"product_cat","embeddable":true,"href":"https:\/\/occasions-teile.ch\/fr\/wp-json\/wp\/v2\/product_cat?post=372951"},{"taxonomy":"product_tag","embeddable":true,"href":"https:\/\/occasions-teile.ch\/fr\/wp-json\/wp\/v2\/product_tag?post=372951"}],"curies":[{"name":"wp","href":"https:\/\/api.w.org\/{rel}","templated":true}]}}