{"id":372167,"date":"2025-10-23T13:55:44","date_gmt":"2025-10-23T13:55:44","guid":{"rendered":"https:\/\/occasions-teile.ch\/product\/seat-leon-ladegeraet-batterie\/"},"modified":"2025-10-23T13:55:55","modified_gmt":"2025-10-23T13:55:55","slug":"seat-leon-ladegeraet-batterie","status":"publish","type":"product","link":"https:\/\/occasions-teile.ch\/fr\/produkt\/seat-leon-ladegeraet-batterie\/","title":{"rendered":"SEAT Leon  Ladeger\u00e4t Batterie"},"content":{"rendered":"<p><span><b>Technische Daten<\/b><\/p>\n<p> Fahrzeug: SEAT Leon<br \/>\n Chassis Nr.: VSSZZZKLZMR007001<br \/>\n Baujahr: 2021<br \/>\n Kilometer: 153126 KM<br \/>\n Leistung: 150 KW<br \/>\n Hubraum: 2000 ccm<br \/>\n Typ: xxxx<br \/>\n Farbcode: silberblau<br \/>\n Hinweise: &#8211;<\/p>\n<p> Versand: Versand nur in der Schweiz m\u00f6glich.Im Ausland ist der Transport k\u00e4uferseits.<br \/>\n Garantie: 3 Monate Garantie. Bitte beachten Sie, dass die Gew\u00e4hrleistung nur g\u00fcltig ist, wenn der Ersatzteileinbau durch eine Fachwerkstatt\/Meisterwerkstatt erfolgt. Das Ein- und Ausbau des Ersatzteiles kann nicht an uns verrechnet werden. <\/p>\n<p> Ersatzteil: f\u00fcr andere Fahrzeugen (Marken) verf\u00fcgbar auf anfrage. Tel.041 980 27 47. Mobil. 076 589 27 47<\/p>\n<p> Kontakt<br \/>\n  Adresse: Autoverwertung Brun AG<br \/>\n           M\u00f6\u00f6slimatten 13<br \/>\n           6218 Ettiswil<br \/>\n  Telefon: 0041 (041) 980 27 47<br \/>\n  Telefax: 0041 (041) 980 03 47<\/p>\n<p> Wir bieten Ihnen weitere gebrauchte Autoteile zum Kauf an.<br \/>\n Tags: Ladeger\u00e4t Batterie, Charger Battery, Chargeur Batterie<br \/>\n<\/span><\/p>\n","protected":false},"excerpt":{"rendered":"<p>Technische Daten Fahrzeug: SEAT Leon Chassis Nr.: VSSZZZKLZMR007001 Baujahr: 2021 Kilometer: 153126 KM Leistung: 150 KW Hubraum: 2000 ccm Typ: xxxx Farbcode: silberblau Hinweise: &#8211; Versand: Versand nur in der Schweiz m\u00f6glich.Im Ausland ist der Transport k\u00e4uferseits. Garantie: 3 Monate Garantie. Bitte beachten Sie, dass die Gew\u00e4hrleistung nur g\u00fcltig ist, wenn der Ersatzteileinbau durch eine&hellip; <a class=\"more-link\" href=\"https:\/\/occasions-teile.ch\/fr\/produkt\/seat-leon-ladegeraet-batterie\/\">Poursuivre la lecture <span class=\"screen-reader-text\">SEAT Leon  Ladeger\u00e4t Batterie<\/span><\/a><\/p>\n","protected":false},"featured_media":372164,"template":"","meta":[],"product_brand":[],"product_cat":[6556,6208,6556,6208,1806,1806,1806,6556,6208,1495,1495,1495,1494,1494,1494,24689,24689,24689],"product_tag":[],"class_list":{"0":"post-372167","1":"product","2":"type-product","3":"status-publish","4":"has-post-thumbnail","6":"product_cat-de-ladegeraet-batterie-ladegeraetbatterie","7":"product_cat-de-ladegeraetbatterie-hybrid-elektro","10":"product_cat-de-hybrid-elektro","15":"product_cat-de_leon","18":"product_cat-de_seat","21":"product_cat-de-vsszzzklzmr007001-200000529","24":"product_shipping_class-tarif-1","25":"entry","27":"first","28":"instock","29":"taxable","30":"shipping-taxable","31":"purchasable","32":"product-type-simple"},"jetpack_sharing_enabled":true,"_links":{"self":[{"href":"https:\/\/occasions-teile.ch\/fr\/wp-json\/wp\/v2\/product\/372167","targetHints":{"allow":["GET"]}}],"collection":[{"href":"https:\/\/occasions-teile.ch\/fr\/wp-json\/wp\/v2\/product"}],"about":[{"href":"https:\/\/occasions-teile.ch\/fr\/wp-json\/wp\/v2\/types\/product"}],"wp:featuredmedia":[{"embeddable":true,"href":"https:\/\/occasions-teile.ch\/fr\/wp-json\/wp\/v2\/media\/372164"}],"wp:attachment":[{"href":"https:\/\/occasions-teile.ch\/fr\/wp-json\/wp\/v2\/media?parent=372167"}],"wp:term":[{"taxonomy":"product_brand","embeddable":true,"href":"https:\/\/occasions-teile.ch\/fr\/wp-json\/wp\/v2\/product_brand?post=372167"},{"taxonomy":"product_cat","embeddable":true,"href":"https:\/\/occasions-teile.ch\/fr\/wp-json\/wp\/v2\/product_cat?post=372167"},{"taxonomy":"product_tag","embeddable":true,"href":"https:\/\/occasions-teile.ch\/fr\/wp-json\/wp\/v2\/product_tag?post=372167"}],"curies":[{"name":"wp","href":"https:\/\/api.w.org\/{rel}","templated":true}]}}