{"id":371851,"date":"2025-10-20T15:59:54","date_gmt":"2025-10-20T15:59:54","guid":{"rendered":"https:\/\/occasions-teile.ch\/product\/mercedes-benz-a-class-rueckbank-sitzbank-2\/"},"modified":"2025-10-20T16:00:08","modified_gmt":"2025-10-20T16:00:08","slug":"mercedes-benz-a-class-rueckbank-sitzbank-2","status":"publish","type":"product","link":"https:\/\/occasions-teile.ch\/fr\/produkt\/mercedes-benz-a-class-rueckbank-sitzbank-2\/","title":{"rendered":"Mercedes-Benz A-CLASS  R\u00fcckbank Sitzbank"},"content":{"rendered":"<p><span><b>Technische Daten<\/b><\/p>\n<p> Fahrzeug: Mercedes-Benz A-CLASS<br \/>\n Chassis Nr.: WDD1760511J474647<br \/>\n Baujahr: 2016<br \/>\n Kilometer: 138715 KM<br \/>\n Leistung: 218 KW<br \/>\n Hubraum: 1991 ccm<br \/>\n Typ: 1MG638<br \/>\n Farbcode: Schwarz<br \/>\n Hinweise: &#8211;<\/p>\n<p> Versand: Versand nur in der Schweiz m\u00f6glich.Im Ausland ist der Transport k\u00e4uferseits.<br \/>\n Garantie: 3 Monate Garantie. Bitte beachten Sie, dass die Gew\u00e4hrleistung nur g\u00fcltig ist, wenn der Ersatzteileinbau durch eine Fachwerkstatt\/Meisterwerkstatt erfolgt. Das Ein- und Ausbau des Ersatzteiles kann nicht an uns verrechnet werden. <\/p>\n<p> Ersatzteil: f\u00fcr andere Fahrzeugen (Marken) verf\u00fcgbar auf anfrage. Tel.041 980 27 47. Mobil. 076 589 27 47<\/p>\n<p> Kontakt<br \/>\n  Adresse: Autoverwertung Brun AG<br \/>\n           M\u00f6\u00f6slimatten 13<br \/>\n           6218 Ettiswil<br \/>\n  Telefon: 0041 (041) 980 27 47<br \/>\n  Telefax: 0041 (041) 980 03 47<\/p>\n<p> Wir bieten Ihnen weitere gebrauchte Autoteile zum Kauf an.<br \/>\n Tags: R\u00fcckbank Sitzbank, rear bench seat, banquette arri\u00e8re<br \/>\n<\/span><\/p>\n","protected":false},"excerpt":{"rendered":"<p>Technische Daten Fahrzeug: Mercedes-Benz A-CLASS Chassis Nr.: WDD1760511J474647 Baujahr: 2016 Kilometer: 138715 KM Leistung: 218 KW Hubraum: 1991 ccm Typ: 1MG638 Farbcode: Schwarz Hinweise: &#8211; Versand: Versand nur in der Schweiz m\u00f6glich.Im Ausland ist der Transport k\u00e4uferseits. Garantie: 3 Monate Garantie. Bitte beachten Sie, dass die Gew\u00e4hrleistung nur g\u00fcltig ist, wenn der Ersatzteileinbau durch eine&hellip; <a class=\"more-link\" href=\"https:\/\/occasions-teile.ch\/fr\/produkt\/mercedes-benz-a-class-rueckbank-sitzbank-2\/\">Poursuivre la lecture <span class=\"screen-reader-text\">Mercedes-Benz A-CLASS  R\u00fcckbank Sitzbank<\/span><\/a><\/p>\n","protected":false},"featured_media":371848,"template":"","meta":[],"product_brand":[],"product_cat":[5645,5646,5647,1538,1539,804,810,807,1256,1259,1262,1536,1537,1535,1534,24681,24682,24680],"product_tag":[],"class_list":{"0":"post-371851","1":"product","2":"type-product","3":"status-publish","4":"has-post-thumbnail","6":"product_cat-de_slug_mercedes-benz_a-class_642","7":"product_cat-en_slug_mercedes-benz_a-class_230","8":"product_cat-fr_slug_mercedes-benz_a-class_2","9":"product_cat-fr-autres","10":"product_cat-fr-banquette-arriere","11":"product_cat-de-innenraum","12":"product_cat-fr-interieur","13":"product_cat-en-interior","14":"product_cat-de_mercedes-benz","15":"product_cat-en_mercedes-benz","16":"product_cat-fr_mercedes-benz","17":"product_cat-en-other-en-interior","18":"product_cat-en-rear-bench-seat","19":"product_cat-de-rueckbank-sitzbank","20":"product_cat-de-sonstiges-de-innenraum","21":"product_cat-en-wdd1760511j474647-200000526","22":"product_cat-fr-wdd1760511j474647-200000526","23":"product_cat-de-wdd1760511j474647-200000526","24":"product_shipping_class-tarif-4","25":"entry","27":"first","28":"instock","29":"taxable","30":"shipping-taxable","31":"purchasable","32":"product-type-simple"},"jetpack_sharing_enabled":true,"_links":{"self":[{"href":"https:\/\/occasions-teile.ch\/fr\/wp-json\/wp\/v2\/product\/371851","targetHints":{"allow":["GET"]}}],"collection":[{"href":"https:\/\/occasions-teile.ch\/fr\/wp-json\/wp\/v2\/product"}],"about":[{"href":"https:\/\/occasions-teile.ch\/fr\/wp-json\/wp\/v2\/types\/product"}],"wp:featuredmedia":[{"embeddable":true,"href":"https:\/\/occasions-teile.ch\/fr\/wp-json\/wp\/v2\/media\/371848"}],"wp:attachment":[{"href":"https:\/\/occasions-teile.ch\/fr\/wp-json\/wp\/v2\/media?parent=371851"}],"wp:term":[{"taxonomy":"product_brand","embeddable":true,"href":"https:\/\/occasions-teile.ch\/fr\/wp-json\/wp\/v2\/product_brand?post=371851"},{"taxonomy":"product_cat","embeddable":true,"href":"https:\/\/occasions-teile.ch\/fr\/wp-json\/wp\/v2\/product_cat?post=371851"},{"taxonomy":"product_tag","embeddable":true,"href":"https:\/\/occasions-teile.ch\/fr\/wp-json\/wp\/v2\/product_tag?post=371851"}],"curies":[{"name":"wp","href":"https:\/\/api.w.org\/{rel}","templated":true}]}}