{"id":371704,"date":"2025-10-20T07:58:40","date_gmt":"2025-10-20T07:58:40","guid":{"rendered":"https:\/\/occasions-teile.ch\/product\/mercedes-benz-a-class-ladegeraet-batterie\/"},"modified":"2025-10-20T07:58:50","modified_gmt":"2025-10-20T07:58:50","slug":"mercedes-benz-a-class-ladegeraet-batterie","status":"publish","type":"product","link":"https:\/\/occasions-teile.ch\/fr\/produkt\/mercedes-benz-a-class-ladegeraet-batterie\/","title":{"rendered":"Mercedes-Benz A-CLASS  Ladeger\u00e4t Batterie"},"content":{"rendered":"<p><span><b>Technische Daten<\/b><\/p>\n<p> Fahrzeug: Mercedes-Benz A-CLASS<br \/>\n Chassis Nr.: WDD1760511J474647<br \/>\n Baujahr: 2016<br \/>\n Kilometer: 138715 KM<br \/>\n Leistung: 218 KW<br \/>\n Hubraum: 1991 ccm<br \/>\n Typ: 1MG638<br \/>\n Farbcode: Schwarz<br \/>\n Hinweise: &#8211;<\/p>\n<p> Versand: Versand nur in der Schweiz m\u00f6glich.Im Ausland ist der Transport k\u00e4uferseits.<br \/>\n Garantie: 3 Monate Garantie. Bitte beachten Sie, dass die Gew\u00e4hrleistung nur g\u00fcltig ist, wenn der Ersatzteileinbau durch eine Fachwerkstatt\/Meisterwerkstatt erfolgt. Das Ein- und Ausbau des Ersatzteiles kann nicht an uns verrechnet werden. <\/p>\n<p> Ersatzteil: f\u00fcr andere Fahrzeugen (Marken) verf\u00fcgbar auf anfrage. Tel.041 980 27 47. Mobil. 076 589 27 47<\/p>\n<p> Kontakt<br \/>\n  Adresse: Autoverwertung Brun AG<br \/>\n           M\u00f6\u00f6slimatten 13<br \/>\n           6218 Ettiswil<br \/>\n  Telefon: 0041 (041) 980 27 47<br \/>\n  Telefax: 0041 (041) 980 03 47<\/p>\n<p> Wir bieten Ihnen weitere gebrauchte Autoteile zum Kauf an.<br \/>\n Tags: Ladeger\u00e4t Batterie, Charger Battery, Chargeur Batterie<br \/>\n<\/span><\/p>\n","protected":false},"excerpt":{"rendered":"<p>Technische Daten Fahrzeug: Mercedes-Benz A-CLASS Chassis Nr.: WDD1760511J474647 Baujahr: 2016 Kilometer: 138715 KM Leistung: 218 KW Hubraum: 1991 ccm Typ: 1MG638 Farbcode: Schwarz Hinweise: &#8211; Versand: Versand nur in der Schweiz m\u00f6glich.Im Ausland ist der Transport k\u00e4uferseits. Garantie: 3 Monate Garantie. Bitte beachten Sie, dass die Gew\u00e4hrleistung nur g\u00fcltig ist, wenn der Ersatzteileinbau durch eine&hellip; <a class=\"more-link\" href=\"https:\/\/occasions-teile.ch\/fr\/produkt\/mercedes-benz-a-class-ladegeraet-batterie\/\">Poursuivre la lecture <span class=\"screen-reader-text\">Mercedes-Benz A-CLASS  Ladeger\u00e4t Batterie<\/span><\/a><\/p>\n","protected":false},"featured_media":371701,"template":"","meta":[],"product_brand":[],"product_cat":[5646,5647,5645,6557,6209,6558,6210,1809,1806,1812,6556,6208,1262,1256,1259,24681,24682,24680],"product_tag":[],"class_list":{"0":"post-371704","1":"product","2":"type-product","3":"status-publish","4":"has-post-thumbnail","6":"product_cat-en_slug_mercedes-benz_a-class_230","7":"product_cat-fr_slug_mercedes-benz_a-class_2","8":"product_cat-de_slug_mercedes-benz_a-class_642","9":"product_cat-en-charger-battery-ladegeraetbatterie","10":"product_cat-en-chargerbattery-hybrid-elektro","11":"product_cat-fr-chargeur-batterie-ladegeraetbatterie","12":"product_cat-fr-chargeurbatterie-hybrid-elektro","13":"product_cat-en-hybrid-electric","14":"product_cat-de-hybrid-elektro","15":"product_cat-fr-hybride-electrique","16":"product_cat-de-ladegeraet-batterie-ladegeraetbatterie","17":"product_cat-de-ladegeraetbatterie-hybrid-elektro","18":"product_cat-fr_mercedes-benz","19":"product_cat-de_mercedes-benz","20":"product_cat-en_mercedes-benz","21":"product_cat-en-wdd1760511j474647-200000526","22":"product_cat-fr-wdd1760511j474647-200000526","23":"product_cat-de-wdd1760511j474647-200000526","24":"product_shipping_class-tarif-1","25":"entry","27":"first","28":"instock","29":"taxable","30":"shipping-taxable","31":"purchasable","32":"product-type-simple"},"jetpack_sharing_enabled":true,"_links":{"self":[{"href":"https:\/\/occasions-teile.ch\/fr\/wp-json\/wp\/v2\/product\/371704","targetHints":{"allow":["GET"]}}],"collection":[{"href":"https:\/\/occasions-teile.ch\/fr\/wp-json\/wp\/v2\/product"}],"about":[{"href":"https:\/\/occasions-teile.ch\/fr\/wp-json\/wp\/v2\/types\/product"}],"wp:featuredmedia":[{"embeddable":true,"href":"https:\/\/occasions-teile.ch\/fr\/wp-json\/wp\/v2\/media\/371701"}],"wp:attachment":[{"href":"https:\/\/occasions-teile.ch\/fr\/wp-json\/wp\/v2\/media?parent=371704"}],"wp:term":[{"taxonomy":"product_brand","embeddable":true,"href":"https:\/\/occasions-teile.ch\/fr\/wp-json\/wp\/v2\/product_brand?post=371704"},{"taxonomy":"product_cat","embeddable":true,"href":"https:\/\/occasions-teile.ch\/fr\/wp-json\/wp\/v2\/product_cat?post=371704"},{"taxonomy":"product_tag","embeddable":true,"href":"https:\/\/occasions-teile.ch\/fr\/wp-json\/wp\/v2\/product_tag?post=371704"}],"curies":[{"name":"wp","href":"https:\/\/api.w.org\/{rel}","templated":true}]}}