{"id":371419,"date":"2025-10-10T09:33:02","date_gmt":"2025-10-10T09:33:02","guid":{"rendered":"https:\/\/occasions-teile.ch\/product\/seat-altea-spiegel-aussenspiegel-vorne-2\/"},"modified":"2025-10-10T09:33:13","modified_gmt":"2025-10-10T09:33:13","slug":"seat-altea-spiegel-aussenspiegel-vorne-2","status":"publish","type":"product","link":"https:\/\/occasions-teile.ch\/fr\/produkt\/seat-altea-spiegel-aussenspiegel-vorne-2\/","title":{"rendered":"SEAT Altea  Spiegel Au\u00dfenspiegel vorne"},"content":{"rendered":"<p><span><b>Technische Daten<\/b><\/p>\n<p> Fahrzeug: SEAT Altea<br \/>\n Chassis Nr.: VSSZZZ5PZ9R009507<br \/>\n Baujahr: 2008<br \/>\n Kilometer: 0 KM<br \/>\n Leistung: 92 KW<br \/>\n Hubraum: 1390 ccm<br \/>\n Typ: X<br \/>\n Farbcode: &#8211;<br \/>\n Hinweise: &#8211;<\/p>\n<p> Versand: Versand nur in der Schweiz m\u00f6glich.Im Ausland ist der Transport k\u00e4uferseits.<br \/>\n Garantie: 3 Monate Garantie. Bitte beachten Sie, dass die Gew\u00e4hrleistung nur g\u00fcltig ist, wenn der Ersatzteileinbau durch eine Fachwerkstatt\/Meisterwerkstatt erfolgt. Das Ein- und Ausbau des Ersatzteiles kann nicht an uns verrechnet werden. <\/p>\n<p> Ersatzteil: f\u00fcr andere Fahrzeugen (Marken) verf\u00fcgbar auf anfrage. Tel.041 980 27 47. Mobil. 076 589 27 47<\/p>\n<p> Kontakt<br \/>\n  Adresse: Autoverwertung Brun AG<br \/>\n           M\u00f6\u00f6slimatten 13<br \/>\n           6218 Ettiswil<br \/>\n  Telefon: 0041 (041) 980 27 47<br \/>\n  Telefax: 0041 (041) 980 03 47<\/p>\n<p> Wir bieten Ihnen weitere gebrauchte Autoteile zum Kauf an.<br \/>\n Tags: Spiegel Au\u00dfenspiegel vorne, Exterior mirrors complete , Re\u00b4troviseur exte\u00b4rieur complet<br \/>\n<\/span><\/p>\n","protected":false},"excerpt":{"rendered":"<p>Technische Daten Fahrzeug: SEAT Altea Chassis Nr.: VSSZZZ5PZ9R009507 Baujahr: 2008 Kilometer: 0 KM Leistung: 92 KW Hubraum: 1390 ccm Typ: X Farbcode: &#8211; Hinweise: &#8211; Versand: Versand nur in der Schweiz m\u00f6glich.Im Ausland ist der Transport k\u00e4uferseits. Garantie: 3 Monate Garantie. Bitte beachten Sie, dass die Gew\u00e4hrleistung nur g\u00fcltig ist, wenn der Ersatzteileinbau durch eine&hellip; <a class=\"more-link\" href=\"https:\/\/occasions-teile.ch\/fr\/produkt\/seat-altea-spiegel-aussenspiegel-vorne-2\/\">Poursuivre la lecture <span class=\"screen-reader-text\">SEAT Altea  Spiegel Au\u00dfenspiegel vorne<\/span><\/a><\/p>\n","protected":false},"featured_media":371416,"template":"","meta":[],"product_brand":[],"product_cat":[2000,2002,1998,768,488,491,770,771,485,772,773,1494,1497,1500,769,24677,24678,24679],"product_tag":[],"class_list":{"0":"post-371419","1":"product","2":"type-product","3":"status-publish","4":"has-post-thumbnail","6":"product_cat-en_altea","7":"product_cat-fr_altea","8":"product_cat-de_altea","9":"product_cat-de-aussenspiegel","10":"product_cat-en-body-center","11":"product_cat-fr-centre-de-la-carrosserie","12":"product_cat-en-exterior-mirror","13":"product_cat-en-exterior-mirrors-complete","14":"product_cat-de-karosserie-mitte","15":"product_cat-fr-retroviseur-exterieur","16":"product_cat-fr-retroviseur-exterieur-complet","17":"product_cat-de_seat","18":"product_cat-en_seat","19":"product_cat-fr_seat","20":"product_cat-de-spiegel-aussenspiegel-vorne","21":"product_cat-de-vsszzz5pz9r009507-200000525","22":"product_cat-en-vsszzz5pz9r009507-200000525","23":"product_cat-fr-vsszzz5pz9r009507-200000525","24":"product_shipping_class-tarif-1","25":"entry","27":"first","28":"instock","29":"taxable","30":"shipping-taxable","31":"purchasable","32":"product-type-simple"},"jetpack_sharing_enabled":true,"_links":{"self":[{"href":"https:\/\/occasions-teile.ch\/fr\/wp-json\/wp\/v2\/product\/371419","targetHints":{"allow":["GET"]}}],"collection":[{"href":"https:\/\/occasions-teile.ch\/fr\/wp-json\/wp\/v2\/product"}],"about":[{"href":"https:\/\/occasions-teile.ch\/fr\/wp-json\/wp\/v2\/types\/product"}],"wp:featuredmedia":[{"embeddable":true,"href":"https:\/\/occasions-teile.ch\/fr\/wp-json\/wp\/v2\/media\/371416"}],"wp:attachment":[{"href":"https:\/\/occasions-teile.ch\/fr\/wp-json\/wp\/v2\/media?parent=371419"}],"wp:term":[{"taxonomy":"product_brand","embeddable":true,"href":"https:\/\/occasions-teile.ch\/fr\/wp-json\/wp\/v2\/product_brand?post=371419"},{"taxonomy":"product_cat","embeddable":true,"href":"https:\/\/occasions-teile.ch\/fr\/wp-json\/wp\/v2\/product_cat?post=371419"},{"taxonomy":"product_tag","embeddable":true,"href":"https:\/\/occasions-teile.ch\/fr\/wp-json\/wp\/v2\/product_tag?post=371419"}],"curies":[{"name":"wp","href":"https:\/\/api.w.org\/{rel}","templated":true}]}}