{"id":371193,"date":"2025-10-08T13:06:37","date_gmt":"2025-10-08T13:06:37","guid":{"rendered":"https:\/\/occasions-teile.ch\/product\/vw-tiguan-alufelgen-2\/"},"modified":"2026-03-15T22:58:21","modified_gmt":"2026-03-15T22:58:21","slug":"vw-tiguan-alufelgen-2","status":"publish","type":"product","link":"https:\/\/occasions-teile.ch\/fr\/produkt\/vw-tiguan-alufelgen-2\/","title":{"rendered":"VW Tiguan  Alufelgen"},"content":{"rendered":"<p><span><b>Technische Daten<\/b><\/p>\n<p> Fahrzeug: VW Tiguan<br \/>\n Chassis Nr.: WVGZZZ5NZCW024776<br \/>\n Baujahr: 2011<br \/>\n Kilometer: 117335 KM<br \/>\n Leistung: 180 KW<br \/>\n Hubraum: 1984 ccm<br \/>\n Typ: 1VD978<br \/>\n Farbcode: silber<br \/>\n Hinweise: ET37 7.0Jx17H2<br \/>\nSommerreifen Pirelli Powercy 215\/60\/17 96V cca.60% Profil<\/p>\n<p> Versand: Versand nur in der Schweiz m\u00f6glich.Im Ausland ist der Transport k\u00e4uferseits.<br \/>\n Garantie: 3 Monate Garantie. Bitte beachten Sie, dass die Gew\u00e4hrleistung nur g\u00fcltig ist, wenn der Ersatzteileinbau durch eine Fachwerkstatt\/Meisterwerkstatt erfolgt. Das Ein- und Ausbau des Ersatzteiles kann nicht an uns verrechnet werden. <\/p>\n<p> Ersatzteil: f\u00fcr andere Fahrzeugen (Marken) verf\u00fcgbar auf anfrage. Tel.041 980 27 47. Mobil. 076 589 27 47<\/p>\n<p> Kontakt<br \/>\n  Adresse: Autoverwertung Brun AG<br \/>\n           M\u00f6\u00f6slimatten 13<br \/>\n           6218 Ettiswil<br \/>\n  Telefon: 0041 (041) 980 27 47<br \/>\n  Telefax: 0041 (041) 980 03 47<\/p>\n<p> Wir bieten Ihnen weitere gebrauchte Autoteile zum Kauf an.<br \/>\n Tags: Alufelgen, Aluminum rims, Jantes en aluminium<br \/>\n<\/span><\/p>\n","protected":false},"excerpt":{"rendered":"<p>Technische Daten Fahrzeug: VW Tiguan Chassis Nr.: WVGZZZ5NZCW024776 Baujahr: 2011 Kilometer: 117335 KM Leistung: 180 KW Hubraum: 1984 ccm Typ: 1VD978 Farbcode: silber Hinweise: ET37 7.0Jx17H2 Sommerreifen Pirelli Powercy 215\/60\/17 96V cca.60% Profil Versand: Versand nur in der Schweiz m\u00f6glich.Im Ausland ist der Transport k\u00e4uferseits. Garantie: 3 Monate Garantie. Bitte beachten Sie, dass die Gew\u00e4hrleistung&hellip; <a class=\"more-link\" href=\"https:\/\/occasions-teile.ch\/fr\/produkt\/vw-tiguan-alufelgen-2\/\">Poursuivre la lecture <span class=\"screen-reader-text\">VW Tiguan  Alufelgen<\/span><\/a><\/p>\n","protected":false},"featured_media":371190,"template":"","meta":[],"product_brand":[],"product_cat":[23545,1176,1175,1175,1176,550,550,1175,1176,1667,1667,1667,1280,1280,1280,550,24668,24668,24668],"product_tag":[],"class_list":{"0":"post-371193","1":"product","2":"type-product","3":"status-publish","4":"has-post-thumbnail","6":"product_cat-de-2-0-tsi-4motion-de_tiguan-de_volkswagen-manufacturer-81","7":"product_cat-de-alufelgen-felgensatz","8":"product_cat-de-felgensatz","11":"product_cat-de-raeder-reifen-felgen","15":"product_cat-de_tiguan","18":"product_cat-de_volkswagen","22":"product_cat-de-wvgzzz5nzcw024776-200000521","25":"product_shipping_class-tarif-4","26":"entry","28":"first","29":"instock","30":"taxable","31":"shipping-taxable","32":"purchasable","33":"product-type-simple"},"jetpack_sharing_enabled":true,"_links":{"self":[{"href":"https:\/\/occasions-teile.ch\/fr\/wp-json\/wp\/v2\/product\/371193","targetHints":{"allow":["GET"]}}],"collection":[{"href":"https:\/\/occasions-teile.ch\/fr\/wp-json\/wp\/v2\/product"}],"about":[{"href":"https:\/\/occasions-teile.ch\/fr\/wp-json\/wp\/v2\/types\/product"}],"wp:featuredmedia":[{"embeddable":true,"href":"https:\/\/occasions-teile.ch\/fr\/wp-json\/wp\/v2\/media\/371190"}],"wp:attachment":[{"href":"https:\/\/occasions-teile.ch\/fr\/wp-json\/wp\/v2\/media?parent=371193"}],"wp:term":[{"taxonomy":"product_brand","embeddable":true,"href":"https:\/\/occasions-teile.ch\/fr\/wp-json\/wp\/v2\/product_brand?post=371193"},{"taxonomy":"product_cat","embeddable":true,"href":"https:\/\/occasions-teile.ch\/fr\/wp-json\/wp\/v2\/product_cat?post=371193"},{"taxonomy":"product_tag","embeddable":true,"href":"https:\/\/occasions-teile.ch\/fr\/wp-json\/wp\/v2\/product_tag?post=371193"}],"curies":[{"name":"wp","href":"https:\/\/api.w.org\/{rel}","templated":true}]}}