{"id":370914,"date":"2025-10-06T15:22:22","date_gmt":"2025-10-06T15:22:22","guid":{"rendered":"https:\/\/occasions-teile.ch\/product\/citroen-jumpy-turbolader\/"},"modified":"2025-10-06T15:22:32","modified_gmt":"2025-10-06T15:22:32","slug":"citroen-jumpy-turbolader","status":"publish","type":"product","link":"https:\/\/occasions-teile.ch\/fr\/produkt\/citroen-jumpy-turbolader\/","title":{"rendered":"Citroen Jumpy  Turbolader"},"content":{"rendered":"<p><span><b>Technische Daten<\/b><\/p>\n<p> Fahrzeug: Citroen Jumpy<br \/>\n Chassis Nr.: VF7VFAHXHKZ039551<br \/>\n Baujahr: 2019<br \/>\n Kilometer: 175189 KM<br \/>\n Leistung: 150 KW<br \/>\n Hubraum: 1997 ccm<br \/>\n Typ: 3CC355<br \/>\n Farbcode: Yellow<br \/>\n Hinweise: &#8211;<\/p>\n<p> Versand: Versand nur in der Schweiz m\u00f6glich.Im Ausland ist der Transport k\u00e4uferseits.<br \/>\n Garantie: 3 Monate Garantie. Bitte beachten Sie, dass die Gew\u00e4hrleistung nur g\u00fcltig ist, wenn der Ersatzteileinbau durch eine Fachwerkstatt\/Meisterwerkstatt erfolgt. Das Ein- und Ausbau des Ersatzteiles kann nicht an uns verrechnet werden. <\/p>\n<p> Ersatzteil: f\u00fcr andere Fahrzeugen (Marken) verf\u00fcgbar auf anfrage. Tel.041 980 27 47. Mobil. 076 589 27 47<\/p>\n<p> Kontakt<br \/>\n  Adresse: Autoverwertung Brun AG<br \/>\n           M\u00f6\u00f6slimatten 13<br \/>\n           6218 Ettiswil<br \/>\n  Telefon: 0041 (041) 980 27 47<br \/>\n  Telefax: 0041 (041) 980 03 47<\/p>\n<p> Wir bieten Ihnen weitere gebrauchte Autoteile zum Kauf an.<br \/>\n Tags: Turbolader, Turbocharger, Turbocompresseur<br \/>\n<\/span><\/p>\n","protected":false},"excerpt":{"rendered":"<p>Technische Daten Fahrzeug: Citroen Jumpy Chassis Nr.: VF7VFAHXHKZ039551 Baujahr: 2019 Kilometer: 175189 KM Leistung: 150 KW Hubraum: 1997 ccm Typ: 3CC355 Farbcode: Yellow Hinweise: &#8211; Versand: Versand nur in der Schweiz m\u00f6glich.Im Ausland ist der Transport k\u00e4uferseits. Garantie: 3 Monate Garantie. Bitte beachten Sie, dass die Gew\u00e4hrleistung nur g\u00fcltig ist, wenn der Ersatzteileinbau durch eine&hellip; <a class=\"more-link\" href=\"https:\/\/occasions-teile.ch\/fr\/produkt\/citroen-jumpy-turbolader\/\">Poursuivre la lecture <span class=\"screen-reader-text\">Citroen Jumpy  Turbolader<\/span><\/a><\/p>\n","protected":false},"featured_media":370911,"template":"","meta":[],"product_brand":[],"product_cat":[3007,3005,3006,5486,5487,5488,500,494,497,633,632,635,634,631,630,24672,24673,24671],"product_tag":[],"class_list":{"0":"post-370914","1":"product","2":"type-product","3":"status-publish","4":"has-post-thumbnail","6":"product_cat-fr_citroen","7":"product_cat-de_citroen","8":"product_cat-en_citroen","9":"product_cat-de_slug_citroen_jumpy_999","10":"product_cat-en_slug_citroen_jumpy_135","11":"product_cat-fr_slug_citroen_jumpy_704","12":"product_cat-fr-moteur","13":"product_cat-de-motor","14":"product_cat-en-motor","15":"product_cat-en-turbocharger","16":"product_cat-en-turbocharger-compressor","17":"product_cat-fr-turbocompresseur","18":"product_cat-fr-turbocompresseur-compresseur","19":"product_cat-de-turbolader","20":"product_cat-de-turbolader-kompressor","21":"product_cat-en-vf7fvahxhkz039551-200000522","22":"product_cat-fr-vf7fvahxhkz039551-200000522","23":"product_cat-de-vf7fvahxhkz039551-200000522","24":"product_shipping_class-tarif-2","25":"entry","27":"first","28":"instock","29":"taxable","30":"shipping-taxable","31":"purchasable","32":"product-type-simple"},"jetpack_sharing_enabled":true,"_links":{"self":[{"href":"https:\/\/occasions-teile.ch\/fr\/wp-json\/wp\/v2\/product\/370914","targetHints":{"allow":["GET"]}}],"collection":[{"href":"https:\/\/occasions-teile.ch\/fr\/wp-json\/wp\/v2\/product"}],"about":[{"href":"https:\/\/occasions-teile.ch\/fr\/wp-json\/wp\/v2\/types\/product"}],"wp:featuredmedia":[{"embeddable":true,"href":"https:\/\/occasions-teile.ch\/fr\/wp-json\/wp\/v2\/media\/370911"}],"wp:attachment":[{"href":"https:\/\/occasions-teile.ch\/fr\/wp-json\/wp\/v2\/media?parent=370914"}],"wp:term":[{"taxonomy":"product_brand","embeddable":true,"href":"https:\/\/occasions-teile.ch\/fr\/wp-json\/wp\/v2\/product_brand?post=370914"},{"taxonomy":"product_cat","embeddable":true,"href":"https:\/\/occasions-teile.ch\/fr\/wp-json\/wp\/v2\/product_cat?post=370914"},{"taxonomy":"product_tag","embeddable":true,"href":"https:\/\/occasions-teile.ch\/fr\/wp-json\/wp\/v2\/product_tag?post=370914"}],"curies":[{"name":"wp","href":"https:\/\/api.w.org\/{rel}","templated":true}]}}