{"id":370762,"date":"2025-10-06T12:32:48","date_gmt":"2025-10-06T12:32:48","guid":{"rendered":"https:\/\/occasions-teile.ch\/product\/citroen-jumpy-notrad-reserverad\/"},"modified":"2025-10-06T12:33:01","modified_gmt":"2025-10-06T12:33:01","slug":"citroen-jumpy-notrad-reserverad","status":"publish","type":"product","link":"https:\/\/occasions-teile.ch\/fr\/produkt\/citroen-jumpy-notrad-reserverad\/","title":{"rendered":"Citroen Jumpy  Notrad Reserverad"},"content":{"rendered":"<p><span><b>Technische Daten<\/b><\/p>\n<p> Fahrzeug: Citroen Jumpy<br \/>\n Chassis Nr.: VF7VFAHXHKZ039551<br \/>\n Baujahr: 2019<br \/>\n Kilometer: 175189 KM<br \/>\n Leistung: 150 KW<br \/>\n Hubraum: 1997 ccm<br \/>\n Typ: 3CC355<br \/>\n Farbcode: Yellow<br \/>\n Hinweise: 215\/65\/16C<br \/>\n7&#215;16 ET46<\/p>\n<p> Versand: Versand nur in der Schweiz m\u00f6glich.Im Ausland ist der Transport k\u00e4uferseits.<br \/>\n Garantie: 3 Monate Garantie. Bitte beachten Sie, dass die Gew\u00e4hrleistung nur g\u00fcltig ist, wenn der Ersatzteileinbau durch eine Fachwerkstatt\/Meisterwerkstatt erfolgt. Das Ein- und Ausbau des Ersatzteiles kann nicht an uns verrechnet werden. <\/p>\n<p> Ersatzteil: f\u00fcr andere Fahrzeugen (Marken) verf\u00fcgbar auf anfrage. Tel.041 980 27 47. Mobil. 076 589 27 47<\/p>\n<p> Kontakt<br \/>\n  Adresse: Autoverwertung Brun AG<br \/>\n           M\u00f6\u00f6slimatten 13<br \/>\n           6218 Ettiswil<br \/>\n  Telefon: 0041 (041) 980 27 47<br \/>\n  Telefax: 0041 (041) 980 03 47<\/p>\n<p> Wir bieten Ihnen weitere gebrauchte Autoteile zum Kauf an.<br \/>\n Tags: Notrad Reserverad, Emergency wheel\/spare wheel, Roue de secours\/roue de secours<br \/>\n<\/span><\/p>\n","protected":false},"excerpt":{"rendered":"<p>Technische Daten Fahrzeug: Citroen Jumpy Chassis Nr.: VF7VFAHXHKZ039551 Baujahr: 2019 Kilometer: 175189 KM Leistung: 150 KW Hubraum: 1997 ccm Typ: 3CC355 Farbcode: Yellow Hinweise: 215\/65\/16C 7&#215;16 ET46 Versand: Versand nur in der Schweiz m\u00f6glich.Im Ausland ist der Transport k\u00e4uferseits. Garantie: 3 Monate Garantie. Bitte beachten Sie, dass die Gew\u00e4hrleistung nur g\u00fcltig ist, wenn der Ersatzteileinbau&hellip; <a class=\"more-link\" href=\"https:\/\/occasions-teile.ch\/fr\/produkt\/citroen-jumpy-notrad-reserverad\/\">Poursuivre la lecture <span class=\"screen-reader-text\">Citroen Jumpy  Notrad Reserverad<\/span><\/a><\/p>\n","protected":false},"featured_media":370759,"template":"","meta":[],"product_brand":[],"product_cat":[3005,3006,3007,1179,1180,5488,5486,5487,1177,1178,550,1181,1182,556,24671,24672,24673,553],"product_tag":[],"class_list":{"0":"post-370762","1":"product","2":"type-product","3":"status-publish","4":"has-post-thumbnail","6":"product_cat-de_citroen","7":"product_cat-en_citroen","8":"product_cat-fr_citroen","9":"product_cat-en-emergency-wheel-spare-wheel","10":"product_cat-en-emergency-wheel-spare-wheel-en-emergency-wheel-spare-wheel","11":"product_cat-fr_slug_citroen_jumpy_704","12":"product_cat-de_slug_citroen_jumpy_999","13":"product_cat-en_slug_citroen_jumpy_135","14":"product_cat-de-notrad-reserverad","15":"product_cat-de-notrad-reserverad-de-notrad-reserverad","16":"product_cat-de-raeder-reifen-felgen","17":"product_cat-fr-roue-de-secours-roue-de-secours","18":"product_cat-fr-roue-de-secours-roue-de-secours-fr-roue-de-secours-roue-de-secours","19":"product_cat-fr-roues-pneus-jantes","20":"product_cat-de-vf7fvahxhkz039551-200000522","21":"product_cat-en-vf7fvahxhkz039551-200000522","22":"product_cat-fr-vf7fvahxhkz039551-200000522","23":"product_cat-en-wheels-tires-rims","24":"product_shipping_class-tarif-4","25":"entry","27":"first","28":"instock","29":"taxable","30":"shipping-taxable","31":"purchasable","32":"product-type-simple"},"jetpack_sharing_enabled":true,"_links":{"self":[{"href":"https:\/\/occasions-teile.ch\/fr\/wp-json\/wp\/v2\/product\/370762","targetHints":{"allow":["GET"]}}],"collection":[{"href":"https:\/\/occasions-teile.ch\/fr\/wp-json\/wp\/v2\/product"}],"about":[{"href":"https:\/\/occasions-teile.ch\/fr\/wp-json\/wp\/v2\/types\/product"}],"wp:featuredmedia":[{"embeddable":true,"href":"https:\/\/occasions-teile.ch\/fr\/wp-json\/wp\/v2\/media\/370759"}],"wp:attachment":[{"href":"https:\/\/occasions-teile.ch\/fr\/wp-json\/wp\/v2\/media?parent=370762"}],"wp:term":[{"taxonomy":"product_brand","embeddable":true,"href":"https:\/\/occasions-teile.ch\/fr\/wp-json\/wp\/v2\/product_brand?post=370762"},{"taxonomy":"product_cat","embeddable":true,"href":"https:\/\/occasions-teile.ch\/fr\/wp-json\/wp\/v2\/product_cat?post=370762"},{"taxonomy":"product_tag","embeddable":true,"href":"https:\/\/occasions-teile.ch\/fr\/wp-json\/wp\/v2\/product_tag?post=370762"}],"curies":[{"name":"wp","href":"https:\/\/api.w.org\/{rel}","templated":true}]}}