{"id":370116,"date":"2025-09-26T08:56:44","date_gmt":"2025-09-26T08:56:44","guid":{"rendered":"https:\/\/occasions-teile.ch\/product\/mini-cooper-s-alufelgen-4\/"},"modified":"2025-09-26T08:56:56","modified_gmt":"2025-09-26T08:56:56","slug":"mini-cooper-s-alufelgen-4","status":"publish","type":"product","link":"https:\/\/occasions-teile.ch\/fr\/produkt\/mini-cooper-s-alufelgen-4\/","title":{"rendered":"Mini Cooper S  Alufelgen"},"content":{"rendered":"<p><span><b>Technische Daten<\/b><\/p>\n<p> Fahrzeug: Mini Cooper S<br \/>\n Chassis Nr.: WMWWH510103C80329<br \/>\n Baujahr: 2018<br \/>\n Kilometer: 76220 KM<br \/>\n Leistung: 170 KW<br \/>\n Hubraum: 1995 ccm<br \/>\n Typ: 1MQ436<br \/>\n Farbcode: Turquise<br \/>\n Hinweise: 7Jx17 IS54<\/p>\n<p> Versand: Versand nur in der Schweiz m\u00f6glich.Im Ausland ist der Transport k\u00e4uferseits.<br \/>\n Garantie: 3 Monate Garantie. Bitte beachten Sie, dass die Gew\u00e4hrleistung nur g\u00fcltig ist, wenn der Ersatzteileinbau durch eine Fachwerkstatt\/Meisterwerkstatt erfolgt. Das Ein- und Ausbau des Ersatzteiles kann nicht an uns verrechnet werden. <\/p>\n<p> Ersatzteil: f\u00fcr andere Fahrzeugen (Marken) verf\u00fcgbar auf anfrage. Tel.041 980 27 47. Mobil. 076 589 27 47<\/p>\n<p> Kontakt<br \/>\n  Adresse: Autoverwertung Brun AG<br \/>\n           M\u00f6\u00f6slimatten 13<br \/>\n           6218 Ettiswil<br \/>\n  Telefon: 0041 (041) 980 27 47<br \/>\n  Telefax: 0041 (041) 980 03 47<\/p>\n<p> Wir bieten Ihnen weitere gebrauchte Autoteile zum Kauf an.<br \/>\n Tags: Alufelgen, Aluminum rims, Jantes en aluminium<br \/>\n<\/span><\/p>\n","protected":false},"excerpt":{"rendered":"<p>Technische Daten Fahrzeug: Mini Cooper S Chassis Nr.: WMWWH510103C80329 Baujahr: 2018 Kilometer: 76220 KM Leistung: 170 KW Hubraum: 1995 ccm Typ: 1MQ436 Farbcode: Turquise Hinweise: 7Jx17 IS54 Versand: Versand nur in der Schweiz m\u00f6glich.Im Ausland ist der Transport k\u00e4uferseits. Garantie: 3 Monate Garantie. Bitte beachten Sie, dass die Gew\u00e4hrleistung nur g\u00fcltig ist, wenn der Ersatzteileinbau&hellip; <a class=\"more-link\" href=\"https:\/\/occasions-teile.ch\/fr\/produkt\/mini-cooper-s-alufelgen-4\/\">Poursuivre la lecture <span class=\"screen-reader-text\">Mini Cooper S  Alufelgen<\/span><\/a><\/p>\n","protected":false},"featured_media":370113,"template":"","meta":[],"product_brand":[],"product_cat":[1176,5432,5432,5432,1175,1175,1176,2220,2220,2220,550,550,1176,1175,550,23949,23949,23949],"product_tag":[],"class_list":{"0":"post-370116","1":"product","2":"type-product","3":"status-publish","4":"has-post-thumbnail","6":"product_cat-de-alufelgen-felgensatz","7":"product_cat-de_slug_mini_cooper-s_434","10":"product_cat-de-felgensatz","13":"product_cat-de_mini","16":"product_cat-de-raeder-reifen-felgen","21":"product_cat-de-wmwwh510103c80329-200000338","24":"product_shipping_class-tarif-4","25":"entry","27":"first","28":"instock","29":"taxable","30":"shipping-taxable","31":"purchasable","32":"product-type-simple"},"jetpack_sharing_enabled":true,"_links":{"self":[{"href":"https:\/\/occasions-teile.ch\/fr\/wp-json\/wp\/v2\/product\/370116","targetHints":{"allow":["GET"]}}],"collection":[{"href":"https:\/\/occasions-teile.ch\/fr\/wp-json\/wp\/v2\/product"}],"about":[{"href":"https:\/\/occasions-teile.ch\/fr\/wp-json\/wp\/v2\/types\/product"}],"wp:featuredmedia":[{"embeddable":true,"href":"https:\/\/occasions-teile.ch\/fr\/wp-json\/wp\/v2\/media\/370113"}],"wp:attachment":[{"href":"https:\/\/occasions-teile.ch\/fr\/wp-json\/wp\/v2\/media?parent=370116"}],"wp:term":[{"taxonomy":"product_brand","embeddable":true,"href":"https:\/\/occasions-teile.ch\/fr\/wp-json\/wp\/v2\/product_brand?post=370116"},{"taxonomy":"product_cat","embeddable":true,"href":"https:\/\/occasions-teile.ch\/fr\/wp-json\/wp\/v2\/product_cat?post=370116"},{"taxonomy":"product_tag","embeddable":true,"href":"https:\/\/occasions-teile.ch\/fr\/wp-json\/wp\/v2\/product_tag?post=370116"}],"curies":[{"name":"wp","href":"https:\/\/api.w.org\/{rel}","templated":true}]}}