{"id":370072,"date":"2025-09-26T06:43:50","date_gmt":"2025-09-26T06:43:50","guid":{"rendered":"https:\/\/occasions-teile.ch\/product\/opel-vivaro-wasserkuehler\/"},"modified":"2025-10-06T09:57:53","modified_gmt":"2025-10-06T09:57:53","slug":"opel-vivaro-wasserkuehler","status":"publish","type":"product","link":"https:\/\/occasions-teile.ch\/fr\/produkt\/opel-vivaro-wasserkuehler\/","title":{"rendered":"Opel Vivaro  Wasserk\u00fchler"},"content":{"rendered":"<p><span><b>Technische Daten<\/b><\/p>\n<p> Fahrzeug: Opel Vivaro<br \/>\n Chassis Nr.: W0LF7F608HS020236<br \/>\n Baujahr: 2017<br \/>\n Kilometer: 221972 KM<br \/>\n Leistung: 95 KW<br \/>\n Hubraum: 1598 ccm<br \/>\n Typ: 3OB158<br \/>\n Farbcode: White\/Weiss<br \/>\n Hinweise: &#8211;<\/p>\n<p> Versand: Versand nur in der Schweiz m\u00f6glich.Im Ausland ist der Transport k\u00e4uferseits.<br \/>\n Garantie: 3 Monate Garantie. Bitte beachten Sie, dass die Gew\u00e4hrleistung nur g\u00fcltig ist, wenn der Ersatzteileinbau durch eine Fachwerkstatt\/Meisterwerkstatt erfolgt. Das Ein- und Ausbau des Ersatzteiles kann nicht an uns verrechnet werden. <\/p>\n<p> Ersatzteil: f\u00fcr andere Fahrzeugen (Marken) verf\u00fcgbar auf anfrage. Tel.041 980 27 47. Mobil. 076 589 27 47<\/p>\n<p> Kontakt<br \/>\n  Adresse: Autoverwertung Brun AG<br \/>\n           M\u00f6\u00f6slimatten 13<br \/>\n           6218 Ettiswil<br \/>\n  Telefon: 0041 (041) 980 27 47<br \/>\n  Telefax: 0041 (041) 980 03 47<\/p>\n<p> Wir bieten Ihnen weitere gebrauchte Autoteile zum Kauf an.<br \/>\n Tags: Wasserk\u00fchler, Water cooler, Refroidisseur d&rsquo;eau<br \/>\n<\/span><\/p>\n","protected":false},"excerpt":{"rendered":"<p>Technische Daten Fahrzeug: Opel Vivaro Chassis Nr.: W0LF7F608HS020236 Baujahr: 2017 Kilometer: 221972 KM Leistung: 95 KW Hubraum: 1598 ccm Typ: 3OB158 Farbcode: White\/Weiss Hinweise: &#8211; Versand: Versand nur in der Schweiz m\u00f6glich.Im Ausland ist der Transport k\u00e4uferseits. Garantie: 3 Monate Garantie. Bitte beachten Sie, dass die Gew\u00e4hrleistung nur g\u00fcltig ist, wenn der Ersatzteileinbau durch eine&hellip; <a class=\"more-link\" href=\"https:\/\/occasions-teile.ch\/fr\/produkt\/opel-vivaro-wasserkuehler\/\">Poursuivre la lecture <span class=\"screen-reader-text\">Opel Vivaro  Wasserk\u00fchler<\/span><\/a><\/p>\n","protected":false},"featured_media":370069,"template":"","meta":[],"product_brand":[],"product_cat":[512,512,512,1044,613,613,613,1045,1044,1044,2262,2262,2262,24659,24659,24659,1045,1045],"product_tag":[],"class_list":{"0":"post-370072","1":"product","2":"type-product","3":"status-publish","4":"has-post-thumbnail","6":"product_cat-de-karosserie-front","9":"product_cat-de-schlosstraegerkuehler","10":"product_cat-de_opel","13":"product_cat-de-wasserkuehler","16":"product_cat-de_vivaro","19":"product_cat-de-w0lf7f608hs020236-200000517","24":"product_shipping_class-tarif-2","25":"entry","27":"first","28":"outofstock","29":"taxable","30":"shipping-taxable","31":"purchasable","32":"product-type-simple"},"jetpack_sharing_enabled":true,"_links":{"self":[{"href":"https:\/\/occasions-teile.ch\/fr\/wp-json\/wp\/v2\/product\/370072","targetHints":{"allow":["GET"]}}],"collection":[{"href":"https:\/\/occasions-teile.ch\/fr\/wp-json\/wp\/v2\/product"}],"about":[{"href":"https:\/\/occasions-teile.ch\/fr\/wp-json\/wp\/v2\/types\/product"}],"wp:featuredmedia":[{"embeddable":true,"href":"https:\/\/occasions-teile.ch\/fr\/wp-json\/wp\/v2\/media\/370069"}],"wp:attachment":[{"href":"https:\/\/occasions-teile.ch\/fr\/wp-json\/wp\/v2\/media?parent=370072"}],"wp:term":[{"taxonomy":"product_brand","embeddable":true,"href":"https:\/\/occasions-teile.ch\/fr\/wp-json\/wp\/v2\/product_brand?post=370072"},{"taxonomy":"product_cat","embeddable":true,"href":"https:\/\/occasions-teile.ch\/fr\/wp-json\/wp\/v2\/product_cat?post=370072"},{"taxonomy":"product_tag","embeddable":true,"href":"https:\/\/occasions-teile.ch\/fr\/wp-json\/wp\/v2\/product_tag?post=370072"}],"curies":[{"name":"wp","href":"https:\/\/api.w.org\/{rel}","templated":true}]}}