{"id":369830,"date":"2025-09-24T14:57:44","date_gmt":"2025-09-24T14:57:44","guid":{"rendered":"https:\/\/occasions-teile.ch\/product\/opel-vivaro-bremszange-bremssattel-vorne-8\/"},"modified":"2025-09-24T14:57:57","modified_gmt":"2025-09-24T14:57:57","slug":"opel-vivaro-bremszange-bremssattel-vorne-8","status":"publish","type":"product","link":"https:\/\/occasions-teile.ch\/fr\/produkt\/opel-vivaro-bremszange-bremssattel-vorne-8\/","title":{"rendered":"Opel Vivaro  Bremszange Bremssattel vorne"},"content":{"rendered":"<p><span><b>Technische Daten<\/b><\/p>\n<p> Fahrzeug: Opel Vivaro<br \/>\n Chassis Nr.: W0LF7F608HS020236<br \/>\n Baujahr: 2017<br \/>\n Kilometer: 221972 KM<br \/>\n Leistung: 95 KW<br \/>\n Hubraum: 1598 ccm<br \/>\n Typ: 3OB158<br \/>\n Farbcode: White\/Weiss<br \/>\n Hinweise: &#8211;<\/p>\n<p> Versand: Versand nur in der Schweiz m\u00f6glich.Im Ausland ist der Transport k\u00e4uferseits.<br \/>\n Garantie: 3 Monate Garantie. Bitte beachten Sie, dass die Gew\u00e4hrleistung nur g\u00fcltig ist, wenn der Ersatzteileinbau durch eine Fachwerkstatt\/Meisterwerkstatt erfolgt. Das Ein- und Ausbau des Ersatzteiles kann nicht an uns verrechnet werden. <\/p>\n<p> Ersatzteil: f\u00fcr andere Fahrzeugen (Marken) verf\u00fcgbar auf anfrage. Tel.041 980 27 47. Mobil. 076 589 27 47<\/p>\n<p> Kontakt<br \/>\n  Adresse: Autoverwertung Brun AG<br \/>\n           M\u00f6\u00f6slimatten 13<br \/>\n           6218 Ettiswil<br \/>\n  Telefon: 0041 (041) 980 27 47<br \/>\n  Telefax: 0041 (041) 980 03 47<\/p>\n<p> Wir bieten Ihnen weitere gebrauchte Autoteile zum Kauf an.<br \/>\n Tags: Bremszange Bremssattel vorne, Brake caliper front, E\u00b4trier de frein avant<br \/>\n<\/span><\/p>\n","protected":false},"excerpt":{"rendered":"<p>Technische Daten Fahrzeug: Opel Vivaro Chassis Nr.: W0LF7F608HS020236 Baujahr: 2017 Kilometer: 221972 KM Leistung: 95 KW Hubraum: 1598 ccm Typ: 3OB158 Farbcode: White\/Weiss Hinweise: &#8211; Versand: Versand nur in der Schweiz m\u00f6glich.Im Ausland ist der Transport k\u00e4uferseits. Garantie: 3 Monate Garantie. Bitte beachten Sie, dass die Gew\u00e4hrleistung nur g\u00fcltig ist, wenn der Ersatzteileinbau durch eine&hellip; <a class=\"more-link\" href=\"https:\/\/occasions-teile.ch\/fr\/produkt\/opel-vivaro-bremszange-bremssattel-vorne-8\/\">Poursuivre la lecture <span class=\"screen-reader-text\">Opel Vivaro  Bremszange Bremssattel vorne<\/span><\/a><\/p>\n","protected":false},"featured_media":369827,"template":"","meta":[],"product_brand":[],"product_cat":[780,779,533,530,777,778,781,782,536,619,613,616,2266,2262,2264,24659,24660,24661],"product_tag":[],"class_list":{"0":"post-369830","1":"product","2":"type-product","3":"status-publish","4":"has-post-thumbnail","6":"product_cat-en-brake-caliper-front","7":"product_cat-en-brake-calipercarrier","8":"product_cat-en-brake-brake-system","9":"product_cat-de-bremse-bremsanlage","10":"product_cat-de-bremssatteltraeger","11":"product_cat-de-bremszange-bremssattel-vorne","12":"product_cat-fr-etrier-de-frein-support","13":"product_cat-fr-etrier-de-frein-avant","14":"product_cat-fr-frein-systeme-de-freinage","15":"product_cat-fr_opel","16":"product_cat-de_opel","17":"product_cat-en_opel","18":"product_cat-fr_vivaro","19":"product_cat-de_vivaro","20":"product_cat-en_vivaro","21":"product_cat-de-w0lf7f608hs020236-200000517","22":"product_cat-en-w0lf7f608hs020236-200000517","23":"product_cat-fr-w0lf7f608hs020236-200000517","24":"product_shipping_class-tarif-1","25":"entry","27":"first","28":"instock","29":"taxable","30":"shipping-taxable","31":"purchasable","32":"product-type-simple"},"jetpack_sharing_enabled":true,"_links":{"self":[{"href":"https:\/\/occasions-teile.ch\/fr\/wp-json\/wp\/v2\/product\/369830","targetHints":{"allow":["GET"]}}],"collection":[{"href":"https:\/\/occasions-teile.ch\/fr\/wp-json\/wp\/v2\/product"}],"about":[{"href":"https:\/\/occasions-teile.ch\/fr\/wp-json\/wp\/v2\/types\/product"}],"wp:featuredmedia":[{"embeddable":true,"href":"https:\/\/occasions-teile.ch\/fr\/wp-json\/wp\/v2\/media\/369827"}],"wp:attachment":[{"href":"https:\/\/occasions-teile.ch\/fr\/wp-json\/wp\/v2\/media?parent=369830"}],"wp:term":[{"taxonomy":"product_brand","embeddable":true,"href":"https:\/\/occasions-teile.ch\/fr\/wp-json\/wp\/v2\/product_brand?post=369830"},{"taxonomy":"product_cat","embeddable":true,"href":"https:\/\/occasions-teile.ch\/fr\/wp-json\/wp\/v2\/product_cat?post=369830"},{"taxonomy":"product_tag","embeddable":true,"href":"https:\/\/occasions-teile.ch\/fr\/wp-json\/wp\/v2\/product_tag?post=369830"}],"curies":[{"name":"wp","href":"https:\/\/api.w.org\/{rel}","templated":true}]}}