{"id":369761,"date":"2025-09-24T07:34:17","date_gmt":"2025-09-24T07:34:17","guid":{"rendered":"https:\/\/occasions-teile.ch\/product\/audi-a1-luftduessen-innenraum\/"},"modified":"2025-09-24T07:34:27","modified_gmt":"2025-09-24T07:34:27","slug":"audi-a1-luftduessen-innenraum","status":"publish","type":"product","link":"https:\/\/occasions-teile.ch\/fr\/produkt\/audi-a1-luftduessen-innenraum\/","title":{"rendered":"Audi A1  Luftd\u00fcssen innenraum"},"content":{"rendered":"<p><span><b>Technische Daten<\/b><\/p>\n<p> Fahrzeug: Audi A1<br \/>\n Chassis Nr.: WAUZZZGB5KR024752<br \/>\n Baujahr: 2019<br \/>\n Kilometer: 67303 KM<br \/>\n Leistung: 200 KW<br \/>\n Hubraum: 1984 ccm<br \/>\n Typ: X<br \/>\n Farbcode: rot<br \/>\n Hinweise: &#8211;<\/p>\n<p> Versand: Versand nur in der Schweiz m\u00f6glich.Im Ausland ist der Transport k\u00e4uferseits.<br \/>\n Garantie: 3 Monate Garantie. Bitte beachten Sie, dass die Gew\u00e4hrleistung nur g\u00fcltig ist, wenn der Ersatzteileinbau durch eine Fachwerkstatt\/Meisterwerkstatt erfolgt. Das Ein- und Ausbau des Ersatzteiles kann nicht an uns verrechnet werden. <\/p>\n<p> Ersatzteil: f\u00fcr andere Fahrzeugen (Marken) verf\u00fcgbar auf anfrage. Tel.041 980 27 47. Mobil. 076 589 27 47<\/p>\n<p> Kontakt<br \/>\n  Adresse: Autoverwertung Brun AG<br \/>\n           M\u00f6\u00f6slimatten 13<br \/>\n           6218 Ettiswil<br \/>\n  Telefon: 0041 (041) 980 27 47<br \/>\n  Telefax: 0041 (041) 980 03 47<\/p>\n<p> Wir bieten Ihnen weitere gebrauchte Autoteile zum Kauf an.<br \/>\n Tags: Luftd\u00fcssen innenraum , Air nozzles inside, Buses d&rsquo;air \u00e0 l&rsquo;int\u00e9rieur<br \/>\n<\/span><\/p>\n","protected":false},"excerpt":{"rendered":"<p>Technische Daten Fahrzeug: Audi A1 Chassis Nr.: WAUZZZGB5KR024752 Baujahr: 2019 Kilometer: 67303 KM Leistung: 200 KW Hubraum: 1984 ccm Typ: X Farbcode: rot Hinweise: &#8211; Versand: Versand nur in der Schweiz m\u00f6glich.Im Ausland ist der Transport k\u00e4uferseits. Garantie: 3 Monate Garantie. Bitte beachten Sie, dass die Gew\u00e4hrleistung nur g\u00fcltig ist, wenn der Ersatzteileinbau durch eine&hellip; <a class=\"more-link\" href=\"https:\/\/occasions-teile.ch\/fr\/produkt\/audi-a1-luftduessen-innenraum\/\">Poursuivre la lecture <span class=\"screen-reader-text\">Audi A1  Luftd\u00fcssen innenraum<\/span><\/a><\/p>\n","protected":false},"featured_media":369758,"template":"","meta":[],"product_brand":[],"product_cat":[4303,4301,4302,1158,805,461,464,458,1159,808,804,810,807,1157,811,24650,24651,24652],"product_tag":[],"class_list":{"0":"post-369761","1":"product","2":"type-product","3":"status-publish","4":"has-post-thumbnail","6":"product_cat-fr_slug_audi_a1_970","7":"product_cat-de_slug_audi_a1_209","8":"product_cat-en_slug_audi_a1_693","9":"product_cat-en-air-nozzles-inside","10":"product_cat-de-armaturenbrett-handschuhfach","11":"product_cat-en_audi","12":"product_cat-fr_audi","13":"product_cat-de_audi","14":"product_cat-fr-buses-dair-a-linterieur","15":"product_cat-en-dashboard-glove-compartment","16":"product_cat-de-innenraum","17":"product_cat-fr-interieur","18":"product_cat-en-interior","19":"product_cat-de-luftduessen-innenraum","20":"product_cat-fr-tableau-de-bord-boite-a-gants","21":"product_cat-de-wauzzzgb5kr024752-200000518","22":"product_cat-en-wauzzzgb5kr024752-200000518","23":"product_cat-fr-wauzzzgb5kr024752-200000518","24":"product_shipping_class-tarif-5","25":"entry","27":"first","28":"instock","29":"taxable","30":"shipping-taxable","31":"purchasable","32":"product-type-simple"},"jetpack_sharing_enabled":true,"_links":{"self":[{"href":"https:\/\/occasions-teile.ch\/fr\/wp-json\/wp\/v2\/product\/369761","targetHints":{"allow":["GET"]}}],"collection":[{"href":"https:\/\/occasions-teile.ch\/fr\/wp-json\/wp\/v2\/product"}],"about":[{"href":"https:\/\/occasions-teile.ch\/fr\/wp-json\/wp\/v2\/types\/product"}],"wp:featuredmedia":[{"embeddable":true,"href":"https:\/\/occasions-teile.ch\/fr\/wp-json\/wp\/v2\/media\/369758"}],"wp:attachment":[{"href":"https:\/\/occasions-teile.ch\/fr\/wp-json\/wp\/v2\/media?parent=369761"}],"wp:term":[{"taxonomy":"product_brand","embeddable":true,"href":"https:\/\/occasions-teile.ch\/fr\/wp-json\/wp\/v2\/product_brand?post=369761"},{"taxonomy":"product_cat","embeddable":true,"href":"https:\/\/occasions-teile.ch\/fr\/wp-json\/wp\/v2\/product_cat?post=369761"},{"taxonomy":"product_tag","embeddable":true,"href":"https:\/\/occasions-teile.ch\/fr\/wp-json\/wp\/v2\/product_tag?post=369761"}],"curies":[{"name":"wp","href":"https:\/\/api.w.org\/{rel}","templated":true}]}}