{"id":369705,"date":"2025-09-23T13:56:00","date_gmt":"2025-09-23T13:56:00","guid":{"rendered":"https:\/\/occasions-teile.ch\/product\/audi-a1-zuendschloss\/"},"modified":"2025-09-23T13:56:12","modified_gmt":"2025-09-23T13:56:12","slug":"audi-a1-zuendschloss","status":"publish","type":"product","link":"https:\/\/occasions-teile.ch\/fr\/produkt\/audi-a1-zuendschloss\/","title":{"rendered":"Audi A1  Z\u00fcndschloss"},"content":{"rendered":"<p><span><b>Technische Daten<\/b><\/p>\n<p> Fahrzeug: Audi A1<br \/>\n Chassis Nr.: WAUZZZGB5KR024752<br \/>\n Baujahr: 2019<br \/>\n Kilometer: 67303 KM<br \/>\n Leistung: 200 KW<br \/>\n Hubraum: 1984 ccm<br \/>\n Typ: X<br \/>\n Farbcode: rot<br \/>\n Hinweise: &#8211;<\/p>\n<p> Versand: Versand nur in der Schweiz m\u00f6glich.Im Ausland ist der Transport k\u00e4uferseits.<br \/>\n Garantie: 3 Monate Garantie. Bitte beachten Sie, dass die Gew\u00e4hrleistung nur g\u00fcltig ist, wenn der Ersatzteileinbau durch eine Fachwerkstatt\/Meisterwerkstatt erfolgt. Das Ein- und Ausbau des Ersatzteiles kann nicht an uns verrechnet werden. <\/p>\n<p> Ersatzteil: f\u00fcr andere Fahrzeugen (Marken) verf\u00fcgbar auf anfrage. Tel.041 980 27 47. Mobil. 076 589 27 47<\/p>\n<p> Kontakt<br \/>\n  Adresse: Autoverwertung Brun AG<br \/>\n           M\u00f6\u00f6slimatten 13<br \/>\n           6218 Ettiswil<br \/>\n  Telefon: 0041 (041) 980 27 47<br \/>\n  Telefax: 0041 (041) 980 03 47<\/p>\n<p> Wir bieten Ihnen weitere gebrauchte Autoteile zum Kauf an.<br \/>\n Tags: Z\u00fcndschloss, Ignition lock, Serrure d&rsquo;allumage<br \/>\n<\/span><\/p>\n","protected":false},"excerpt":{"rendered":"<p>Technische Daten Fahrzeug: Audi A1 Chassis Nr.: WAUZZZGB5KR024752 Baujahr: 2019 Kilometer: 67303 KM Leistung: 200 KW Hubraum: 1984 ccm Typ: X Farbcode: rot Hinweise: &#8211; Versand: Versand nur in der Schweiz m\u00f6glich.Im Ausland ist der Transport k\u00e4uferseits. Garantie: 3 Monate Garantie. Bitte beachten Sie, dass die Gew\u00e4hrleistung nur g\u00fcltig ist, wenn der Ersatzteileinbau durch eine&hellip; <a class=\"more-link\" href=\"https:\/\/occasions-teile.ch\/fr\/produkt\/audi-a1-zuendschloss\/\">Poursuivre la lecture <span class=\"screen-reader-text\">Audi A1  Z\u00fcndschloss<\/span><\/a><\/p>\n","protected":false},"featured_media":369702,"template":"","meta":[],"product_brand":[],"product_cat":[4301,4302,4303,458,461,464,661,659,1161,500,494,497,657,1162,24652,24650,24651,1160],"product_tag":[],"class_list":{"0":"post-369705","1":"product","2":"type-product","3":"status-publish","4":"has-post-thumbnail","6":"product_cat-de_slug_audi_a1_209","7":"product_cat-en_slug_audi_a1_693","8":"product_cat-fr_slug_audi_a1_970","9":"product_cat-de_audi","10":"product_cat-en_audi","11":"product_cat-fr_audi","12":"product_cat-fr-commande-du-moteur-allumage","13":"product_cat-en-engine-control-ignition","14":"product_cat-en-ignition-lock","15":"product_cat-fr-moteur","16":"product_cat-de-motor","17":"product_cat-en-motor","18":"product_cat-de-motorsteuerung-zuendung","19":"product_cat-fr-serrure-dallumage","20":"product_cat-fr-wauzzzgb5kr024752-200000518","21":"product_cat-de-wauzzzgb5kr024752-200000518","22":"product_cat-en-wauzzzgb5kr024752-200000518","23":"product_cat-de-zuendschloss","24":"product_shipping_class-tarif-1","25":"entry","27":"first","28":"instock","29":"taxable","30":"shipping-taxable","31":"purchasable","32":"product-type-simple"},"jetpack_sharing_enabled":true,"_links":{"self":[{"href":"https:\/\/occasions-teile.ch\/fr\/wp-json\/wp\/v2\/product\/369705","targetHints":{"allow":["GET"]}}],"collection":[{"href":"https:\/\/occasions-teile.ch\/fr\/wp-json\/wp\/v2\/product"}],"about":[{"href":"https:\/\/occasions-teile.ch\/fr\/wp-json\/wp\/v2\/types\/product"}],"wp:featuredmedia":[{"embeddable":true,"href":"https:\/\/occasions-teile.ch\/fr\/wp-json\/wp\/v2\/media\/369702"}],"wp:attachment":[{"href":"https:\/\/occasions-teile.ch\/fr\/wp-json\/wp\/v2\/media?parent=369705"}],"wp:term":[{"taxonomy":"product_brand","embeddable":true,"href":"https:\/\/occasions-teile.ch\/fr\/wp-json\/wp\/v2\/product_brand?post=369705"},{"taxonomy":"product_cat","embeddable":true,"href":"https:\/\/occasions-teile.ch\/fr\/wp-json\/wp\/v2\/product_cat?post=369705"},{"taxonomy":"product_tag","embeddable":true,"href":"https:\/\/occasions-teile.ch\/fr\/wp-json\/wp\/v2\/product_tag?post=369705"}],"curies":[{"name":"wp","href":"https:\/\/api.w.org\/{rel}","templated":true}]}}