{"id":369465,"date":"2025-09-22T14:05:21","date_gmt":"2025-09-22T14:05:21","guid":{"rendered":"https:\/\/occasions-teile.ch\/product\/audi-a1-schaltbetaetigung-schaltkulisse-2\/"},"modified":"2025-09-22T14:05:39","modified_gmt":"2025-09-22T14:05:39","slug":"audi-a1-schaltbetaetigung-schaltkulisse-2","status":"publish","type":"product","link":"https:\/\/occasions-teile.ch\/fr\/produkt\/audi-a1-schaltbetaetigung-schaltkulisse-2\/","title":{"rendered":"Audi A1  Schaltbet\u00e4tigung Schaltkulisse"},"content":{"rendered":"<p><span><b>Technische Daten<\/b><\/p>\n<p> Fahrzeug: Audi A1<br \/>\n Chassis Nr.: WAUZZZGB5KR024752<br \/>\n Baujahr: 2019<br \/>\n Kilometer: 67303 KM<br \/>\n Leistung: 200 KW<br \/>\n Hubraum: 1984 ccm<br \/>\n Typ: X<br \/>\n Farbcode: rot<br \/>\n Hinweise: &#8211;<\/p>\n<p> Versand: Versand nur in der Schweiz m\u00f6glich.Im Ausland ist der Transport k\u00e4uferseits.<br \/>\n Garantie: 3 Monate Garantie. Bitte beachten Sie, dass die Gew\u00e4hrleistung nur g\u00fcltig ist, wenn der Ersatzteileinbau durch eine Fachwerkstatt\/Meisterwerkstatt erfolgt. Das Ein- und Ausbau des Ersatzteiles kann nicht an uns verrechnet werden. <\/p>\n<p> Ersatzteil: f\u00fcr andere Fahrzeugen (Marken) verf\u00fcgbar auf anfrage. Tel.041 980 27 47. Mobil. 076 589 27 47<\/p>\n<p> Kontakt<br \/>\n  Adresse: Autoverwertung Brun AG<br \/>\n           M\u00f6\u00f6slimatten 13<br \/>\n           6218 Ettiswil<br \/>\n  Telefon: 0041 (041) 980 27 47<br \/>\n  Telefax: 0041 (041) 980 03 47<\/p>\n<p> Wir bieten Ihnen weitere gebrauchte Autoteile zum Kauf an.<br \/>\n Tags: Schaltbet\u00e4tigung Schaltkulisse , Shift operation, Commande de changement de vitesse<br \/>\n<\/span><\/p>\n","protected":false},"excerpt":{"rendered":"<p>Technische Daten Fahrzeug: Audi A1 Chassis Nr.: WAUZZZGB5KR024752 Baujahr: 2019 Kilometer: 67303 KM Leistung: 200 KW Hubraum: 1984 ccm Typ: X Farbcode: rot Hinweise: &#8211; Versand: Versand nur in der Schweiz m\u00f6glich.Im Ausland ist der Transport k\u00e4uferseits. Garantie: 3 Monate Garantie. Bitte beachten Sie, dass die Gew\u00e4hrleistung nur g\u00fcltig ist, wenn der Ersatzteileinbau durch eine&hellip; <a class=\"more-link\" href=\"https:\/\/occasions-teile.ch\/fr\/produkt\/audi-a1-schaltbetaetigung-schaltkulisse-2\/\">Poursuivre la lecture <span class=\"screen-reader-text\">Audi A1  Schaltbet\u00e4tigung Schaltkulisse<\/span><\/a><\/p>\n","protected":false},"featured_media":369462,"template":"","meta":[],"product_brand":[],"product_cat":[4302,4303,4301,458,461,464,913,914,651,648,909,910,911,912,654,24652,24650,24651],"product_tag":[],"class_list":{"0":"post-369465","1":"product","2":"type-product","3":"status-publish","4":"has-post-thumbnail","6":"product_cat-en_slug_audi_a1_693","7":"product_cat-fr_slug_audi_a1_970","8":"product_cat-de_slug_audi_a1_209","9":"product_cat-de_audi","10":"product_cat-en_audi","11":"product_cat-fr_audi","12":"product_cat-fr-commande-de-changement-de-vitesse","13":"product_cat-fr-commande-de-changement-de-vitesse-fr-commande-de-changement-de-vitesse","14":"product_cat-en-gearbox-drive","15":"product_cat-de-getriebe-antrieb","16":"product_cat-de-schaltbetaetigung","17":"product_cat-de-schaltbetaetigung-de-schaltbetaetigung","18":"product_cat-en-shift-operation","19":"product_cat-en-shift-operation-en-shift-operation","20":"product_cat-fr-transmission-entrainement","21":"product_cat-fr-wauzzzgb5kr024752-200000518","22":"product_cat-de-wauzzzgb5kr024752-200000518","23":"product_cat-en-wauzzzgb5kr024752-200000518","24":"product_shipping_class-tarif-1","25":"entry","27":"first","28":"instock","29":"taxable","30":"shipping-taxable","31":"purchasable","32":"product-type-simple"},"jetpack_sharing_enabled":true,"_links":{"self":[{"href":"https:\/\/occasions-teile.ch\/fr\/wp-json\/wp\/v2\/product\/369465","targetHints":{"allow":["GET"]}}],"collection":[{"href":"https:\/\/occasions-teile.ch\/fr\/wp-json\/wp\/v2\/product"}],"about":[{"href":"https:\/\/occasions-teile.ch\/fr\/wp-json\/wp\/v2\/types\/product"}],"wp:featuredmedia":[{"embeddable":true,"href":"https:\/\/occasions-teile.ch\/fr\/wp-json\/wp\/v2\/media\/369462"}],"wp:attachment":[{"href":"https:\/\/occasions-teile.ch\/fr\/wp-json\/wp\/v2\/media?parent=369465"}],"wp:term":[{"taxonomy":"product_brand","embeddable":true,"href":"https:\/\/occasions-teile.ch\/fr\/wp-json\/wp\/v2\/product_brand?post=369465"},{"taxonomy":"product_cat","embeddable":true,"href":"https:\/\/occasions-teile.ch\/fr\/wp-json\/wp\/v2\/product_cat?post=369465"},{"taxonomy":"product_tag","embeddable":true,"href":"https:\/\/occasions-teile.ch\/fr\/wp-json\/wp\/v2\/product_tag?post=369465"}],"curies":[{"name":"wp","href":"https:\/\/api.w.org\/{rel}","templated":true}]}}