{"id":369339,"date":"2025-09-20T07:33:17","date_gmt":"2025-09-20T07:33:17","guid":{"rendered":"https:\/\/occasions-teile.ch\/product\/mercedes-benz-cls-lichtschalter\/"},"modified":"2025-09-20T07:33:27","modified_gmt":"2025-09-20T07:33:27","slug":"mercedes-benz-cls-lichtschalter","status":"publish","type":"product","link":"https:\/\/occasions-teile.ch\/fr\/produkt\/mercedes-benz-cls-lichtschalter\/","title":{"rendered":"Mercedes-Benz CLS  Lichtschalter"},"content":{"rendered":"<p><span><b>Technische Daten<\/b><\/p>\n<p> Fahrzeug: Mercedes-Benz CLS<br \/>\n Chassis Nr.: WDD2193721A084271<br \/>\n Baujahr: 2006<br \/>\n Kilometer: 157269 KM<br \/>\n Leistung: 388 KW<br \/>\n Hubraum: 5461 ccm<br \/>\n Typ: 1MD441<br \/>\n Farbcode: blau<br \/>\n Hinweise: &#8211;<\/p>\n<p> Versand: Versand nur in der Schweiz m\u00f6glich.Im Ausland ist der Transport k\u00e4uferseits.<br \/>\n Garantie: 3 Monate Garantie. Bitte beachten Sie, dass die Gew\u00e4hrleistung nur g\u00fcltig ist, wenn der Ersatzteileinbau durch eine Fachwerkstatt\/Meisterwerkstatt erfolgt. Das Ein- und Ausbau des Ersatzteiles kann nicht an uns verrechnet werden. <\/p>\n<p> Ersatzteil: f\u00fcr andere Fahrzeugen (Marken) verf\u00fcgbar auf anfrage. Tel.041 980 27 47. Mobil. 076 589 27 47<\/p>\n<p> Kontakt<br \/>\n  Adresse: Autoverwertung Brun AG<br \/>\n           M\u00f6\u00f6slimatten 13<br \/>\n           6218 Ettiswil<br \/>\n  Telefon: 0041 (041) 980 27 47<br \/>\n  Telefax: 0041 (041) 980 03 47<\/p>\n<p> Wir bieten Ihnen weitere gebrauchte Autoteile zum Kauf an.<br \/>\n Tags: Lichtschalter, Light switch , Interrupteur d&rsquo;e\u00b4clairage<br \/>\n<\/span><\/p>\n","protected":false},"excerpt":{"rendered":"<p>Technische Daten Fahrzeug: Mercedes-Benz CLS Chassis Nr.: WDD2193721A084271 Baujahr: 2006 Kilometer: 157269 KM Leistung: 388 KW Hubraum: 5461 ccm Typ: 1MD441 Farbcode: blau Hinweise: &#8211; Versand: Versand nur in der Schweiz m\u00f6glich.Im Ausland ist der Transport k\u00e4uferseits. Garantie: 3 Monate Garantie. Bitte beachten Sie, dass die Gew\u00e4hrleistung nur g\u00fcltig ist, wenn der Ersatzteileinbau durch eine&hellip; <a class=\"more-link\" href=\"https:\/\/occasions-teile.ch\/fr\/produkt\/mercedes-benz-cls-lichtschalter\/\">Poursuivre la lecture <span class=\"screen-reader-text\">Mercedes-Benz CLS  Lichtschalter<\/span><\/a><\/p>\n","protected":false},"featured_media":369336,"template":"","meta":[],"product_brand":[],"product_cat":[5665,5663,5664,627,624,621,628,992,990,991,1256,1259,1262,622,625,24653,24654,24655],"product_tag":[],"class_list":{"0":"post-369339","1":"product","2":"type-product","3":"status-publish","4":"has-post-thumbnail","6":"product_cat-fr_slug_mercedes-benz_cls_814","7":"product_cat-de_slug_mercedes-benz_cls_836","8":"product_cat-en_slug_mercedes-benz_cls_105","9":"product_cat-fr-electricite-dispositifs-de-commande","10":"product_cat-en-electrics-control-units","11":"product_cat-de-elektrik-steuergeraete","12":"product_cat-fr-interrupteur","13":"product_cat-fr-interrupteur-declairage","14":"product_cat-de-lichtschalter","15":"product_cat-en-light-switch","16":"product_cat-de_mercedes-benz","17":"product_cat-en_mercedes-benz","18":"product_cat-fr_mercedes-benz","19":"product_cat-de-schalter","20":"product_cat-en-switch","21":"product_cat-de-wdd2193721a084271-200000516","22":"product_cat-en-wdd2193721a084271-200000516","23":"product_cat-fr-wdd2193721a084271-200000516","24":"product_shipping_class-tarif-1","25":"entry","27":"first","28":"instock","29":"taxable","30":"shipping-taxable","31":"purchasable","32":"product-type-simple"},"jetpack_sharing_enabled":true,"_links":{"self":[{"href":"https:\/\/occasions-teile.ch\/fr\/wp-json\/wp\/v2\/product\/369339","targetHints":{"allow":["GET"]}}],"collection":[{"href":"https:\/\/occasions-teile.ch\/fr\/wp-json\/wp\/v2\/product"}],"about":[{"href":"https:\/\/occasions-teile.ch\/fr\/wp-json\/wp\/v2\/types\/product"}],"wp:featuredmedia":[{"embeddable":true,"href":"https:\/\/occasions-teile.ch\/fr\/wp-json\/wp\/v2\/media\/369336"}],"wp:attachment":[{"href":"https:\/\/occasions-teile.ch\/fr\/wp-json\/wp\/v2\/media?parent=369339"}],"wp:term":[{"taxonomy":"product_brand","embeddable":true,"href":"https:\/\/occasions-teile.ch\/fr\/wp-json\/wp\/v2\/product_brand?post=369339"},{"taxonomy":"product_cat","embeddable":true,"href":"https:\/\/occasions-teile.ch\/fr\/wp-json\/wp\/v2\/product_cat?post=369339"},{"taxonomy":"product_tag","embeddable":true,"href":"https:\/\/occasions-teile.ch\/fr\/wp-json\/wp\/v2\/product_tag?post=369339"}],"curies":[{"name":"wp","href":"https:\/\/api.w.org\/{rel}","templated":true}]}}