{"id":367753,"date":"2025-09-10T07:37:31","date_gmt":"2025-09-10T07:37:31","guid":{"rendered":"https:\/\/occasions-teile.ch\/product\/nissan-qashqai-kraftstoffpumpe-tankgeber-2\/"},"modified":"2025-09-10T07:37:44","modified_gmt":"2025-09-10T07:37:44","slug":"nissan-qashqai-kraftstoffpumpe-tankgeber-2","status":"publish","type":"product","link":"https:\/\/occasions-teile.ch\/fr\/produkt\/nissan-qashqai-kraftstoffpumpe-tankgeber-2\/","title":{"rendered":"Nissan Qashqai  Kraftstoffpumpe Tankgeber"},"content":{"rendered":"<p><span><b>Technische Daten<\/b><\/p>\n<p> Fahrzeug: Nissan Qashqai<br \/>\n Chassis Nr.: SJNFBNJ10U1006629<br \/>\n Baujahr: 2007<br \/>\n Kilometer: 170528 KM<br \/>\n Leistung: 141 KW<br \/>\n Hubraum: 1997 ccm<br \/>\n Typ: 1NA376<br \/>\n Farbcode: grau<br \/>\n Hinweise: &#8211;<\/p>\n<p> Versand: Versand nur in der Schweiz m\u00f6glich.Im Ausland ist der Transport k\u00e4uferseits.<br \/>\n Garantie: 3 Monate Garantie. Bitte beachten Sie, dass die Gew\u00e4hrleistung nur g\u00fcltig ist, wenn der Ersatzteileinbau durch eine Fachwerkstatt\/Meisterwerkstatt erfolgt. Das Ein- und Ausbau des Ersatzteiles kann nicht an uns verrechnet werden. <\/p>\n<p> Ersatzteil: f\u00fcr andere Fahrzeugen (Marken) verf\u00fcgbar auf anfrage. Tel.041 980 27 47. Mobil. 076 589 27 47<\/p>\n<p> Kontakt<br \/>\n  Adresse: Autoverwertung Brun AG<br \/>\n           M\u00f6\u00f6slimatten 13<br \/>\n           6218 Ettiswil<br \/>\n  Telefon: 0041 (041) 980 27 47<br \/>\n  Telefax: 0041 (041) 980 03 47<\/p>\n<p> Wir bieten Ihnen weitere gebrauchte Autoteile zum Kauf an.<br \/>\n Tags: Kraftstoffpumpe Tankgeber, Fuel pump\/tank sender, Pompe a` carburant\/re\u00b4servoir<br \/>\n<\/span><\/p>\n","protected":false},"excerpt":{"rendered":"<p>Technische Daten Fahrzeug: Nissan Qashqai Chassis Nr.: SJNFBNJ10U1006629 Baujahr: 2007 Kilometer: 170528 KM Leistung: 141 KW Hubraum: 1997 ccm Typ: 1NA376 Farbcode: grau Hinweise: &#8211; Versand: Versand nur in der Schweiz m\u00f6glich.Im Ausland ist der Transport k\u00e4uferseits. Garantie: 3 Monate Garantie. Bitte beachten Sie, dass die Gew\u00e4hrleistung nur g\u00fcltig ist, wenn der Ersatzteileinbau durch eine&hellip; <a class=\"more-link\" href=\"https:\/\/occasions-teile.ch\/fr\/produkt\/nissan-qashqai-kraftstoffpumpe-tankgeber-2\/\">Poursuivre la lecture <span class=\"screen-reader-text\">Nissan Qashqai  Kraftstoffpumpe Tankgeber<\/span><\/a><\/p>\n","protected":false},"featured_media":367750,"template":"","meta":[],"product_brand":[],"product_cat":[6122,6371,6370,6121,500,494,497,1751,1754,1757,6372,2043,2045,2041,2122,2119,2120,6123],"product_tag":[],"class_list":{"0":"post-367753","1":"product","2":"type-product","3":"status-publish","4":"has-post-thumbnail","6":"product_cat-en-air-fuel-system-motor","7":"product_cat-en-fuel-pump-tank-sender-luft-kraftstoffsystem","8":"product_cat-de-kraftstoffpumpe-tankgeber-luft-kraftstoffsystem","9":"product_cat-de-luft-kraftstoffsystem-motor","10":"product_cat-fr-moteur","11":"product_cat-de-motor","12":"product_cat-en-motor","13":"product_cat-de_nissan","14":"product_cat-en_nissan","15":"product_cat-fr_nissan","16":"product_cat-fr-pompe-a-carburant-reservoir-luft-kraftstoffsystem","17":"product_cat-en_qashqai","18":"product_cat-fr_qashqai","19":"product_cat-de_qashqai","20":"product_cat-fr-sjnfbnj10u1006629-20000181-vehicle-fr-2","21":"product_cat-de-sjnfbnj10u1006629-20000181","22":"product_cat-en-sjnfbnj10u1006629-20000181","23":"product_cat-fr-systeme-de-carburant-a-air-motor","24":"product_shipping_class-tarif-1","25":"entry","27":"first","28":"instock","29":"taxable","30":"shipping-taxable","31":"purchasable","32":"product-type-simple"},"jetpack_sharing_enabled":true,"_links":{"self":[{"href":"https:\/\/occasions-teile.ch\/fr\/wp-json\/wp\/v2\/product\/367753","targetHints":{"allow":["GET"]}}],"collection":[{"href":"https:\/\/occasions-teile.ch\/fr\/wp-json\/wp\/v2\/product"}],"about":[{"href":"https:\/\/occasions-teile.ch\/fr\/wp-json\/wp\/v2\/types\/product"}],"wp:featuredmedia":[{"embeddable":true,"href":"https:\/\/occasions-teile.ch\/fr\/wp-json\/wp\/v2\/media\/367750"}],"wp:attachment":[{"href":"https:\/\/occasions-teile.ch\/fr\/wp-json\/wp\/v2\/media?parent=367753"}],"wp:term":[{"taxonomy":"product_brand","embeddable":true,"href":"https:\/\/occasions-teile.ch\/fr\/wp-json\/wp\/v2\/product_brand?post=367753"},{"taxonomy":"product_cat","embeddable":true,"href":"https:\/\/occasions-teile.ch\/fr\/wp-json\/wp\/v2\/product_cat?post=367753"},{"taxonomy":"product_tag","embeddable":true,"href":"https:\/\/occasions-teile.ch\/fr\/wp-json\/wp\/v2\/product_tag?post=367753"}],"curies":[{"name":"wp","href":"https:\/\/api.w.org\/{rel}","templated":true}]}}