{"id":366544,"date":"2025-09-01T16:04:44","date_gmt":"2025-09-01T16:04:44","guid":{"rendered":"https:\/\/occasions-teile.ch\/product\/bmw-x-serien-x1-heckklappendaempfer-2\/"},"modified":"2025-09-01T16:04:56","modified_gmt":"2025-09-01T16:04:56","slug":"bmw-x-serien-x1-heckklappendaempfer-2","status":"publish","type":"product","link":"https:\/\/occasions-teile.ch\/fr\/produkt\/bmw-x-serien-x1-heckklappendaempfer-2\/","title":{"rendered":"BMW X-serien X1 Heckklappend\u00e4mpfer"},"content":{"rendered":"<p><span><b>Technische Daten<\/b><\/p>\n<p> Fahrzeug: BMW X-serien X1<br \/>\n Chassis Nr.: WBAHU310205H56407<br \/>\n Baujahr: 2017<br \/>\n Kilometer: 88269 KM<br \/>\n Leistung: 190 KW<br \/>\n Hubraum: 1995 ccm<br \/>\n Typ: 1BJ591<br \/>\n Farbcode: silber<br \/>\n Hinweise: &#8211;<\/p>\n<p> Versand: Versand nur in der Schweiz m\u00f6glich.Im Ausland ist der Transport k\u00e4uferseits.<br \/>\n Garantie: 3 Monate Garantie. Bitte beachten Sie, dass die Gew\u00e4hrleistung nur g\u00fcltig ist, wenn der Ersatzteileinbau durch eine Fachwerkstatt\/Meisterwerkstatt erfolgt. Das Ein- und Ausbau des Ersatzteiles kann nicht an uns verrechnet werden. <\/p>\n<p> Ersatzteil: f\u00fcr andere Fahrzeugen (Marken) verf\u00fcgbar auf anfrage. Tel.041 980 27 47. Mobil. 076 589 27 47<\/p>\n<p> Kontakt<br \/>\n  Adresse: Autoverwertung Brun AG<br \/>\n           M\u00f6\u00f6slimatten 13<br \/>\n           6218 Ettiswil<br \/>\n  Telefon: 0041 (041) 980 27 47<br \/>\n  Telefax: 0041 (041) 980 03 47<\/p>\n<p> Wir bieten Ihnen weitere gebrauchte Autoteile zum Kauf an.<br \/>\n Tags: Heckklappend\u00e4mpfer, Tailgate damper, Amortisseur de hayon<br \/>\n<\/span><\/p>\n","protected":false},"excerpt":{"rendered":"<p>Technische Daten Fahrzeug: BMW X-serien X1 Chassis Nr.: WBAHU310205H56407 Baujahr: 2017 Kilometer: 88269 KM Leistung: 190 KW Hubraum: 1995 ccm Typ: 1BJ591 Farbcode: silber Hinweise: &#8211; Versand: Versand nur in der Schweiz m\u00f6glich.Im Ausland ist der Transport k\u00e4uferseits. Garantie: 3 Monate Garantie. Bitte beachten Sie, dass die Gew\u00e4hrleistung nur g\u00fcltig ist, wenn der Ersatzteileinbau durch&hellip; <a class=\"more-link\" href=\"https:\/\/occasions-teile.ch\/fr\/produkt\/bmw-x-serien-x1-heckklappendaempfer-2\/\">Poursuivre la lecture <span class=\"screen-reader-text\">BMW X-serien X1 Heckklappend\u00e4mpfer<\/span><\/a><\/p>\n","protected":false},"featured_media":366541,"template":"","meta":[],"product_brand":[],"product_cat":[1509,1512,1515,524,527,1212,691,687,1211,521,1210,689,24623,24624,24625,2325,2327,2323],"product_tag":[],"class_list":{"0":"post-366544","1":"product","2":"type-product","3":"status-publish","4":"has-post-thumbnail","6":"product_cat-de_bmw","7":"product_cat-en_bmw","8":"product_cat-fr_bmw","9":"product_cat-en-body-rear","10":"product_cat-fr-carrosserie-arriere","11":"product_cat-fr-charniere-amortisseur-trappe-arriere","12":"product_cat-fr-hayon-pieces","13":"product_cat-de-heckklappeteile","14":"product_cat-en-hinge-damper-tailgate","15":"product_cat-de-karosserie-heck","16":"product_cat-de-scharnierdaempfer-hecklappe","17":"product_cat-en-tailgateparts","18":"product_cat-de-wbahu310205h56407-200000508","19":"product_cat-en-wbahu310205h56407-200000508","20":"product_cat-fr-wbahu310205h56407-200000508","21":"product_cat-en_x-serien-x1","22":"product_cat-fr_x-serien-x1","23":"product_cat-de_x-serien-x1","24":"product_shipping_class-tarif-1","25":"entry","27":"first","28":"instock","29":"taxable","30":"shipping-taxable","31":"purchasable","32":"product-type-simple"},"jetpack_sharing_enabled":true,"_links":{"self":[{"href":"https:\/\/occasions-teile.ch\/fr\/wp-json\/wp\/v2\/product\/366544","targetHints":{"allow":["GET"]}}],"collection":[{"href":"https:\/\/occasions-teile.ch\/fr\/wp-json\/wp\/v2\/product"}],"about":[{"href":"https:\/\/occasions-teile.ch\/fr\/wp-json\/wp\/v2\/types\/product"}],"wp:featuredmedia":[{"embeddable":true,"href":"https:\/\/occasions-teile.ch\/fr\/wp-json\/wp\/v2\/media\/366541"}],"wp:attachment":[{"href":"https:\/\/occasions-teile.ch\/fr\/wp-json\/wp\/v2\/media?parent=366544"}],"wp:term":[{"taxonomy":"product_brand","embeddable":true,"href":"https:\/\/occasions-teile.ch\/fr\/wp-json\/wp\/v2\/product_brand?post=366544"},{"taxonomy":"product_cat","embeddable":true,"href":"https:\/\/occasions-teile.ch\/fr\/wp-json\/wp\/v2\/product_cat?post=366544"},{"taxonomy":"product_tag","embeddable":true,"href":"https:\/\/occasions-teile.ch\/fr\/wp-json\/wp\/v2\/product_tag?post=366544"}],"curies":[{"name":"wp","href":"https:\/\/api.w.org\/{rel}","templated":true}]}}