{"id":365921,"date":"2025-08-23T09:37:21","date_gmt":"2025-08-23T09:37:21","guid":{"rendered":"https:\/\/occasions-teile.ch\/product\/audi-a4-verkleidung-heckklappe\/"},"modified":"2025-08-23T09:37:33","modified_gmt":"2025-08-23T09:37:33","slug":"audi-a4-verkleidung-heckklappe","status":"publish","type":"product","link":"https:\/\/occasions-teile.ch\/fr\/produkt\/audi-a4-verkleidung-heckklappe\/","title":{"rendered":"Audi A4  Verkleidung Heckklappe"},"content":{"rendered":"<p><span><b>Technische Daten<\/b><\/p>\n<p> Fahrzeug: Audi A4<br \/>\n Chassis Nr.: WAUZZZF44JA229110<br \/>\n Baujahr: 2018<br \/>\n Kilometer: 124047 KM<br \/>\n Leistung: 150 KW<br \/>\n Hubraum: 1968 ccm<br \/>\n Typ: 1AE357<br \/>\n Farbcode: &#8211;<br \/>\n Hinweise: &#8211;<\/p>\n<p> Versand: Versand nur in der Schweiz m\u00f6glich.Im Ausland ist der Transport k\u00e4uferseits.<br \/>\n Garantie: 3 Monate Garantie. Bitte beachten Sie, dass die Gew\u00e4hrleistung nur g\u00fcltig ist, wenn der Ersatzteileinbau durch eine Fachwerkstatt\/Meisterwerkstatt erfolgt. Das Ein- und Ausbau des Ersatzteiles kann nicht an uns verrechnet werden. <\/p>\n<p> Ersatzteil: f\u00fcr andere Fahrzeugen (Marken) verf\u00fcgbar auf anfrage. Tel.041 980 27 47. Mobil. 076 589 27 47<\/p>\n<p> Kontakt<br \/>\n  Adresse: Autoverwertung Brun AG<br \/>\n           M\u00f6\u00f6slimatten 13<br \/>\n           6218 Ettiswil<br \/>\n  Telefon: 0041 (041) 980 27 47<br \/>\n  Telefax: 0041 (041) 980 03 47<\/p>\n<p> Wir bieten Ihnen weitere gebrauchte Autoteile zum Kauf an.<br \/>\n Tags: Verkleidung Heckklappe, Fairing Tailgate, Habillage Hayon<br \/>\n<\/span><\/p>\n","protected":false},"excerpt":{"rendered":"<p>Technische Daten Fahrzeug: Audi A4 Chassis Nr.: WAUZZZF44JA229110 Baujahr: 2018 Kilometer: 124047 KM Leistung: 150 KW Hubraum: 1968 ccm Typ: 1AE357 Farbcode: &#8211; Hinweise: &#8211; Versand: Versand nur in der Schweiz m\u00f6glich.Im Ausland ist der Transport k\u00e4uferseits. Garantie: 3 Monate Garantie. Bitte beachten Sie, dass die Gew\u00e4hrleistung nur g\u00fcltig ist, wenn der Ersatzteileinbau durch eine&hellip; <a class=\"more-link\" href=\"https:\/\/occasions-teile.ch\/fr\/produkt\/audi-a4-verkleidung-heckklappe\/\">Poursuivre la lecture <span class=\"screen-reader-text\">Audi A4  Verkleidung Heckklappe<\/span><\/a><\/p>\n","protected":false},"featured_media":365918,"template":"","meta":[],"product_brand":[],"product_cat":[462,465,459,461,464,458,6275,6276,925,804,810,807,923,6274,921,24606,24607,24605],"product_tag":[],"class_list":{"0":"post-365921","1":"product","2":"type-product","3":"status-publish","4":"has-post-thumbnail","6":"product_cat-en_a4","7":"product_cat-fr_a4","8":"product_cat-de_a4","9":"product_cat-en_audi","10":"product_cat-fr_audi","11":"product_cat-de_audi","12":"product_cat-en-fairing-tailgate-verkleidungabdeckungkofferraum","13":"product_cat-fr-habillage-hayon-verkleidungabdeckungkofferraum","14":"product_cat-fr-habillage-couverture-du-coffre","15":"product_cat-de-innenraum","16":"product_cat-fr-interieur","17":"product_cat-en-interior","18":"product_cat-en-trimcovertrunk","19":"product_cat-de-verkleidung-heckklappe-verkleidungabdeckungkofferraum","20":"product_cat-de-verkleidungabdeckungkofferraum","21":"product_cat-en-wauzzzf44ja229110-200000503","22":"product_cat-fr-wauzzzf44ja229110-200000503","23":"product_cat-de-wauzzzf44ja229110-200000503","24":"product_shipping_class-tarif-1","25":"entry","27":"first","28":"instock","29":"taxable","30":"shipping-taxable","31":"purchasable","32":"product-type-simple"},"jetpack_sharing_enabled":true,"_links":{"self":[{"href":"https:\/\/occasions-teile.ch\/fr\/wp-json\/wp\/v2\/product\/365921","targetHints":{"allow":["GET"]}}],"collection":[{"href":"https:\/\/occasions-teile.ch\/fr\/wp-json\/wp\/v2\/product"}],"about":[{"href":"https:\/\/occasions-teile.ch\/fr\/wp-json\/wp\/v2\/types\/product"}],"wp:featuredmedia":[{"embeddable":true,"href":"https:\/\/occasions-teile.ch\/fr\/wp-json\/wp\/v2\/media\/365918"}],"wp:attachment":[{"href":"https:\/\/occasions-teile.ch\/fr\/wp-json\/wp\/v2\/media?parent=365921"}],"wp:term":[{"taxonomy":"product_brand","embeddable":true,"href":"https:\/\/occasions-teile.ch\/fr\/wp-json\/wp\/v2\/product_brand?post=365921"},{"taxonomy":"product_cat","embeddable":true,"href":"https:\/\/occasions-teile.ch\/fr\/wp-json\/wp\/v2\/product_cat?post=365921"},{"taxonomy":"product_tag","embeddable":true,"href":"https:\/\/occasions-teile.ch\/fr\/wp-json\/wp\/v2\/product_tag?post=365921"}],"curies":[{"name":"wp","href":"https:\/\/api.w.org\/{rel}","templated":true}]}}