{"id":365769,"date":"2025-08-21T12:29:26","date_gmt":"2025-08-21T12:29:26","guid":{"rendered":"https:\/\/occasions-teile.ch\/product\/audi-a4-tuere-vorne-5\/"},"modified":"2026-03-31T12:36:42","modified_gmt":"2026-03-31T12:36:42","slug":"audi-a4-tuere-vorne-5","status":"publish","type":"product","link":"https:\/\/occasions-teile.ch\/fr\/produkt\/audi-a4-tuere-vorne-5\/","title":{"rendered":"Audi A4  T\u00fcre vorne"},"content":{"rendered":"<p><b>Technische Daten<\/b><\/p>\n<p>Fahrzeug: Audi A4<br \/>\nChassis Nr.: WAUZZZF44JA229110<br \/>\nBaujahr: 2018<br \/>\nKilometer: 124047 KM<br \/>\nLeistung: 150 KW<br \/>\nHubraum: 1968 ccm<br \/>\nTyp: 1AE357<br \/>\nFarbcode: &#8211;<br \/>\nHinweise: &#8211;<\/p>\n<p>Versand: Versand nur in der Schweiz m\u00f6glich.Im Ausland ist der Transport k\u00e4uferseits.<br \/>\nGarantie: 3 Monate Garantie. Bitte beachten Sie, dass die Gew\u00e4hrleistung nur g\u00fcltig ist, wenn der Ersatzteileinbau durch eine Fachwerkstatt\/Meisterwerkstatt erfolgt. Das Ein- und Ausbau des Ersatzteiles kann nicht an uns verrechnet werden.<\/p>\n<p>Ersatzteil: f\u00fcr andere Fahrzeugen (Marken) verf\u00fcgbar auf anfrage. Tel.041 980 27 47. Mobil. 076 589 27 47<\/p>\n<p>Kontakt<br \/>\nAdresse: Autoverwertung Brun AG<br \/>\nM\u00f6\u00f6slimatten 13<br \/>\n6218 Ettiswil<br \/>\nTelefon: 0041 (041) 980 27 47<br \/>\nTelefax: 0041 (041) 980 03 47<\/p>\n<p>Wir bieten Ihnen weitere gebrauchte Autoteile zum Kauf an.<br \/>\nTags: T\u00fcre vorne, Doors front, Portes avant<\/p>\n","protected":false},"excerpt":{"rendered":"<p>Technische Daten Fahrzeug: Audi A4 Chassis Nr.: WAUZZZF44JA229110 Baujahr: 2018 Kilometer: 124047 KM Leistung: 150 KW Hubraum: 1968 ccm Typ: 1AE357 Farbcode: &#8211; Hinweise: &#8211; Versand: Versand nur in der Schweiz m\u00f6glich.Im Ausland ist der Transport k\u00e4uferseits. Garantie: 3 Monate Garantie. Bitte beachten Sie, dass die Gew\u00e4hrleistung nur g\u00fcltig ist, wenn der Ersatzteileinbau durch eine&hellip; <a class=\"more-link\" href=\"https:\/\/occasions-teile.ch\/fr\/produkt\/audi-a4-tuere-vorne-5\/\">Poursuivre la lecture <span class=\"screen-reader-text\">Audi A4  T\u00fcre vorne<\/span><\/a><\/p>\n","protected":false},"featured_media":365766,"template":"","meta":[],"product_brand":[],"product_cat":[459,458,485,486,487,24605],"product_tag":[],"class_list":{"0":"post-365769","1":"product","2":"type-product","3":"status-publish","4":"has-post-thumbnail","6":"product_cat-de_a4","7":"product_cat-de_audi","8":"product_cat-de-karosserie-mitte","9":"product_cat-de-tueren","10":"product_cat-de-tuerenvorn","11":"product_cat-de-wauzzzf44ja229110-200000503","12":"product_shipping_class-tarif-4","13":"entry","15":"first","16":"instock","17":"taxable","18":"shipping-taxable","19":"purchasable","20":"product-type-simple"},"jetpack_sharing_enabled":true,"_links":{"self":[{"href":"https:\/\/occasions-teile.ch\/fr\/wp-json\/wp\/v2\/product\/365769","targetHints":{"allow":["GET"]}}],"collection":[{"href":"https:\/\/occasions-teile.ch\/fr\/wp-json\/wp\/v2\/product"}],"about":[{"href":"https:\/\/occasions-teile.ch\/fr\/wp-json\/wp\/v2\/types\/product"}],"wp:featuredmedia":[{"embeddable":true,"href":"https:\/\/occasions-teile.ch\/fr\/wp-json\/wp\/v2\/media\/365766"}],"wp:attachment":[{"href":"https:\/\/occasions-teile.ch\/fr\/wp-json\/wp\/v2\/media?parent=365769"}],"wp:term":[{"taxonomy":"product_brand","embeddable":true,"href":"https:\/\/occasions-teile.ch\/fr\/wp-json\/wp\/v2\/product_brand?post=365769"},{"taxonomy":"product_cat","embeddable":true,"href":"https:\/\/occasions-teile.ch\/fr\/wp-json\/wp\/v2\/product_cat?post=365769"},{"taxonomy":"product_tag","embeddable":true,"href":"https:\/\/occasions-teile.ch\/fr\/wp-json\/wp\/v2\/product_tag?post=365769"}],"curies":[{"name":"wp","href":"https:\/\/api.w.org\/{rel}","templated":true}]}}