{"id":364851,"date":"2025-08-09T10:02:21","date_gmt":"2025-08-09T10:02:21","guid":{"rendered":"https:\/\/occasions-teile.ch\/product\/suzuki-swift-elektroluefter-lueftermotor\/"},"modified":"2025-08-09T10:02:33","modified_gmt":"2025-08-09T10:02:33","slug":"suzuki-swift-elektroluefter-lueftermotor","status":"publish","type":"product","link":"https:\/\/occasions-teile.ch\/fr\/produkt\/suzuki-swift-elektroluefter-lueftermotor\/","title":{"rendered":"Suzuki Swift  Elektrol\u00fcfter L\u00fcftermotor"},"content":{"rendered":"<p><span><b>Technische Daten<\/b><\/p>\n<p> Fahrzeug: Suzuki Swift<br \/>\n Chassis Nr.: JSAAZC33S00115315<br \/>\n Baujahr: 2019<br \/>\n Kilometer: 114840 KM<br \/>\n Leistung: 140 KW<br \/>\n Hubraum: 1373 ccm<br \/>\n Typ: 1SD818<br \/>\n Farbcode: White\/Weiss<br \/>\n Hinweise: &#8211;<\/p>\n<p> Versand: Versand nur in der Schweiz m\u00f6glich.Im Ausland ist der Transport k\u00e4uferseits.<br \/>\n Garantie: 3 Monate Garantie. Bitte beachten Sie, dass die Gew\u00e4hrleistung nur g\u00fcltig ist, wenn der Ersatzteileinbau durch eine Fachwerkstatt\/Meisterwerkstatt erfolgt. Das Ein- und Ausbau des Ersatzteiles kann nicht an uns verrechnet werden. <\/p>\n<p> Ersatzteil: f\u00fcr andere Fahrzeugen (Marken) verf\u00fcgbar auf anfrage. Tel.041 980 27 47. Mobil. 076 589 27 47<\/p>\n<p> Kontakt<br \/>\n  Adresse: Autoverwertung Brun AG<br \/>\n           M\u00f6\u00f6slimatten 13<br \/>\n           6218 Ettiswil<br \/>\n  Telefon: 0041 (041) 980 27 47<br \/>\n  Telefax: 0041 (041) 980 03 47<\/p>\n<p> Wir bieten Ihnen weitere gebrauchte Autoteile zum Kauf an.<br \/>\n Tags: Elektrol\u00fcfter L\u00fcftermotor, Electric fan\/fan motor , Ventilateur e\u00b4lectrique\/moteur de ventilateur<br \/>\n<\/span><\/p>\n","protected":false},"excerpt":{"rendered":"<p>Technische Daten Fahrzeug: Suzuki Swift Chassis Nr.: JSAAZC33S00115315 Baujahr: 2019 Kilometer: 114840 KM Leistung: 140 KW Hubraum: 1373 ccm Typ: 1SD818 Farbcode: White\/Weiss Hinweise: &#8211; Versand: Versand nur in der Schweiz m\u00f6glich.Im Ausland ist der Transport k\u00e4uferseits. Garantie: 3 Monate Garantie. Bitte beachten Sie, dass die Gew\u00e4hrleistung nur g\u00fcltig ist, wenn der Ersatzteileinbau durch eine&hellip; <a class=\"more-link\" href=\"https:\/\/occasions-teile.ch\/fr\/produkt\/suzuki-swift-elektroluefter-lueftermotor\/\">Poursuivre la lecture <span class=\"screen-reader-text\">Suzuki Swift  Elektrol\u00fcfter L\u00fcftermotor<\/span><\/a><\/p>\n","protected":false},"featured_media":364848,"template":"","meta":[],"product_brand":[],"product_cat":[515,518,1238,1237,24598,24596,24597,512,1046,1044,1048,449,452,455,2049,2051,2047,1239],"product_tag":[],"class_list":{"0":"post-364851","1":"product","2":"type-product","3":"status-publish","4":"has-post-thumbnail","6":"product_cat-en-body-front","7":"product_cat-fr-carrosserie-front","8":"product_cat-en-electric-fan-fan-motor","9":"product_cat-de-elektroluefter-lueftermotor","10":"product_cat-fr-jsaazc33s00115315-200000496","11":"product_cat-de-jsaazc33s00115315-200000496","12":"product_cat-en-jsaazc33s00115315-200000496","13":"product_cat-de-karosserie-front","14":"product_cat-en-lock-beamcooler","15":"product_cat-de-schlosstraegerkuehler","16":"product_cat-fr-support-de-serrure-radiateur","17":"product_cat-suzuki","18":"product_cat-en_suzuki","19":"product_cat-fr_suzuki","20":"product_cat-en_swift","21":"product_cat-fr_swift","22":"product_cat-de_swift","23":"product_cat-fr-ventilateur-electrique-moteur-de-ventilateur","24":"product_shipping_class-tarif-1","25":"entry","27":"first","28":"instock","29":"taxable","30":"shipping-taxable","31":"purchasable","32":"product-type-simple"},"jetpack_sharing_enabled":true,"_links":{"self":[{"href":"https:\/\/occasions-teile.ch\/fr\/wp-json\/wp\/v2\/product\/364851","targetHints":{"allow":["GET"]}}],"collection":[{"href":"https:\/\/occasions-teile.ch\/fr\/wp-json\/wp\/v2\/product"}],"about":[{"href":"https:\/\/occasions-teile.ch\/fr\/wp-json\/wp\/v2\/types\/product"}],"wp:featuredmedia":[{"embeddable":true,"href":"https:\/\/occasions-teile.ch\/fr\/wp-json\/wp\/v2\/media\/364848"}],"wp:attachment":[{"href":"https:\/\/occasions-teile.ch\/fr\/wp-json\/wp\/v2\/media?parent=364851"}],"wp:term":[{"taxonomy":"product_brand","embeddable":true,"href":"https:\/\/occasions-teile.ch\/fr\/wp-json\/wp\/v2\/product_brand?post=364851"},{"taxonomy":"product_cat","embeddable":true,"href":"https:\/\/occasions-teile.ch\/fr\/wp-json\/wp\/v2\/product_cat?post=364851"},{"taxonomy":"product_tag","embeddable":true,"href":"https:\/\/occasions-teile.ch\/fr\/wp-json\/wp\/v2\/product_tag?post=364851"}],"curies":[{"name":"wp","href":"https:\/\/api.w.org\/{rel}","templated":true}]}}