{"id":36382,"date":"2023-05-22T10:00:45","date_gmt":"2023-05-22T10:00:45","guid":{"rendered":"https:\/\/occasions-teile.ch\/product\/audi-a7-querlenker-vorne-links-3\/"},"modified":"2023-05-22T10:01:23","modified_gmt":"2023-05-22T10:01:23","slug":"audi-a7-querlenker-vorne-links-3","status":"publish","type":"product","link":"https:\/\/occasions-teile.ch\/fr\/produkt\/audi-a7-querlenker-vorne-links-3\/","title":{"rendered":"Audi A7  Querlenker vorne links"},"content":{"rendered":"<p><span><b>Donn\u00e9es techniques<\/b><\/p>\n<p> V\u00e9hicule: Audi A7<br \/>\n N\u00b0 de ch\u00e2ssis: WAUZZZ4G1DN120954<br \/>\n Ann\u00e9e de production: 2013<br \/>\n Kilom\u00e9trage: 185128 KM<br \/>\n Puissance: 313 KW<br \/>\n Cylindr\u00e9e du moteur: 2967 ccm<br \/>\n Typ: 1AC832<br \/>\n Code couleur: Black<br \/>\n Remarques: &#8211;<\/p>\n<p> Exp\u00e9dition : L&rsquo;exp\u00e9dition n&rsquo;est disponible qu&rsquo;en Suisse. Dans d&rsquo;autres pays, l&rsquo;acheteur est responsable du transport.<br \/>\n Garantie : 3 mois de garantie. Veuillez noter que la garantie n&rsquo;est valable que si les pi\u00e8ces de rechange sont install\u00e9es par un atelier sp\u00e9cialis\u00e9\/ma\u00eetre. Le montage et le d\u00e9montage de la pi\u00e8ce de rechange ne peuvent pas nous \u00eatre factur\u00e9s.<\/p>\n<p> Pi\u00e8ce de rechange : pour d&rsquo;autres v\u00e9hicules (marques) disponible sur demande. T\u00e9l. 041 980 27 47. Portable. 076 589 27 47<\/p>\n<p>  Contact<br \/>\n   Adresse : Autoverwertung Brun AG<br \/>\n              M\u00f6\u00f6slimatten 13<br \/>\n              6218 Ettiswil<br \/>\n   T\u00e9l\u00e9phone : 0041 (041) 980 27 47<br \/>\n   T\u00e9l\u00e9fax : 0041 (041) 980 03 47<\/p>\n<p>  Nous proposons \u00e9galement d&rsquo;autres pi\u00e8ces automobiles d&rsquo;occasion \u00e0 vendre.<br \/>\n<\/span><\/p>\n","protected":false},"excerpt":{"rendered":"<p>Donn\u00e9es techniques V\u00e9hicule: Audi A7 N\u00b0 de ch\u00e2ssis: WAUZZZ4G1DN120954 Ann\u00e9e de production: 2013 Kilom\u00e9trage: 185128 KM Puissance: 313 KW Cylindr\u00e9e du moteur: 2967 ccm Typ: 1AC832 Code couleur: Black Remarques: &#8211; Exp\u00e9dition : L&rsquo;exp\u00e9dition n&rsquo;est disponible qu&rsquo;en Suisse. Dans d&rsquo;autres pays, l&rsquo;acheteur est responsable du transport. Garantie : 3 mois de garantie. Veuillez noter que&hellip; <a class=\"more-link\" href=\"https:\/\/occasions-teile.ch\/fr\/produkt\/audi-a7-querlenker-vorne-links-3\/\">Poursuivre la lecture <span class=\"screen-reader-text\">Audi A7  Querlenker vorne links<\/span><\/a><\/p>\n","protected":false},"featured_media":36373,"template":"","meta":[],"product_brand":[],"product_cat":[2039,464,793,794,547,2038],"product_tag":[],"class_list":{"0":"post-36382","1":"product","2":"type-product","3":"status-publish","4":"has-post-thumbnail","6":"product_cat-fr_a7","7":"product_cat-fr_audi","8":"product_cat-fr-bras-de-suspension","9":"product_cat-fr-bras-de-suspension-avant-gauche","10":"product_cat-fr-train-de-roulement-direction","11":"product_cat-fr-wauzzz4g1dn120954","12":"entry","14":"first","15":"outofstock","16":"taxable","17":"shipping-taxable","18":"purchasable","19":"product-type-simple"},"jetpack_sharing_enabled":true,"_links":{"self":[{"href":"https:\/\/occasions-teile.ch\/fr\/wp-json\/wp\/v2\/product\/36382","targetHints":{"allow":["GET"]}}],"collection":[{"href":"https:\/\/occasions-teile.ch\/fr\/wp-json\/wp\/v2\/product"}],"about":[{"href":"https:\/\/occasions-teile.ch\/fr\/wp-json\/wp\/v2\/types\/product"}],"wp:featuredmedia":[{"embeddable":true,"href":"https:\/\/occasions-teile.ch\/fr\/wp-json\/wp\/v2\/media\/36373"}],"wp:attachment":[{"href":"https:\/\/occasions-teile.ch\/fr\/wp-json\/wp\/v2\/media?parent=36382"}],"wp:term":[{"taxonomy":"product_brand","embeddable":true,"href":"https:\/\/occasions-teile.ch\/fr\/wp-json\/wp\/v2\/product_brand?post=36382"},{"taxonomy":"product_cat","embeddable":true,"href":"https:\/\/occasions-teile.ch\/fr\/wp-json\/wp\/v2\/product_cat?post=36382"},{"taxonomy":"product_tag","embeddable":true,"href":"https:\/\/occasions-teile.ch\/fr\/wp-json\/wp\/v2\/product_tag?post=36382"}],"curies":[{"name":"wp","href":"https:\/\/api.w.org\/{rel}","templated":true}]}}