{"id":36260,"date":"2023-05-19T15:30:50","date_gmt":"2023-05-19T15:30:50","guid":{"rendered":"https:\/\/occasions-teile.ch\/product\/subaru-legacy-outback-alternator-lichtmaschine\/"},"modified":"2024-05-29T13:14:25","modified_gmt":"2024-05-29T13:14:25","slug":"subaru-legacy-outback-alternator-lichtmaschine","status":"publish","type":"product","link":"https:\/\/occasions-teile.ch\/fr\/produkt\/subaru-legacy-outback-alternator-lichtmaschine\/","title":{"rendered":"Subaru Legacy\/Outback  alternator lichtmaschine"},"content":{"rendered":"<p><span><b>Technische Daten<\/b><\/p>\n<p> Fahrzeug: Subaru Legacy\/Outback<br \/>\n Chassis Nr.: JF1BR5AG010357<br \/>\n Baujahr: 2010<br \/>\n Kilometer: 125925 KM<br \/>\n Leistung: 150 KW<br \/>\n Hubraum: 1994 ccm<br \/>\n Typ: 1SC713<br \/>\n Farbcode: grau<br \/>\n Hinweise: &#8211;<\/p>\n<p> Versand: Versand nur in der Schweiz m\u00f6glich.Im Ausland ist der Transport k\u00e4uferseits.<br \/>\n Garantie: 3 Monate Garantie. Bitte beachten Sie, dass die Gew\u00e4hrleistung nur g\u00fcltig ist, wenn der Ersatzteileinbau durch eine Fachwerkstatt\/Meisterwerkstatt erfolgt. Das Ein- und Ausbau des Ersatzteiles kann nicht an uns verrechnet werden. <\/p>\n<p> Ersatzteil: f\u00fcr andere Fahrzeugen (Marken) verf\u00fcgbar auf anfrage. Tel.041 980 27 47. Mobil. 076 589 27 47<\/p>\n<p> Kontakt<br \/>\n  Adresse: Autoverwertung Brun AG<br \/>\n           M\u00f6\u00f6slimatten 13<br \/>\n           6218 Ettiswil<br \/>\n  Telefon: 0041 (041) 980 27 47<br \/>\n  Telefax: 0041 (041) 980 03 47<\/p>\n<p> Wir bieten Ihnen weitere gebrauchte Autoteile zum Kauf an.<br \/>\n<\/span><\/p>\n","protected":false},"excerpt":{"rendered":"<p>Technische Daten Fahrzeug: Subaru Legacy\/Outback Chassis Nr.: JF1BR5AG010357 Baujahr: 2010 Kilometer: 125925 KM Leistung: 150 KW Hubraum: 1994 ccm Typ: 1SC713 Farbcode: grau Hinweise: &#8211; Versand: Versand nur in der Schweiz m\u00f6glich.Im Ausland ist der Transport k\u00e4uferseits. Garantie: 3 Monate Garantie. Bitte beachten Sie, dass die Gew\u00e4hrleistung nur g\u00fcltig ist, wenn der Ersatzteileinbau durch eine&hellip; <a class=\"more-link\" href=\"https:\/\/occasions-teile.ch\/fr\/produkt\/subaru-legacy-outback-alternator-lichtmaschine\/\">Poursuivre la lecture <span class=\"screen-reader-text\">Subaru Legacy\/Outback  alternator lichtmaschine<\/span><\/a><\/p>\n","protected":false},"featured_media":36257,"template":"","meta":[],"product_brand":[],"product_cat":[1242,1241,1240,627,624,621,628,2024,2026,2022,2025,2027,2023,622,1199,1202,1205,625,23855],"product_tag":[],"class_list":{"0":"post-36260","1":"product","2":"type-product","3":"status-publish","4":"has-post-thumbnail","6":"product_cat-fr-alternateur-alternateur","7":"product_cat-en-alternator-alternator","8":"product_cat-de-alternator-lichtmaschine","9":"product_cat-fr-electricite-dispositifs-de-commande","10":"product_cat-en-electrics-control-units","11":"product_cat-de-elektrik-steuergeraete","12":"product_cat-fr-interrupteur","13":"product_cat-en-jf1br5ag010357","14":"product_cat-fr-jf1br5ag010357","15":"product_cat-de-jf1br5ag010357","16":"product_cat-en_legacy-outback","17":"product_cat-fr_legacy-outback","18":"product_cat-de_legacy-outback","19":"product_cat-de-schalter","20":"product_cat-de_subaru","21":"product_cat-en_subaru","22":"product_cat-fr_subaru","23":"product_cat-en-switch","24":"product_cat-de-v-2-0i-de_legacy-outback-de_subaru-manufacturer","25":"product_shipping_class-tarif-1","26":"entry","28":"first","29":"instock","30":"taxable","31":"shipping-taxable","32":"purchasable","33":"product-type-simple"},"jetpack_sharing_enabled":true,"_links":{"self":[{"href":"https:\/\/occasions-teile.ch\/fr\/wp-json\/wp\/v2\/product\/36260","targetHints":{"allow":["GET"]}}],"collection":[{"href":"https:\/\/occasions-teile.ch\/fr\/wp-json\/wp\/v2\/product"}],"about":[{"href":"https:\/\/occasions-teile.ch\/fr\/wp-json\/wp\/v2\/types\/product"}],"wp:featuredmedia":[{"embeddable":true,"href":"https:\/\/occasions-teile.ch\/fr\/wp-json\/wp\/v2\/media\/36257"}],"wp:attachment":[{"href":"https:\/\/occasions-teile.ch\/fr\/wp-json\/wp\/v2\/media?parent=36260"}],"wp:term":[{"taxonomy":"product_brand","embeddable":true,"href":"https:\/\/occasions-teile.ch\/fr\/wp-json\/wp\/v2\/product_brand?post=36260"},{"taxonomy":"product_cat","embeddable":true,"href":"https:\/\/occasions-teile.ch\/fr\/wp-json\/wp\/v2\/product_cat?post=36260"},{"taxonomy":"product_tag","embeddable":true,"href":"https:\/\/occasions-teile.ch\/fr\/wp-json\/wp\/v2\/product_tag?post=36260"}],"curies":[{"name":"wp","href":"https:\/\/api.w.org\/{rel}","templated":true}]}}