{"id":360872,"date":"2025-07-07T13:28:45","date_gmt":"2025-07-07T13:28:45","guid":{"rendered":"https:\/\/occasions-teile.ch\/product\/mercedes-benz-gl-federbein-stossdaempfer-hinten-2\/"},"modified":"2025-07-07T13:28:56","modified_gmt":"2025-07-07T13:28:56","slug":"mercedes-benz-gl-federbein-stossdaempfer-hinten-2","status":"publish","type":"product","link":"https:\/\/occasions-teile.ch\/fr\/produkt\/mercedes-benz-gl-federbein-stossdaempfer-hinten-2\/","title":{"rendered":"Mercedes-Benz GL  Federbein Stossd\u00e4mpfer hinten"},"content":{"rendered":"<p><span><b>Technische Daten<\/b><\/p>\n<p> Fahrzeug: Mercedes-Benz GL<br \/>\n Chassis Nr.: WDC1648711A772898<br \/>\n Baujahr: 2011<br \/>\n Kilometer: 180748 KM<br \/>\n Leistung: 340 KW<br \/>\n Hubraum: 4663 ccm<br \/>\n Typ: 1MD737<br \/>\n Farbcode: Schwarz<br \/>\n Hinweise: &#8211;<\/p>\n<p> Versand: Versand nur in der Schweiz m\u00f6glich.Im Ausland ist der Transport k\u00e4uferseits.<br \/>\n Garantie: 3 Monate Garantie. Bitte beachten Sie, dass die Gew\u00e4hrleistung nur g\u00fcltig ist, wenn der Ersatzteileinbau durch eine Fachwerkstatt\/Meisterwerkstatt erfolgt. Das Ein- und Ausbau des Ersatzteiles kann nicht an uns verrechnet werden. <\/p>\n<p> Ersatzteil: f\u00fcr andere Fahrzeugen (Marken) verf\u00fcgbar auf anfrage. Tel.041 980 27 47. Mobil. 076 589 27 47<\/p>\n<p> Kontakt<br \/>\n  Adresse: Autoverwertung Brun AG<br \/>\n           M\u00f6\u00f6slimatten 13<br \/>\n           6218 Ettiswil<br \/>\n  Telefon: 0041 (041) 980 27 47<br \/>\n  Telefax: 0041 (041) 980 03 47<\/p>\n<p> Wir bieten Ihnen weitere gebrauchte Autoteile zum Kauf an.<br \/>\n Tags: Federbein Stossd\u00e4mpfer hinten, Suspension strut rear shock absorber, Amortisseur arri\u00e8re de jambe de suspension<br \/>\n<\/span><\/p>\n","protected":false},"excerpt":{"rendered":"<p>Technische Daten Fahrzeug: Mercedes-Benz GL Chassis Nr.: WDC1648711A772898 Baujahr: 2011 Kilometer: 180748 KM Leistung: 340 KW Hubraum: 4663 ccm Typ: 1MD737 Farbcode: Schwarz Hinweise: &#8211; Versand: Versand nur in der Schweiz m\u00f6glich.Im Ausland ist der Transport k\u00e4uferseits. Garantie: 3 Monate Garantie. Bitte beachten Sie, dass die Gew\u00e4hrleistung nur g\u00fcltig ist, wenn der Ersatzteileinbau durch eine&hellip; <a class=\"more-link\" href=\"https:\/\/occasions-teile.ch\/fr\/produkt\/mercedes-benz-gl-federbein-stossdaempfer-hinten-2\/\">Poursuivre la lecture <span class=\"screen-reader-text\">Mercedes-Benz GL  Federbein Stossd\u00e4mpfer hinten<\/span><\/a><\/p>\n","protected":false},"featured_media":360869,"template":"","meta":[],"product_brand":[],"product_cat":[544,541,762,813,5672,5673,5674,766,815,1259,1262,1256,764,814,547,24557,24558,24559],"product_tag":[],"class_list":{"0":"post-360872","1":"product","2":"type-product","3":"status-publish","4":"has-post-thumbnail","6":"product_cat-en-chassis-steering","7":"product_cat-de-fahrwerk-lenkung","8":"product_cat-de-federbeine-stossdaempfer","9":"product_cat-de-federbeine-stossdaempfer-hinten","10":"product_cat-de_slug_mercedes-benz_gl_634","11":"product_cat-en_slug_mercedes-benz_gl_615","12":"product_cat-fr_slug_mercedes-benz_gl_941","13":"product_cat-fr-jambes-de-force-amortisseurs","14":"product_cat-fr-jambes-de-force-amortisseurs-arriere","15":"product_cat-en_mercedes-benz","16":"product_cat-fr_mercedes-benz","17":"product_cat-de_mercedes-benz","18":"product_cat-en-struts-shock-absorbers","19":"product_cat-en-suspension-struts-shock-absorber-rear","20":"product_cat-fr-train-de-roulement-direction","21":"product_cat-de-wdc1648711a772898-200000484","22":"product_cat-en-wdc1648711a772898-200000484","23":"product_cat-fr-wdc1648711a772898-200000484","24":"product_shipping_class-tarif-2","25":"entry","27":"first","28":"instock","29":"taxable","30":"shipping-taxable","31":"purchasable","32":"product-type-simple"},"jetpack_sharing_enabled":true,"_links":{"self":[{"href":"https:\/\/occasions-teile.ch\/fr\/wp-json\/wp\/v2\/product\/360872","targetHints":{"allow":["GET"]}}],"collection":[{"href":"https:\/\/occasions-teile.ch\/fr\/wp-json\/wp\/v2\/product"}],"about":[{"href":"https:\/\/occasions-teile.ch\/fr\/wp-json\/wp\/v2\/types\/product"}],"wp:featuredmedia":[{"embeddable":true,"href":"https:\/\/occasions-teile.ch\/fr\/wp-json\/wp\/v2\/media\/360869"}],"wp:attachment":[{"href":"https:\/\/occasions-teile.ch\/fr\/wp-json\/wp\/v2\/media?parent=360872"}],"wp:term":[{"taxonomy":"product_brand","embeddable":true,"href":"https:\/\/occasions-teile.ch\/fr\/wp-json\/wp\/v2\/product_brand?post=360872"},{"taxonomy":"product_cat","embeddable":true,"href":"https:\/\/occasions-teile.ch\/fr\/wp-json\/wp\/v2\/product_cat?post=360872"},{"taxonomy":"product_tag","embeddable":true,"href":"https:\/\/occasions-teile.ch\/fr\/wp-json\/wp\/v2\/product_tag?post=360872"}],"curies":[{"name":"wp","href":"https:\/\/api.w.org\/{rel}","templated":true}]}}