{"id":360848,"date":"2025-07-07T13:01:48","date_gmt":"2025-07-07T13:01:48","guid":{"rendered":"https:\/\/occasions-teile.ch\/product\/mercedes-benz-gl-druckspeicher\/"},"modified":"2025-07-07T13:02:01","modified_gmt":"2025-07-07T13:02:01","slug":"mercedes-benz-gl-druckspeicher","status":"publish","type":"product","link":"https:\/\/occasions-teile.ch\/fr\/produkt\/mercedes-benz-gl-druckspeicher\/","title":{"rendered":"Mercedes-Benz GL  Druckspeicher"},"content":{"rendered":"<p><span><b>Technische Daten<\/b><\/p>\n<p> Fahrzeug: Mercedes-Benz GL<br \/>\n Chassis Nr.: WDC1648711A772898<br \/>\n Baujahr: 2011<br \/>\n Kilometer: 180748 KM<br \/>\n Leistung: 340 KW<br \/>\n Hubraum: 4663 ccm<br \/>\n Typ: 1MD737<br \/>\n Farbcode: Schwarz<br \/>\n Hinweise: &#8211;<\/p>\n<p> Versand: Versand nur in der Schweiz m\u00f6glich.Im Ausland ist der Transport k\u00e4uferseits.<br \/>\n Garantie: 3 Monate Garantie. Bitte beachten Sie, dass die Gew\u00e4hrleistung nur g\u00fcltig ist, wenn der Ersatzteileinbau durch eine Fachwerkstatt\/Meisterwerkstatt erfolgt. Das Ein- und Ausbau des Ersatzteiles kann nicht an uns verrechnet werden. <\/p>\n<p> Ersatzteil: f\u00fcr andere Fahrzeugen (Marken) verf\u00fcgbar auf anfrage. Tel.041 980 27 47. Mobil. 076 589 27 47<\/p>\n<p> Kontakt<br \/>\n  Adresse: Autoverwertung Brun AG<br \/>\n           M\u00f6\u00f6slimatten 13<br \/>\n           6218 Ettiswil<br \/>\n  Telefon: 0041 (041) 980 27 47<br \/>\n  Telefax: 0041 (041) 980 03 47<\/p>\n<p> Wir bieten Ihnen weitere gebrauchte Autoteile zum Kauf an.<br \/>\n Tags: Druckspeicher, Pressure accumulator, Accumulateur de pression<br \/>\n<\/span><\/p>\n","protected":false},"excerpt":{"rendered":"<p>Technische Daten Fahrzeug: Mercedes-Benz GL Chassis Nr.: WDC1648711A772898 Baujahr: 2011 Kilometer: 180748 KM Leistung: 340 KW Hubraum: 4663 ccm Typ: 1MD737 Farbcode: Schwarz Hinweise: &#8211; Versand: Versand nur in der Schweiz m\u00f6glich.Im Ausland ist der Transport k\u00e4uferseits. Garantie: 3 Monate Garantie. Bitte beachten Sie, dass die Gew\u00e4hrleistung nur g\u00fcltig ist, wenn der Ersatzteileinbau durch eine&hellip; <a class=\"more-link\" href=\"https:\/\/occasions-teile.ch\/fr\/produkt\/mercedes-benz-gl-druckspeicher\/\">Poursuivre la lecture <span class=\"screen-reader-text\">Mercedes-Benz GL  Druckspeicher<\/span><\/a><\/p>\n","protected":false},"featured_media":360845,"template":"","meta":[],"product_brand":[],"product_cat":[597,6970,646,644,6968,600,5672,5673,5674,642,1262,1256,1259,6969,603,24559,24557,24558],"product_tag":[],"class_list":{"0":"post-360848","1":"product","2":"type-product","3":"status-publish","4":"has-post-thumbnail","6":"product_cat-de-abgasanlage","7":"product_cat-fr-accumulateur-de-pression","8":"product_cat-fr-catalyseur-filtre-a-particules","9":"product_cat-en-catalytic-converter-particle-filter","10":"product_cat-de-druckspeicher","11":"product_cat-en-exhaust-system","12":"product_cat-de_slug_mercedes-benz_gl_634","13":"product_cat-en_slug_mercedes-benz_gl_615","14":"product_cat-fr_slug_mercedes-benz_gl_941","15":"product_cat-de-katalysator-partikelfilter","16":"product_cat-fr_mercedes-benz","17":"product_cat-de_mercedes-benz","18":"product_cat-en_mercedes-benz","19":"product_cat-en-pressure-accumulator","20":"product_cat-fr-systeme-dechappement","21":"product_cat-fr-wdc1648711a772898-200000484","22":"product_cat-de-wdc1648711a772898-200000484","23":"product_cat-en-wdc1648711a772898-200000484","24":"product_shipping_class-tarif-2","25":"entry","27":"first","28":"instock","29":"taxable","30":"shipping-taxable","31":"purchasable","32":"product-type-simple"},"jetpack_sharing_enabled":true,"_links":{"self":[{"href":"https:\/\/occasions-teile.ch\/fr\/wp-json\/wp\/v2\/product\/360848","targetHints":{"allow":["GET"]}}],"collection":[{"href":"https:\/\/occasions-teile.ch\/fr\/wp-json\/wp\/v2\/product"}],"about":[{"href":"https:\/\/occasions-teile.ch\/fr\/wp-json\/wp\/v2\/types\/product"}],"wp:featuredmedia":[{"embeddable":true,"href":"https:\/\/occasions-teile.ch\/fr\/wp-json\/wp\/v2\/media\/360845"}],"wp:attachment":[{"href":"https:\/\/occasions-teile.ch\/fr\/wp-json\/wp\/v2\/media?parent=360848"}],"wp:term":[{"taxonomy":"product_brand","embeddable":true,"href":"https:\/\/occasions-teile.ch\/fr\/wp-json\/wp\/v2\/product_brand?post=360848"},{"taxonomy":"product_cat","embeddable":true,"href":"https:\/\/occasions-teile.ch\/fr\/wp-json\/wp\/v2\/product_cat?post=360848"},{"taxonomy":"product_tag","embeddable":true,"href":"https:\/\/occasions-teile.ch\/fr\/wp-json\/wp\/v2\/product_tag?post=360848"}],"curies":[{"name":"wp","href":"https:\/\/api.w.org\/{rel}","templated":true}]}}