{"id":360803,"date":"2025-07-07T10:04:16","date_gmt":"2025-07-07T10:04:16","guid":{"rendered":"https:\/\/occasions-teile.ch\/product\/mercedes-benz-gl-differential-vorne\/"},"modified":"2025-07-07T10:04:27","modified_gmt":"2025-07-07T10:04:27","slug":"mercedes-benz-gl-differential-vorne","status":"publish","type":"product","link":"https:\/\/occasions-teile.ch\/fr\/produkt\/mercedes-benz-gl-differential-vorne\/","title":{"rendered":"Mercedes-Benz GL  Differential vorne"},"content":{"rendered":"<p><span><b>Technische Daten<\/b><\/p>\n<p> Fahrzeug: Mercedes-Benz GL<br \/>\n Chassis Nr.: WDC1648711A772898<br \/>\n Baujahr: 2011<br \/>\n Kilometer: 180748 KM<br \/>\n Leistung: 340 KW<br \/>\n Hubraum: 4663 ccm<br \/>\n Typ: 1MD737<br \/>\n Farbcode: Schwarz<br \/>\n Hinweise: &#8211;<\/p>\n<p> Versand: Versand nur in der Schweiz m\u00f6glich.Im Ausland ist der Transport k\u00e4uferseits.<br \/>\n Garantie: 3 Monate Garantie. Bitte beachten Sie, dass die Gew\u00e4hrleistung nur g\u00fcltig ist, wenn der Ersatzteileinbau durch eine Fachwerkstatt\/Meisterwerkstatt erfolgt. Das Ein- und Ausbau des Ersatzteiles kann nicht an uns verrechnet werden. <\/p>\n<p> Ersatzteil: f\u00fcr andere Fahrzeugen (Marken) verf\u00fcgbar auf anfrage. Tel.041 980 27 47. Mobil. 076 589 27 47<\/p>\n<p> Kontakt<br \/>\n  Adresse: Autoverwertung Brun AG<br \/>\n           M\u00f6\u00f6slimatten 13<br \/>\n           6218 Ettiswil<br \/>\n  Telefon: 0041 (041) 980 27 47<br \/>\n  Telefax: 0041 (041) 980 03 47<\/p>\n<p> Wir bieten Ihnen weitere gebrauchte Autoteile zum Kauf an.<br \/>\n Tags: Differential vorne, Differential front, Diff\u00e9rentiel avant<br \/>\n<\/span><\/p>\n","protected":false},"excerpt":{"rendered":"<p>Technische Daten Fahrzeug: Mercedes-Benz GL Chassis Nr.: WDC1648711A772898 Baujahr: 2011 Kilometer: 180748 KM Leistung: 340 KW Hubraum: 4663 ccm Typ: 1MD737 Farbcode: Schwarz Hinweise: &#8211; Versand: Versand nur in der Schweiz m\u00f6glich.Im Ausland ist der Transport k\u00e4uferseits. Garantie: 3 Monate Garantie. Bitte beachten Sie, dass die Gew\u00e4hrleistung nur g\u00fcltig ist, wenn der Ersatzteileinbau durch eine&hellip; <a class=\"more-link\" href=\"https:\/\/occasions-teile.ch\/fr\/produkt\/mercedes-benz-gl-differential-vorne\/\">Poursuivre la lecture <span class=\"screen-reader-text\">Mercedes-Benz GL  Differential vorne<\/span><\/a><\/p>\n","protected":false},"featured_media":360800,"template":"","meta":[],"product_brand":[],"product_cat":[1062,1066,1069,1068,1070,1064,651,648,5672,5673,5674,1262,1256,1259,654,24557,24558,24559],"product_tag":[],"class_list":{"0":"post-360803","1":"product","2":"type-product","3":"status-publish","4":"has-post-thumbnail","6":"product_cat-de-achsgetriebe-differentiale4x4","7":"product_cat-fr-boite-dessieu-differentiel4x4","8":"product_cat-en-differential-front","9":"product_cat-de-differential-vorne","10":"product_cat-fr-differentiel-avant","11":"product_cat-en-final-drive-differentials4x4","12":"product_cat-en-gearbox-drive","13":"product_cat-de-getriebe-antrieb","14":"product_cat-de_slug_mercedes-benz_gl_634","15":"product_cat-en_slug_mercedes-benz_gl_615","16":"product_cat-fr_slug_mercedes-benz_gl_941","17":"product_cat-fr_mercedes-benz","18":"product_cat-de_mercedes-benz","19":"product_cat-en_mercedes-benz","20":"product_cat-fr-transmission-entrainement","21":"product_cat-de-wdc1648711a772898-200000484","22":"product_cat-en-wdc1648711a772898-200000484","23":"product_cat-fr-wdc1648711a772898-200000484","24":"product_shipping_class-tarif-3","25":"entry","27":"first","28":"instock","29":"taxable","30":"shipping-taxable","31":"purchasable","32":"product-type-simple"},"jetpack_sharing_enabled":true,"_links":{"self":[{"href":"https:\/\/occasions-teile.ch\/fr\/wp-json\/wp\/v2\/product\/360803","targetHints":{"allow":["GET"]}}],"collection":[{"href":"https:\/\/occasions-teile.ch\/fr\/wp-json\/wp\/v2\/product"}],"about":[{"href":"https:\/\/occasions-teile.ch\/fr\/wp-json\/wp\/v2\/types\/product"}],"wp:featuredmedia":[{"embeddable":true,"href":"https:\/\/occasions-teile.ch\/fr\/wp-json\/wp\/v2\/media\/360800"}],"wp:attachment":[{"href":"https:\/\/occasions-teile.ch\/fr\/wp-json\/wp\/v2\/media?parent=360803"}],"wp:term":[{"taxonomy":"product_brand","embeddable":true,"href":"https:\/\/occasions-teile.ch\/fr\/wp-json\/wp\/v2\/product_brand?post=360803"},{"taxonomy":"product_cat","embeddable":true,"href":"https:\/\/occasions-teile.ch\/fr\/wp-json\/wp\/v2\/product_cat?post=360803"},{"taxonomy":"product_tag","embeddable":true,"href":"https:\/\/occasions-teile.ch\/fr\/wp-json\/wp\/v2\/product_tag?post=360803"}],"curies":[{"name":"wp","href":"https:\/\/api.w.org\/{rel}","templated":true}]}}