{"id":360589,"date":"2025-07-03T13:42:33","date_gmt":"2025-07-03T13:42:33","guid":{"rendered":"https:\/\/occasions-teile.ch\/product\/opel-combo-pralltraeger-quertraeger-hinten\/"},"modified":"2025-07-03T13:42:48","modified_gmt":"2025-07-03T13:42:48","slug":"opel-combo-pralltraeger-quertraeger-hinten","status":"publish","type":"product","link":"https:\/\/occasions-teile.ch\/fr\/produkt\/opel-combo-pralltraeger-quertraeger-hinten\/","title":{"rendered":"Opel Combo  Pralltr\u00e4ger Quertr\u00e4ger hinten"},"content":{"rendered":"<p><span><b>Technische Daten<\/b><\/p>\n<p> Fahrzeug: Opel Combo<br \/>\n Chassis Nr.: W0L6ZYC1AG9572266<br \/>\n Baujahr: 2015<br \/>\n Kilometer: 126547 KM<br \/>\n Leistung: 90 KW<br \/>\n Hubraum: 1300 ccm<br \/>\n Typ: 3OB124<br \/>\n Farbcode: White\/Weiss<br \/>\n Hinweise: &#8211;<\/p>\n<p> Versand: Versand nur in der Schweiz m\u00f6glich.Im Ausland ist der Transport k\u00e4uferseits.<br \/>\n Garantie: 3 Monate Garantie. Bitte beachten Sie, dass die Gew\u00e4hrleistung nur g\u00fcltig ist, wenn der Ersatzteileinbau durch eine Fachwerkstatt\/Meisterwerkstatt erfolgt. Das Ein- und Ausbau des Ersatzteiles kann nicht an uns verrechnet werden. <\/p>\n<p> Ersatzteil: f\u00fcr andere Fahrzeugen (Marken) verf\u00fcgbar auf anfrage. Tel.041 980 27 47. Mobil. 076 589 27 47<\/p>\n<p> Kontakt<br \/>\n  Adresse: Autoverwertung Brun AG<br \/>\n           M\u00f6\u00f6slimatten 13<br \/>\n           6218 Ettiswil<br \/>\n  Telefon: 0041 (041) 980 27 47<br \/>\n  Telefax: 0041 (041) 980 03 47<\/p>\n<p> Wir bieten Ihnen weitere gebrauchte Autoteile zum Kauf an.<br \/>\n Tags: Pralltr\u00e4ger Quertr\u00e4ger hinten, Impact girder cross girder rear , Barre d&rsquo;impact barre transversale arrie`re<br \/>\n<\/span><\/p>\n","protected":false},"excerpt":{"rendered":"<p>Technische Daten Fahrzeug: Opel Combo Chassis Nr.: W0L6ZYC1AG9572266 Baujahr: 2015 Kilometer: 126547 KM Leistung: 90 KW Hubraum: 1300 ccm Typ: 3OB124 Farbcode: White\/Weiss Hinweise: &#8211; Versand: Versand nur in der Schweiz m\u00f6glich.Im Ausland ist der Transport k\u00e4uferseits. Garantie: 3 Monate Garantie. Bitte beachten Sie, dass die Gew\u00e4hrleistung nur g\u00fcltig ist, wenn der Ersatzteileinbau durch eine&hellip; <a class=\"more-link\" href=\"https:\/\/occasions-teile.ch\/fr\/produkt\/opel-combo-pralltraeger-quertraeger-hinten\/\">Poursuivre la lecture <span class=\"screen-reader-text\">Opel Combo  Pralltr\u00e4ger Quertr\u00e4ger hinten<\/span><\/a><\/p>\n","protected":false},"featured_media":360586,"template":"","meta":[],"product_brand":[],"product_cat":[1265,524,752,524,617,617,617,1265,524,616,616,616,752,1265,752,615,615,615],"product_tag":[],"class_list":{"0":"post-360589","1":"product","2":"type-product","3":"status-publish","4":"has-post-thumbnail","6":"product_cat-en-impact-girdercross-girder-rear","7":"product_cat-en-body-rear","8":"product_cat-en-bumper-rearparts","10":"product_cat-en_combo","15":"product_cat-en_opel","21":"product_cat-en-w0l6zyc1ag9572266","24":"product_shipping_class-tarif-2-en","25":"entry","27":"first","28":"instock","29":"taxable","30":"shipping-taxable","31":"purchasable","32":"product-type-simple"},"jetpack_sharing_enabled":true,"_links":{"self":[{"href":"https:\/\/occasions-teile.ch\/fr\/wp-json\/wp\/v2\/product\/360589","targetHints":{"allow":["GET"]}}],"collection":[{"href":"https:\/\/occasions-teile.ch\/fr\/wp-json\/wp\/v2\/product"}],"about":[{"href":"https:\/\/occasions-teile.ch\/fr\/wp-json\/wp\/v2\/types\/product"}],"wp:featuredmedia":[{"embeddable":true,"href":"https:\/\/occasions-teile.ch\/fr\/wp-json\/wp\/v2\/media\/360586"}],"wp:attachment":[{"href":"https:\/\/occasions-teile.ch\/fr\/wp-json\/wp\/v2\/media?parent=360589"}],"wp:term":[{"taxonomy":"product_brand","embeddable":true,"href":"https:\/\/occasions-teile.ch\/fr\/wp-json\/wp\/v2\/product_brand?post=360589"},{"taxonomy":"product_cat","embeddable":true,"href":"https:\/\/occasions-teile.ch\/fr\/wp-json\/wp\/v2\/product_cat?post=360589"},{"taxonomy":"product_tag","embeddable":true,"href":"https:\/\/occasions-teile.ch\/fr\/wp-json\/wp\/v2\/product_tag?post=360589"}],"curies":[{"name":"wp","href":"https:\/\/api.w.org\/{rel}","templated":true}]}}