{"id":360417,"date":"2025-07-01T12:43:25","date_gmt":"2025-07-01T12:43:25","guid":{"rendered":"https:\/\/occasions-teile.ch\/product\/opel-combo-motorsteuergeraet-3\/"},"modified":"2025-07-01T12:43:36","modified_gmt":"2025-07-01T12:43:36","slug":"opel-combo-motorsteuergeraet-3","status":"publish","type":"product","link":"https:\/\/occasions-teile.ch\/fr\/produkt\/opel-combo-motorsteuergeraet-3\/","title":{"rendered":"Opel Combo  Motorsteuerger\u00e4t"},"content":{"rendered":"<p><span><b>Technische Daten<\/b><\/p>\n<p> Fahrzeug: Opel Combo<br \/>\n Chassis Nr.: W0L6ZYC1AG9572266<br \/>\n Baujahr: 2015<br \/>\n Kilometer: 126547 KM<br \/>\n Leistung: 90 KW<br \/>\n Hubraum: 1300 ccm<br \/>\n Typ: 3OB124<br \/>\n Farbcode: White\/Weiss<br \/>\n Hinweise: &#8211;<\/p>\n<p> Versand: Versand nur in der Schweiz m\u00f6glich.Im Ausland ist der Transport k\u00e4uferseits.<br \/>\n Garantie: 3 Monate Garantie. Bitte beachten Sie, dass die Gew\u00e4hrleistung nur g\u00fcltig ist, wenn der Ersatzteileinbau durch eine Fachwerkstatt\/Meisterwerkstatt erfolgt. Das Ein- und Ausbau des Ersatzteiles kann nicht an uns verrechnet werden. <\/p>\n<p> Ersatzteil: f\u00fcr andere Fahrzeugen (Marken) verf\u00fcgbar auf anfrage. Tel.041 980 27 47. Mobil. 076 589 27 47<\/p>\n<p> Kontakt<br \/>\n  Adresse: Autoverwertung Brun AG<br \/>\n           M\u00f6\u00f6slimatten 13<br \/>\n           6218 Ettiswil<br \/>\n  Telefon: 0041 (041) 980 27 47<br \/>\n  Telefax: 0041 (041) 980 03 47<\/p>\n<p> Wir bieten Ihnen weitere gebrauchte Autoteile zum Kauf an.<br \/>\n Tags: Motorsteuerger\u00e4t , Control unit Motor , Unite\u00b4 de contro^le Moteur<br \/>\n<\/span><\/p>\n","protected":false},"excerpt":{"rendered":"<p>Technische Daten Fahrzeug: Opel Combo Chassis Nr.: W0L6ZYC1AG9572266 Baujahr: 2015 Kilometer: 126547 KM Leistung: 90 KW Hubraum: 1300 ccm Typ: 3OB124 Farbcode: White\/Weiss Hinweise: &#8211; Versand: Versand nur in der Schweiz m\u00f6glich.Im Ausland ist der Transport k\u00e4uferseits. Garantie: 3 Monate Garantie. Bitte beachten Sie, dass die Gew\u00e4hrleistung nur g\u00fcltig ist, wenn der Ersatzteileinbau durch eine&hellip; <a class=\"more-link\" href=\"https:\/\/occasions-teile.ch\/fr\/produkt\/opel-combo-motorsteuergeraet-3\/\">Poursuivre la lecture <span class=\"screen-reader-text\">Opel Combo  Motorsteuerger\u00e4t<\/span><\/a><\/p>\n","protected":false},"featured_media":360414,"template":"","meta":[],"product_brand":[],"product_cat":[617,617,617,659,660,659,497,497,497,659,616,616,616,660,660,615,615,615],"product_tag":[],"class_list":{"0":"post-360417","1":"product","2":"type-product","3":"status-publish","4":"has-post-thumbnail","6":"product_cat-en_combo","9":"product_cat-en-engine-control-ignition","10":"product_cat-en-control-unit-motor","12":"product_cat-en-motor","16":"product_cat-en_opel","21":"product_cat-en-w0l6zyc1ag9572266","24":"product_shipping_class-tarif-1-en","25":"entry","27":"first","28":"instock","29":"taxable","30":"shipping-taxable","31":"purchasable","32":"product-type-simple"},"jetpack_sharing_enabled":true,"_links":{"self":[{"href":"https:\/\/occasions-teile.ch\/fr\/wp-json\/wp\/v2\/product\/360417","targetHints":{"allow":["GET"]}}],"collection":[{"href":"https:\/\/occasions-teile.ch\/fr\/wp-json\/wp\/v2\/product"}],"about":[{"href":"https:\/\/occasions-teile.ch\/fr\/wp-json\/wp\/v2\/types\/product"}],"wp:featuredmedia":[{"embeddable":true,"href":"https:\/\/occasions-teile.ch\/fr\/wp-json\/wp\/v2\/media\/360414"}],"wp:attachment":[{"href":"https:\/\/occasions-teile.ch\/fr\/wp-json\/wp\/v2\/media?parent=360417"}],"wp:term":[{"taxonomy":"product_brand","embeddable":true,"href":"https:\/\/occasions-teile.ch\/fr\/wp-json\/wp\/v2\/product_brand?post=360417"},{"taxonomy":"product_cat","embeddable":true,"href":"https:\/\/occasions-teile.ch\/fr\/wp-json\/wp\/v2\/product_cat?post=360417"},{"taxonomy":"product_tag","embeddable":true,"href":"https:\/\/occasions-teile.ch\/fr\/wp-json\/wp\/v2\/product_tag?post=360417"}],"curies":[{"name":"wp","href":"https:\/\/api.w.org\/{rel}","templated":true}]}}