{"id":360327,"date":"2025-07-01T09:18:04","date_gmt":"2025-07-01T09:18:04","guid":{"rendered":"https:\/\/occasions-teile.ch\/product\/skoda-octavia-federbein-stossdaempfer-vorne-15\/"},"modified":"2025-07-01T09:18:14","modified_gmt":"2025-07-01T09:18:14","slug":"skoda-octavia-federbein-stossdaempfer-vorne-15","status":"publish","type":"product","link":"https:\/\/occasions-teile.ch\/fr\/produkt\/skoda-octavia-federbein-stossdaempfer-vorne-15\/","title":{"rendered":"Skoda Octavia  Federbein Stossd\u00e4mpfer vorne"},"content":{"rendered":"<p><span><b>Technische Daten<\/b><\/p>\n<p> Fahrzeug: Skoda Octavia<br \/>\n Chassis Nr.: TMBJG7NEXE0127567<br \/>\n Baujahr: 2014<br \/>\n Kilometer: 140292 KM<br \/>\n Leistung: 105 KW<br \/>\n Hubraum: 1598 ccm<br \/>\n Typ: 1SF773<br \/>\n Farbcode: BEIGE<br \/>\n Hinweise: &#8211;<\/p>\n<p> Versand: Versand nur in der Schweiz m\u00f6glich.Im Ausland ist der Transport k\u00e4uferseits.<br \/>\n Garantie: 3 Monate Garantie. Bitte beachten Sie, dass die Gew\u00e4hrleistung nur g\u00fcltig ist, wenn der Ersatzteileinbau durch eine Fachwerkstatt\/Meisterwerkstatt erfolgt. Das Ein- und Ausbau des Ersatzteiles kann nicht an uns verrechnet werden. <\/p>\n<p> Ersatzteil: f\u00fcr andere Fahrzeugen (Marken) verf\u00fcgbar auf anfrage. Tel.041 980 27 47. Mobil. 076 589 27 47<\/p>\n<p> Kontakt<br \/>\n  Adresse: Autoverwertung Brun AG<br \/>\n           M\u00f6\u00f6slimatten 13<br \/>\n           6218 Ettiswil<br \/>\n  Telefon: 0041 (041) 980 27 47<br \/>\n  Telefax: 0041 (041) 980 03 47<\/p>\n<p> Wir bieten Ihnen weitere gebrauchte Autoteile zum Kauf an.<br \/>\n Tags: Federbein Stossd\u00e4mpfer vorne, Suspension strut front shock absorber, Amortisseur avant de jambe de suspension<br \/>\n<\/span><\/p>\n","protected":false},"excerpt":{"rendered":"<p>Technische Daten Fahrzeug: Skoda Octavia Chassis Nr.: TMBJG7NEXE0127567 Baujahr: 2014 Kilometer: 140292 KM Leistung: 105 KW Hubraum: 1598 ccm Typ: 1SF773 Farbcode: BEIGE Hinweise: &#8211; Versand: Versand nur in der Schweiz m\u00f6glich.Im Ausland ist der Transport k\u00e4uferseits. Garantie: 3 Monate Garantie. Bitte beachten Sie, dass die Gew\u00e4hrleistung nur g\u00fcltig ist, wenn der Ersatzteileinbau durch eine&hellip; <a class=\"more-link\" href=\"https:\/\/occasions-teile.ch\/fr\/produkt\/skoda-octavia-federbein-stossdaempfer-vorne-15\/\">Poursuivre la lecture <span class=\"screen-reader-text\">Skoda Octavia  Federbein Stossd\u00e4mpfer vorne<\/span><\/a><\/p>\n","protected":false},"featured_media":360324,"template":"","meta":[],"product_brand":[],"product_cat":[544,541,762,763,766,767,1464,1472,1477,1471,1476,1463,764,765,24554,24555,24556,547],"product_tag":[],"class_list":{"0":"post-360327","1":"product","2":"type-product","3":"status-publish","4":"has-post-thumbnail","6":"product_cat-en-chassis-steering","7":"product_cat-de-fahrwerk-lenkung","8":"product_cat-de-federbeine-stossdaempfer","9":"product_cat-de-federbeine-stossdaempfer-vorne","10":"product_cat-fr-jambes-de-force-amortisseurs","11":"product_cat-fr-jambes-de-force-amortisseurs-avant","12":"product_cat-de_octavia","13":"product_cat-en_octavia-en_skoda-manufacturer-en","14":"product_cat-fr_octavia-fr_skoda-fabricant-2","15":"product_cat-en_skoda-manufacturer-en","16":"product_cat-fr_skoda-fabricant-2","17":"product_cat-de_skoda","18":"product_cat-en-struts-shock-absorbers","19":"product_cat-en-suspension-struts-shock-absorber-in-front","20":"product_cat-de-tmbjg7nexe0127567-200000483","21":"product_cat-en-tmbjg7nexe0127567-200000483","22":"product_cat-fr-tmbjg7nexe0127567-200000483","23":"product_cat-fr-train-de-roulement-direction","24":"product_shipping_class-tarif-2","25":"entry","27":"first","28":"instock","29":"taxable","30":"shipping-taxable","31":"purchasable","32":"product-type-simple"},"jetpack_sharing_enabled":true,"_links":{"self":[{"href":"https:\/\/occasions-teile.ch\/fr\/wp-json\/wp\/v2\/product\/360327","targetHints":{"allow":["GET"]}}],"collection":[{"href":"https:\/\/occasions-teile.ch\/fr\/wp-json\/wp\/v2\/product"}],"about":[{"href":"https:\/\/occasions-teile.ch\/fr\/wp-json\/wp\/v2\/types\/product"}],"wp:featuredmedia":[{"embeddable":true,"href":"https:\/\/occasions-teile.ch\/fr\/wp-json\/wp\/v2\/media\/360324"}],"wp:attachment":[{"href":"https:\/\/occasions-teile.ch\/fr\/wp-json\/wp\/v2\/media?parent=360327"}],"wp:term":[{"taxonomy":"product_brand","embeddable":true,"href":"https:\/\/occasions-teile.ch\/fr\/wp-json\/wp\/v2\/product_brand?post=360327"},{"taxonomy":"product_cat","embeddable":true,"href":"https:\/\/occasions-teile.ch\/fr\/wp-json\/wp\/v2\/product_cat?post=360327"},{"taxonomy":"product_tag","embeddable":true,"href":"https:\/\/occasions-teile.ch\/fr\/wp-json\/wp\/v2\/product_tag?post=360327"}],"curies":[{"name":"wp","href":"https:\/\/api.w.org\/{rel}","templated":true}]}}