{"id":360051,"date":"2025-06-27T15:32:20","date_gmt":"2025-06-27T15:32:20","guid":{"rendered":"https:\/\/occasions-teile.ch\/product\/skoda-octavia-schloss-heckklappe-7\/"},"modified":"2025-06-27T15:32:29","modified_gmt":"2025-06-27T15:32:29","slug":"skoda-octavia-schloss-heckklappe-7","status":"publish","type":"product","link":"https:\/\/occasions-teile.ch\/fr\/produkt\/skoda-octavia-schloss-heckklappe-7\/","title":{"rendered":"Skoda Octavia  Schloss Heckklappe"},"content":{"rendered":"<p><span><b>Technische Daten<\/b><\/p>\n<p> Fahrzeug: Skoda Octavia<br \/>\n Chassis Nr.: TMBJG7NEXE0127567<br \/>\n Baujahr: 2014<br \/>\n Kilometer: 140292 KM<br \/>\n Leistung: 105 KW<br \/>\n Hubraum: 1598 ccm<br \/>\n Typ: 1SF773<br \/>\n Farbcode: BEIGE<br \/>\n Hinweise: &#8211;<\/p>\n<p> Versand: Versand nur in der Schweiz m\u00f6glich.Im Ausland ist der Transport k\u00e4uferseits.<br \/>\n Garantie: 3 Monate Garantie. Bitte beachten Sie, dass die Gew\u00e4hrleistung nur g\u00fcltig ist, wenn der Ersatzteileinbau durch eine Fachwerkstatt\/Meisterwerkstatt erfolgt. Das Ein- und Ausbau des Ersatzteiles kann nicht an uns verrechnet werden. <\/p>\n<p> Ersatzteil: f\u00fcr andere Fahrzeugen (Marken) verf\u00fcgbar auf anfrage. Tel.041 980 27 47. Mobil. 076 589 27 47<\/p>\n<p> Kontakt<br \/>\n  Adresse: Autoverwertung Brun AG<br \/>\n           M\u00f6\u00f6slimatten 13<br \/>\n           6218 Ettiswil<br \/>\n  Telefon: 0041 (041) 980 27 47<br \/>\n  Telefax: 0041 (041) 980 03 47<\/p>\n<p> Wir bieten Ihnen weitere gebrauchte Autoteile zum Kauf an.<br \/>\n Tags: Schloss Heckklappe, Lock Tailgate , Serrure du hayon<br \/>\n<\/span><\/p>\n","protected":false},"excerpt":{"rendered":"<p>Technische Daten Fahrzeug: Skoda Octavia Chassis Nr.: TMBJG7NEXE0127567 Baujahr: 2014 Kilometer: 140292 KM Leistung: 105 KW Hubraum: 1598 ccm Typ: 1SF773 Farbcode: BEIGE Hinweise: &#8211; Versand: Versand nur in der Schweiz m\u00f6glich.Im Ausland ist der Transport k\u00e4uferseits. Garantie: 3 Monate Garantie. Bitte beachten Sie, dass die Gew\u00e4hrleistung nur g\u00fcltig ist, wenn der Ersatzteileinbau durch eine&hellip; <a class=\"more-link\" href=\"https:\/\/occasions-teile.ch\/fr\/produkt\/skoda-octavia-schloss-heckklappe-7\/\">Poursuivre la lecture <span class=\"screen-reader-text\">Skoda Octavia  Schloss Heckklappe<\/span><\/a><\/p>\n","protected":false},"featured_media":360048,"template":"","meta":[],"product_brand":[],"product_cat":[524,527,691,687,521,690,1477,1464,1472,688,692,1476,1463,1471,689,24556,24554,24555],"product_tag":[],"class_list":{"0":"post-360051","1":"product","2":"type-product","3":"status-publish","4":"has-post-thumbnail","6":"product_cat-en-body-rear","7":"product_cat-fr-carrosserie-arriere","8":"product_cat-fr-hayon-pieces","9":"product_cat-de-heckklappeteile","10":"product_cat-de-karosserie-heck","11":"product_cat-en-lock-tailgate","12":"product_cat-fr_octavia-fr_skoda-fabricant-2","13":"product_cat-de_octavia","14":"product_cat-en_octavia-en_skoda-manufacturer-en","15":"product_cat-de-schloss-heckklappe","16":"product_cat-fr-serrure-du-hayon","17":"product_cat-fr_skoda-fabricant-2","18":"product_cat-de_skoda","19":"product_cat-en_skoda-manufacturer-en","20":"product_cat-en-tailgateparts","21":"product_cat-fr-tmbjg7nexe0127567-200000483","22":"product_cat-de-tmbjg7nexe0127567-200000483","23":"product_cat-en-tmbjg7nexe0127567-200000483","24":"product_shipping_class-tarif-1","25":"entry","27":"first","28":"instock","29":"taxable","30":"shipping-taxable","31":"purchasable","32":"product-type-simple"},"jetpack_sharing_enabled":true,"_links":{"self":[{"href":"https:\/\/occasions-teile.ch\/fr\/wp-json\/wp\/v2\/product\/360051","targetHints":{"allow":["GET"]}}],"collection":[{"href":"https:\/\/occasions-teile.ch\/fr\/wp-json\/wp\/v2\/product"}],"about":[{"href":"https:\/\/occasions-teile.ch\/fr\/wp-json\/wp\/v2\/types\/product"}],"wp:featuredmedia":[{"embeddable":true,"href":"https:\/\/occasions-teile.ch\/fr\/wp-json\/wp\/v2\/media\/360048"}],"wp:attachment":[{"href":"https:\/\/occasions-teile.ch\/fr\/wp-json\/wp\/v2\/media?parent=360051"}],"wp:term":[{"taxonomy":"product_brand","embeddable":true,"href":"https:\/\/occasions-teile.ch\/fr\/wp-json\/wp\/v2\/product_brand?post=360051"},{"taxonomy":"product_cat","embeddable":true,"href":"https:\/\/occasions-teile.ch\/fr\/wp-json\/wp\/v2\/product_cat?post=360051"},{"taxonomy":"product_tag","embeddable":true,"href":"https:\/\/occasions-teile.ch\/fr\/wp-json\/wp\/v2\/product_tag?post=360051"}],"curies":[{"name":"wp","href":"https:\/\/api.w.org\/{rel}","templated":true}]}}