{"id":360047,"date":"2025-06-27T15:27:53","date_gmt":"2025-06-27T15:27:53","guid":{"rendered":"https:\/\/occasions-teile.ch\/product\/skoda-octavia-wischermotor-hinten-8\/"},"modified":"2025-06-27T15:28:05","modified_gmt":"2025-06-27T15:28:05","slug":"skoda-octavia-wischermotor-hinten-8","status":"publish","type":"product","link":"https:\/\/occasions-teile.ch\/fr\/produkt\/skoda-octavia-wischermotor-hinten-8\/","title":{"rendered":"Skoda Octavia  Wischermotor hinten"},"content":{"rendered":"<p><span><b>Technische Daten<\/b><\/p>\n<p> Fahrzeug: Skoda Octavia<br \/>\n Chassis Nr.: TMBJG7NEXE0127567<br \/>\n Baujahr: 2014<br \/>\n Kilometer: 140292 KM<br \/>\n Leistung: 105 KW<br \/>\n Hubraum: 1598 ccm<br \/>\n Typ: 1SF773<br \/>\n Farbcode: BEIGE<br \/>\n Hinweise: &#8211;<\/p>\n<p> Versand: Versand nur in der Schweiz m\u00f6glich.Im Ausland ist der Transport k\u00e4uferseits.<br \/>\n Garantie: 3 Monate Garantie. Bitte beachten Sie, dass die Gew\u00e4hrleistung nur g\u00fcltig ist, wenn der Ersatzteileinbau durch eine Fachwerkstatt\/Meisterwerkstatt erfolgt. Das Ein- und Ausbau des Ersatzteiles kann nicht an uns verrechnet werden. <\/p>\n<p> Ersatzteil: f\u00fcr andere Fahrzeugen (Marken) verf\u00fcgbar auf anfrage. Tel.041 980 27 47. Mobil. 076 589 27 47<\/p>\n<p> Kontakt<br \/>\n  Adresse: Autoverwertung Brun AG<br \/>\n           M\u00f6\u00f6slimatten 13<br \/>\n           6218 Ettiswil<br \/>\n  Telefon: 0041 (041) 980 27 47<br \/>\n  Telefax: 0041 (041) 980 03 47<\/p>\n<p> Wir bieten Ihnen weitere gebrauchte Autoteile zum Kauf an.<br \/>\n Tags: Wischermotor hinten, Wiper motor rear, Arrie`re du moteur d&rsquo;essuie-glace<br \/>\n<\/span><\/p>\n","protected":false},"excerpt":{"rendered":"<p>Technische Daten Fahrzeug: Skoda Octavia Chassis Nr.: TMBJG7NEXE0127567 Baujahr: 2014 Kilometer: 140292 KM Leistung: 105 KW Hubraum: 1598 ccm Typ: 1SF773 Farbcode: BEIGE Hinweise: &#8211; Versand: Versand nur in der Schweiz m\u00f6glich.Im Ausland ist der Transport k\u00e4uferseits. Garantie: 3 Monate Garantie. Bitte beachten Sie, dass die Gew\u00e4hrleistung nur g\u00fcltig ist, wenn der Ersatzteileinbau durch eine&hellip; <a class=\"more-link\" href=\"https:\/\/occasions-teile.ch\/fr\/produkt\/skoda-octavia-wischermotor-hinten-8\/\">Poursuivre la lecture <span class=\"screen-reader-text\">Skoda Octavia  Wischermotor hinten<\/span><\/a><\/p>\n","protected":false},"featured_media":360044,"template":"","meta":[],"product_brand":[],"product_cat":[685,686,675,1464,1472,1477,669,1471,1476,1463,24554,24555,24556,672,683,684,681,682],"product_tag":[],"class_list":{"0":"post-360047","1":"product","2":"type-product","3":"status-publish","4":"has-post-thumbnail","6":"product_cat-fr-arriere-du-moteur-dessuie-glace","7":"product_cat-fr-arriere-du-moteur-dessuie-glace-fr-arriere-du-moteur-dessuie-glace","8":"product_cat-fr-nettoyage-des-vitres","9":"product_cat-de_octavia","10":"product_cat-en_octavia-en_skoda-manufacturer-en","11":"product_cat-fr_octavia-fr_skoda-fabricant-2","12":"product_cat-de-scheibenreinigung","13":"product_cat-en_skoda-manufacturer-en","14":"product_cat-fr_skoda-fabricant-2","15":"product_cat-de_skoda","16":"product_cat-de-tmbjg7nexe0127567-200000483","17":"product_cat-en-tmbjg7nexe0127567-200000483","18":"product_cat-fr-tmbjg7nexe0127567-200000483","19":"product_cat-en-window-cleaning","20":"product_cat-en-wiper-motor-rear","21":"product_cat-en-wiper-motor-rear-en-wiper-motor-rear","22":"product_cat-de-wischermotorhinten","23":"product_cat-de-wischermotorhinten-de-wischermotorhinten","24":"product_shipping_class-tarif-1","25":"entry","27":"first","28":"instock","29":"taxable","30":"shipping-taxable","31":"purchasable","32":"product-type-simple"},"jetpack_sharing_enabled":true,"_links":{"self":[{"href":"https:\/\/occasions-teile.ch\/fr\/wp-json\/wp\/v2\/product\/360047","targetHints":{"allow":["GET"]}}],"collection":[{"href":"https:\/\/occasions-teile.ch\/fr\/wp-json\/wp\/v2\/product"}],"about":[{"href":"https:\/\/occasions-teile.ch\/fr\/wp-json\/wp\/v2\/types\/product"}],"wp:featuredmedia":[{"embeddable":true,"href":"https:\/\/occasions-teile.ch\/fr\/wp-json\/wp\/v2\/media\/360044"}],"wp:attachment":[{"href":"https:\/\/occasions-teile.ch\/fr\/wp-json\/wp\/v2\/media?parent=360047"}],"wp:term":[{"taxonomy":"product_brand","embeddable":true,"href":"https:\/\/occasions-teile.ch\/fr\/wp-json\/wp\/v2\/product_brand?post=360047"},{"taxonomy":"product_cat","embeddable":true,"href":"https:\/\/occasions-teile.ch\/fr\/wp-json\/wp\/v2\/product_cat?post=360047"},{"taxonomy":"product_tag","embeddable":true,"href":"https:\/\/occasions-teile.ch\/fr\/wp-json\/wp\/v2\/product_tag?post=360047"}],"curies":[{"name":"wp","href":"https:\/\/api.w.org\/{rel}","templated":true}]}}